{"id":1576,"date":"2024-11-13T16:56:14","date_gmt":"2024-11-13T15:56:14","guid":{"rendered":"https:\/\/woka-store.pl\/?page_id=1576"},"modified":"2026-04-02T08:51:56","modified_gmt":"2026-04-02T07:51:56","slug":"czas-i-koszty-dostawy","status":"publish","type":"page","link":"https:\/\/woka-store.pl\/en\/czas-i-koszty-dostawy\/","title":{"rendered":"Delivery time and costs"},"content":{"rendered":"<div data-elementor-type=\"wp-page\" data-elementor-id=\"1576\" class=\"elementor elementor-1576\">\n\t\t\t\t<div class=\"elementor-element elementor-element-fbb2791 e-flex e-con-boxed e-con e-parent\" data-id=\"fbb2791\" data-element_type=\"container\" data-e-type=\"container\">\n\t\t\t\t\t<div class=\"e-con-inner\">\n\t\t\t\t<div class=\"elementor-element elementor-element-80590d4 elementor-widget elementor-widget-heading\" data-id=\"80590d4\" data-element_type=\"widget\" data-e-type=\"widget\" data-widget_type=\"heading.default\">\n\t\t\t\t<div class=\"elementor-widget-container\">\n\t\t\t\t\t<h2 class=\"elementor-heading-title elementor-size-default\">Delivery time and costs<\/h2>\t\t\t\t<\/div>\n\t\t\t\t<\/div>\n\t\t\t\t<div class=\"elementor-element elementor-element-88c0b5e elementor-widget-tablet__width-initial elementor-widget elementor-widget-text-editor\" data-id=\"88c0b5e\" data-element_type=\"widget\" data-e-type=\"widget\" data-widget_type=\"text-editor.default\">\n\t\t\t\t<div class=\"elementor-widget-container\">\n\t\t\t\t\t\t\t\t\t<ul><li>We usually ship jewelry within <em>1-2 business days <\/em>after receiving the payment<\/li><li>Orders <em>over 350 PLN<\/em> we ship within Poland via courier or to an InPost parcel locker <em>for free<\/em><\/li><li>InPost delivery cost: parcel locker \u2013 <em>15 z\u0142<\/em>, courier \u2013 <em>17 z\u0142<\/em><strong><br \/><\/strong>The declared delivery date for InPost parcels is <em>nast\u0119pny dzie\u0144 roboczy<\/em>, counting from the day of sending<\/li><li>International shipping is available only for a fee<\/li><li>International orders are delivered via Polish Post \u2013 <em>30 PLN<\/em> or DPD courier:<p>Lithuania, Austria, Belgium, Czech Republic, Denmark, Estonia, Luxembourg, Latvia, Netherlands, Germany, Slovakia, Hungary \u2013 <em>70 PLN<\/em><br \/>Bulgaria, Finland, France, Spain, Ireland, Portugal, Romania, Slovenia, Sweden, United Kingdom (UK) \u2013 <em>100 PLN<br \/><\/em>Italy \u2013 <em>110 PLN<\/em><br \/>Croatia \u2013 <em>120 PLN<\/em><br \/>Greece \u2013 <em>150 PLN<\/em><\/p><\/li><li>Delivery time: Polish Post \u2013 approximately <em>7\u201310 business days<\/em>, DPD courier \u2013 <em>2\u20136 business days<\/em> depending on the country<\/li><li>The exact delivery time of the DPD courier can be checked via the link by entering the place of dispatch Poland, postal code 03-813, and your details <a href=\"https:\/\/www.dpd.com\/pl\/en\/lead-time-calculator\/\">https:\/\/www.dpd.com\/pl\/en\/lead-time-calculator\/<\/a><\/li><\/ul>\t\t\t\t\t\t\t\t<\/div>\n\t\t\t\t<\/div>\n\t\t\t\t<div class=\"elementor-element elementor-element-564f098 elementor-widget elementor-widget-spacer\" data-id=\"564f098\" data-element_type=\"widget\" data-e-type=\"widget\" data-widget_type=\"spacer.default\">\n\t\t\t\t<div class=\"elementor-widget-container\">\n\t\t\t\t\t\t\t<div class=\"elementor-spacer\">\n\t\t\t<div class=\"elementor-spacer-inner\"><\/div>\n\t\t<\/div>\n\t\t\t\t\t\t<\/div>\n\t\t\t\t<\/div>\n\t\t\t\t\t<\/div>\n\t\t\t\t<\/div>\n\t\t\t\t<\/div>","protected":false},"excerpt":{"rendered":"<p>Czas i koszty dostawy Bi\u017cuteri\u0119 wysy\u0142amy zazwyczaj w ci\u0105gu 1-2 dni roboczych po otrzymaniu p\u0142atno\u015bci Zam\u00f3wienia powy\u017cej 350 z\u0142 wysy\u0142amy na terenie Polski kurierem lub do paczkomatu InPost za darmo [&hellip;]<\/p>\n","protected":false},"author":1,"featured_media":0,"parent":0,"menu_order":0,"comment_status":"closed","ping_status":"closed","template":"","meta":{"footnotes":""},"class_list":["post-1576","page","type-page","status-publish","hentry"],"jetpack_sharing_enabled":true,"_links":{"self":[{"href":"https:\/\/woka-store.pl\/en\/wp-json\/wp\/v2\/pages\/1576","targetHints":{"allow":["GET"]}}],"collection":[{"href":"https:\/\/woka-store.pl\/en\/wp-json\/wp\/v2\/pages"}],"about":[{"href":"https:\/\/woka-store.pl\/en\/wp-json\/wp\/v2\/types\/page"}],"author":[{"embeddable":true,"href":"https:\/\/woka-store.pl\/en\/wp-json\/wp\/v2\/users\/1"}],"replies":[{"embeddable":true,"href":"https:\/\/woka-store.pl\/en\/wp-json\/wp\/v2\/comments?post=1576"}],"version-history":[{"count":36,"href":"https:\/\/woka-store.pl\/en\/wp-json\/wp\/v2\/pages\/1576\/revisions"}],"predecessor-version":[{"id":9679,"href":"https:\/\/woka-store.pl\/en\/wp-json\/wp\/v2\/pages\/1576\/revisions\/9679"}],"wp:attachment":[{"href":"https:\/\/woka-store.pl\/en\/wp-json\/wp\/v2\/media?parent=1576"}],"curies":[{"name":"wp","href":"https:\/\/api.w.org\/{rel}","templated":true}]}}