{"id":1578,"date":"2024-11-13T16:57:05","date_gmt":"2024-11-13T15:57:05","guid":{"rendered":"https:\/\/woka-store.pl\/?page_id=1578"},"modified":"2026-04-03T09:10:59","modified_gmt":"2026-04-03T08:10:59","slug":"zwroty-i-reklamacje","status":"publish","type":"page","link":"https:\/\/woka-store.pl\/en\/zwroty-i-reklamacje\/","title":{"rendered":"Returns and complaints"},"content":{"rendered":"<div data-elementor-type=\"wp-page\" data-elementor-id=\"1578\" class=\"elementor elementor-1578\">\n\t\t\t\t<div class=\"elementor-element elementor-element-208adb7 e-flex e-con-boxed e-con e-parent\" data-id=\"208adb7\" data-element_type=\"container\" data-e-type=\"container\">\n\t\t\t\t\t<div class=\"e-con-inner\">\n\t\t\t\t<div class=\"elementor-element elementor-element-97caa17 elementor-widget elementor-widget-heading\" data-id=\"97caa17\" data-element_type=\"widget\" data-e-type=\"widget\" data-widget_type=\"heading.default\">\n\t\t\t\t<div class=\"elementor-widget-container\">\n\t\t\t\t\t<h2 class=\"elementor-heading-title elementor-size-default\">Returns and complaints<\/h2>\t\t\t\t<\/div>\n\t\t\t\t<\/div>\n\t\t\t\t<div class=\"elementor-element elementor-element-61d7ee3 elementor-widget elementor-widget-spacer\" data-id=\"61d7ee3\" data-element_type=\"widget\" data-e-type=\"widget\" data-widget_type=\"spacer.default\">\n\t\t\t\t<div class=\"elementor-widget-container\">\n\t\t\t\t\t\t\t<div class=\"elementor-spacer\">\n\t\t\t<div class=\"elementor-spacer-inner\"><\/div>\n\t\t<\/div>\n\t\t\t\t\t\t<\/div>\n\t\t\t\t<\/div>\n\t\t\t\t<div class=\"elementor-element elementor-element-404ae0f elementor-widget elementor-widget-heading\" data-id=\"404ae0f\" data-element_type=\"widget\" data-e-type=\"widget\" data-widget_type=\"heading.default\">\n\t\t\t\t<div class=\"elementor-widget-container\">\n\t\t\t\t\t<h6 class=\"elementor-heading-title elementor-size-default\">Returns<\/h6>\t\t\t\t<\/div>\n\t\t\t\t<\/div>\n\t\t\t\t<div class=\"elementor-element elementor-element-32b065e elementor-widget elementor-widget-text-editor\" data-id=\"32b065e\" data-element_type=\"widget\" data-e-type=\"widget\" data-widget_type=\"text-editor.default\">\n\t\t\t\t<div class=\"elementor-widget-container\">\n\t\t\t\t\t\t\t\t\t<ol><li>You can return or exchange within <em>14 dni kalendarzowych liczonych od dnia otrzymania przesy\u0142ki.<\/em><br \/>Returns made after this period will not be accepted<\/li><li>A return can be requested via:<br \/>\u2013 InPost terminals <a href=\"https:\/\/szybkiezwroty.pl\/pl\/WOKA-STORE\">szybkiezwroty.pl<\/a><br \/>\u2013 InPost Mobile App (Select the option NEW SHIPMENT \u2192 RETURN \u2192 SEARCH STORE \u2192 from the dropdown list choose the store WOKA-STORE.PL \u2192 after filling in all required information, generate the return using the RETURN SHIPMENT button)<\/li><li>Return shipping cost via InPost for the Customer: 12.99 PLN<\/li><li>Please carefully secure the jewelry being returned or exchanged to ensure it is not damaged during transport. <em>Remember that according to Article 34 of the Consumer Rights Act of May 30, 2014, you are responsible for any damage to the goods, and we may deduct the value of the damage from the money refunded to you<\/em><\/li><li>The product offered as a set must be returned in its entirety<\/li><li>The returned product should be undamaged and show no signs of wear.<br \/>If the returned product shows signs of use, the return will not be accepted<\/li><li>The return of jewelry is only possible if the product has <em>an intact security seal.<\/em><br \/>The removal, cutting, or damage of the seal indicates that the jewelry has been used, <em>which makes it ineligible for return or exchange.<\/em><br \/>Please carefully inspect the product before removing the seal<\/li><li>The product must be packed in the original box, along with all leaflets, packaging, instructions, and any free products provided with the order<\/li><li>It is possible to exchange the product for another one<\/li><li>The refund amount will be transferred via bank transfer to the account from which the payment was made.<br \/>We will process the refund for the product within <em style=\"letter-spacing: 0.3px;\">14 days from the day we receive the package<\/em><\/li><li>If the customer does not collect the parcel from the parcel locker or courier, and the parcel is returned to the sender, and the customer confirms it should be treated as a return \u2014 the cost of returning the parcel to the seller will be deducted from the refund amount.<br data-start=\"333\" data-end=\"336\" \/>Return shipping cost via InPost for the Customer: 12.99 PLN<\/li><\/ol>\t\t\t\t\t\t\t\t<\/div>\n\t\t\t\t<\/div>\n\t\t\t\t<div class=\"elementor-element elementor-element-8cb1c18 elementor-widget elementor-widget-heading\" data-id=\"8cb1c18\" data-element_type=\"widget\" data-e-type=\"widget\" data-widget_type=\"heading.default\">\n\t\t\t\t<div class=\"elementor-widget-container\">\n\t\t\t\t\t<h6 class=\"elementor-heading-title elementor-size-default\">complaints<\/h6>\t\t\t\t<\/div>\n\t\t\t\t<\/div>\n\t\t\t\t<div class=\"elementor-element elementor-element-4aa33a8 elementor-widget elementor-widget-text-editor\" data-id=\"4aa33a8\" data-element_type=\"widget\" data-e-type=\"widget\" data-widget_type=\"text-editor.default\">\n\t\t\t\t<div class=\"elementor-widget-container\">\n\t\t\t\t\t\t\t\t\t<ul><li>Complaints are valid for defects of a production nature, including design and technical defects (e.g., clasps)<\/li><li>The warranty does not cover defects caused by everyday use (e.g., scratches), improper use (e.g., stains from water or chemicals), insufficient care, or damage caused by the owner or third parties (dents, mechanical damage), including damage to decorative elements<\/li><li><p style=\"margin-bottom: 0cm; text-align: justify; line-height: normal;\"><span lang=\"PL\">Under the complaint, you can:\u00a0<\/span><\/p><\/li><\/ul><ol><li>Request an exchange of the product for a new one or its repair<\/li><li>Submit a statement regarding a reduction in the price of the product or withdraw from the sales contract (i.e., return the product) \u2013 provided that one of the cases specified in Article 43e of the Consumer Rights Act of May 30, 2014 applies (e.g., failure to repair or replace the product despite a complaint)<\/li><\/ol><ul><li><p style=\"margin-bottom: 0cm; text-align: justify; line-height: normal;\"><span lang=\"PL\">Send the complaint containing one of the above requests to us via email <\/span>wokajewellery@gmail.com<\/p><\/li><li><p style=\"margin-bottom: 0cm; text-align: justify; line-height: normal;\"><span style=\"color: var( --e-global-color-text ); font-family: var( --e-global-typography-primary-font-family ), Sans-serif; font-size: var(--bt-font-size-body, 16px); font-weight: var( --e-global-typography-primary-font-weight ); letter-spacing: 0.3px;\">In addition to the complaint request, include the following elements in the email:<\/span><\/p><\/li><\/ul><ol><li>Your full name<\/li><li>Order number<\/li><li>Description of the noticed discrepancy (damage, missing parts) of the product<\/li><li>Attach photos to the email showing the product discrepancy<\/li><\/ol><ul><li>We will respond to your complaint within 7 days of receiving it via email. If the complaint is incomplete, we may ask you to provide the missing information<\/li><li><span style=\"color: var( --e-global-color-text ); font-family: var( --e-global-typography-primary-font-family ), Sans-serif; font-weight: var( --e-global-typography-primary-font-weight ); font-size: var(--bt-font-size-body, 16px); letter-spacing: 0.3px;\"><span style=\"color: var( --e-global-color-text ); font-family: var( --e-global-typography-primary-font-family ), Sans-serif; font-weight: var( --e-global-typography-primary-font-weight ); font-size: var(--bt-font-size-body, 16px); letter-spacing: 0.3px;\">If the complaint requested<span style=\"letter-spacing: 0.3px;\">-<\/span> a replacement of the product with a new one or its repair, we will collect the returned product from you at a mutually agreed time, unless you agree to send it yourself (at our expense). Then, we will deliver a new or repaired product to you<\/span><\/span><\/li><li>If, under the complaint,<span style=\"letter-spacing: 0.3px;\">-<\/span> you decide to withdraw from the sales agreement (i.e., return the product), after receiving our response approving the complaint, you should send the product back<\/li><li><span style=\"color: var( --e-global-color-text ); font-family: var( --e-global-typography-primary-font-family ), Sans-serif; font-weight: var( --e-global-typography-primary-font-weight ); font-size: var(--bt-font-size-body, 16px); letter-spacing: 0.3px;\">For a return or repair of the product, we will send a code allowing you to drop off the package at an InPost Parcel Locker.<br \/><\/span><span style=\"color: var( --e-global-color-text ); font-family: var( --e-global-typography-primary-font-family ), Sans-serif; font-weight: var( --e-global-typography-primary-font-weight ); font-size: var(--bt-font-size-body, 16px); letter-spacing: 0.3px;\">Please carefully secure the jewelry being returned or exchanged to ensure it is not damaged during transport<\/span><\/li><li>If, on the other hand, you have requested a price reduction for the product, we will refund you the difference between the original price and the reduced price within 14 calendar days from the date of receiving the complaint<\/li><\/ul><h6>For additional questions, please contact us at: <span style=\"text-decoration: underline;\"><a style=\"font-family: var( --e-global-typography-primary-font-family ), Sans-serif; font-size: var(--bt-font-size-h6, 16px); font-weight: var( --e-global-typography-primary-font-weight ); letter-spacing: 0.3px; text-transform: uppercase; text-align: var(--text-align); background-color: #ffffff;\" href=\"https:\/\/mail.google.com\">wokajewellery@gmail.com<\/a><\/span><\/h6>\t\t\t\t\t\t\t\t<\/div>\n\t\t\t\t<\/div>\n\t\t\t\t<div class=\"elementor-element elementor-element-3b08ae6 elementor-widget elementor-widget-spacer\" data-id=\"3b08ae6\" data-element_type=\"widget\" data-e-type=\"widget\" data-widget_type=\"spacer.default\">\n\t\t\t\t<div class=\"elementor-widget-container\">\n\t\t\t\t\t\t\t<div class=\"elementor-spacer\">\n\t\t\t<div class=\"elementor-spacer-inner\"><\/div>\n\t\t<\/div>\n\t\t\t\t\t\t<\/div>\n\t\t\t\t<\/div>\n\t\t\t\t\t<\/div>\n\t\t\t\t<\/div>\n\t\t\t\t<\/div>","protected":false},"excerpt":{"rendered":"<p>Zwroty i reklamacje Zwroty Zwrotu lub wymiany mo\u017cesz dokona\u0107 w przeci\u0105gu 14 dni kalendarzowych liczonych od dnia otrzymania przesy\u0142ki.Zwroty dokonane po up\u0142ywie tego terminu nie b\u0119d\u0105 uwzgl\u0119dniane Zg\u0142oszenie zwrotu mo\u017cliwe [&hellip;]<\/p>\n","protected":false},"author":1,"featured_media":0,"parent":0,"menu_order":0,"comment_status":"closed","ping_status":"closed","template":"","meta":{"footnotes":""},"class_list":["post-1578","page","type-page","status-publish","hentry"],"jetpack_sharing_enabled":true,"_links":{"self":[{"href":"https:\/\/woka-store.pl\/en\/wp-json\/wp\/v2\/pages\/1578","targetHints":{"allow":["GET"]}}],"collection":[{"href":"https:\/\/woka-store.pl\/en\/wp-json\/wp\/v2\/pages"}],"about":[{"href":"https:\/\/woka-store.pl\/en\/wp-json\/wp\/v2\/types\/page"}],"author":[{"embeddable":true,"href":"https:\/\/woka-store.pl\/en\/wp-json\/wp\/v2\/users\/1"}],"replies":[{"embeddable":true,"href":"https:\/\/woka-store.pl\/en\/wp-json\/wp\/v2\/comments?post=1578"}],"version-history":[{"count":39,"href":"https:\/\/woka-store.pl\/en\/wp-json\/wp\/v2\/pages\/1578\/revisions"}],"predecessor-version":[{"id":9706,"href":"https:\/\/woka-store.pl\/en\/wp-json\/wp\/v2\/pages\/1578\/revisions\/9706"}],"wp:attachment":[{"href":"https:\/\/woka-store.pl\/en\/wp-json\/wp\/v2\/media?parent=1578"}],"curies":[{"name":"wp","href":"https:\/\/api.w.org\/{rel}","templated":true}]}}