{"id":1580,"date":"2024-11-13T16:57:20","date_gmt":"2024-11-13T15:57:20","guid":{"rendered":"https:\/\/woka-store.pl\/?page_id=1580"},"modified":"2025-02-24T12:58:52","modified_gmt":"2025-02-24T11:58:52","slug":"o-nas","status":"publish","type":"page","link":"https:\/\/woka-store.pl\/en\/o-nas\/","title":{"rendered":"About Us"},"content":{"rendered":"<div data-elementor-type=\"wp-page\" data-elementor-id=\"1580\" class=\"elementor elementor-1580\">\n\t\t\t\t<div class=\"elementor-element elementor-element-f04a1ca e-flex e-con-boxed e-con e-parent\" data-id=\"f04a1ca\" data-element_type=\"container\" data-e-type=\"container\">\n\t\t\t\t\t<div class=\"e-con-inner\">\n\t\t\t\t<div class=\"elementor-element elementor-element-5647568 elementor-widget elementor-widget-heading\" data-id=\"5647568\" data-element_type=\"widget\" data-e-type=\"widget\" data-widget_type=\"heading.default\">\n\t\t\t\t<div class=\"elementor-widget-container\">\n\t\t\t\t\t<h2 class=\"elementor-heading-title elementor-size-default\">ABOUT US<\/h2>\t\t\t\t<\/div>\n\t\t\t\t<\/div>\n\t\t\t\t<div class=\"elementor-element elementor-element-8fd1768 elementor-widget elementor-widget-image\" data-id=\"8fd1768\" data-element_type=\"widget\" data-e-type=\"widget\" data-widget_type=\"image.default\">\n\t\t\t\t<div class=\"elementor-widget-container\">\n\t\t\t\t\t\t\t\t\t\t\t\t\t\t\t<img fetchpriority=\"high\" decoding=\"async\" width=\"768\" height=\"1152\" src=\"https:\/\/woka-store.pl\/wp-content\/uploads\/2024\/11\/LM6A1227-768x1152.jpg\" class=\"attachment-medium_large size-medium_large wp-image-1621\" alt=\"\" srcset=\"https:\/\/woka-store.pl\/wp-content\/uploads\/2024\/11\/LM6A1227-768x1152.jpg 768w, https:\/\/woka-store.pl\/wp-content\/uploads\/2024\/11\/LM6A1227-scaled-800x1200.jpg 800w, https:\/\/woka-store.pl\/wp-content\/uploads\/2024\/11\/LM6A1227-200x300.jpg 200w, https:\/\/woka-store.pl\/wp-content\/uploads\/2024\/11\/LM6A1227-683x1024.jpg 683w, https:\/\/woka-store.pl\/wp-content\/uploads\/2024\/11\/LM6A1227-1024x1536.jpg 1024w, https:\/\/woka-store.pl\/wp-content\/uploads\/2024\/11\/LM6A1227-1365x2048.jpg 1365w, https:\/\/woka-store.pl\/wp-content\/uploads\/2024\/11\/LM6A1227-1140x1710.jpg 1140w, https:\/\/woka-store.pl\/wp-content\/uploads\/2024\/11\/LM6A1227-scaled.jpg 1707w\" sizes=\"(max-width: 768px) 100vw, 768px\" \/>\t\t\t\t\t\t\t\t\t\t\t\t\t\t\t<\/div>\n\t\t\t\t<\/div>\n\t\t\t\t<div class=\"elementor-element elementor-element-20b7113 elementor-widget elementor-widget-spacer\" data-id=\"20b7113\" data-element_type=\"widget\" data-e-type=\"widget\" data-widget_type=\"spacer.default\">\n\t\t\t\t<div class=\"elementor-widget-container\">\n\t\t\t\t\t\t\t<div class=\"elementor-spacer\">\n\t\t\t<div class=\"elementor-spacer-inner\"><\/div>\n\t\t<\/div>\n\t\t\t\t\t\t<\/div>\n\t\t\t\t<\/div>\n\t\t\t\t\t<\/div>\n\t\t\t\t<\/div>\n\t\t<div class=\"elementor-element elementor-element-06fa434 e-con-full e-flex e-con e-parent\" data-id=\"06fa434\" data-element_type=\"container\" data-e-type=\"container\">\n\t\t\t\t<div class=\"elementor-element elementor-element-98c81ce elementor-widget__width-initial elementor-widget-mobile__width-initial elementor-widget elementor-widget-text-editor\" data-id=\"98c81ce\" data-element_type=\"widget\" data-e-type=\"widget\" data-widget_type=\"text-editor.default\">\n\t\t\t\t<div class=\"elementor-widget-container\">\n\t\t\t\t\t\t\t\t\t<p>Hello! My name is Sofia, and I am the founder of the WOKA brand.<\/p>\n<p>I put my soul into every project and choose only the best materials so that you can enjoy exclusive jewelry that highlights your individuality and style.&nbsp;<span style=\"color: var( --e-global-color-text ); font-family: var( --e-global-typography-primary-font-family ), Sans-serif; font-weight: var( --e-global-typography-primary-font-weight ); font-size: var(--bt-font-size-body, 16px); letter-spacing: 0.3px;\">My goal is for you to radiate happiness&nbsp;<\/span><span style=\"color: var( --e-global-color-text ); font-family: var( --e-global-typography-primary-font-family ), Sans-serif; font-weight: var( --e-global-typography-primary-font-weight ); font-size: var(--bt-font-size-body, 16px); letter-spacing: 0.3px;\">and always feel wonderful in my adornments.<\/span><\/p>\n<p>Thank you for your trust and the opportunity to gift you a little bit of light, charm, and love!<\/p>\n<p><em>Best regards, Sofia<\/em><\/p>\t\t\t\t\t\t\t\t<\/div>\n\t\t\t\t<\/div>\n\t\t\t\t<div class=\"elementor-element elementor-element-06d4c84 elementor-widget elementor-widget-spacer\" data-id=\"06d4c84\" data-element_type=\"widget\" data-e-type=\"widget\" data-widget_type=\"spacer.default\">\n\t\t\t\t<div class=\"elementor-widget-container\">\n\t\t\t\t\t\t\t<div class=\"elementor-spacer\">\n\t\t\t<div class=\"elementor-spacer-inner\"><\/div>\n\t\t<\/div>\n\t\t\t\t\t\t<\/div>\n\t\t\t\t<\/div>\n\t\t\t\t<\/div>\n\t\t\t\t<\/div>","protected":false},"excerpt":{"rendered":"<p>O NAS Cze\u015b\u0107! Mam na imi\u0119 Zofia i jestem za\u0142o\u017cycielk\u0105 marki WOKA. Wk\u0142adam dusz\u0119 w ka\u017cdy projekt i wybieram tylko najlepsze materia\u0142y, aby\u015bcie mogli cieszy\u0107 si\u0119 ekskluzywn\u0105 bi\u017cuteri\u0105, kt\u00f3ra podkre\u015bla [&hellip;]<\/p>\n","protected":false},"author":1,"featured_media":0,"parent":0,"menu_order":0,"comment_status":"closed","ping_status":"closed","template":"","meta":{"footnotes":""},"class_list":["post-1580","page","type-page","status-publish","hentry"],"jetpack_sharing_enabled":true,"_links":{"self":[{"href":"https:\/\/woka-store.pl\/en\/wp-json\/wp\/v2\/pages\/1580","targetHints":{"allow":["GET"]}}],"collection":[{"href":"https:\/\/woka-store.pl\/en\/wp-json\/wp\/v2\/pages"}],"about":[{"href":"https:\/\/woka-store.pl\/en\/wp-json\/wp\/v2\/types\/page"}],"author":[{"embeddable":true,"href":"https:\/\/woka-store.pl\/en\/wp-json\/wp\/v2\/users\/1"}],"replies":[{"embeddable":true,"href":"https:\/\/woka-store.pl\/en\/wp-json\/wp\/v2\/comments?post=1580"}],"version-history":[{"count":0,"href":"https:\/\/woka-store.pl\/en\/wp-json\/wp\/v2\/pages\/1580\/revisions"}],"wp:attachment":[{"href":"https:\/\/woka-store.pl\/en\/wp-json\/wp\/v2\/media?parent=1580"}],"curies":[{"name":"wp","href":"https:\/\/api.w.org\/{rel}","templated":true}]}}