{"id":1582,"date":"2024-11-13T16:57:36","date_gmt":"2024-11-13T15:57:36","guid":{"rendered":"https:\/\/woka-store.pl\/?page_id=1582"},"modified":"2025-03-14T13:56:55","modified_gmt":"2025-03-14T12:56:55","slug":"kontakt","status":"publish","type":"page","link":"https:\/\/woka-store.pl\/en\/kontakt\/","title":{"rendered":"Contact"},"content":{"rendered":"<div data-elementor-type=\"wp-page\" data-elementor-id=\"1582\" class=\"elementor elementor-1582\">\n\t\t\t\t<div class=\"elementor-element elementor-element-407640b0 e-flex e-con-boxed e-con e-parent\" data-id=\"407640b0\" data-element_type=\"container\" data-e-type=\"container\">\n\t\t\t\t\t<div class=\"e-con-inner\">\n\t\t\t\t<div class=\"elementor-element elementor-element-1bec9b5 elementor-widget__width-inherit elementor-widget elementor-widget-heading\" data-id=\"1bec9b5\" data-element_type=\"widget\" data-e-type=\"widget\" data-widget_type=\"heading.default\">\n\t\t\t\t<div class=\"elementor-widget-container\">\n\t\t\t\t\t<h2 class=\"elementor-heading-title elementor-size-default\">Contact<\/h2>\t\t\t\t<\/div>\n\t\t\t\t<\/div>\n\t\t\t\t<div class=\"elementor-element elementor-element-686646d9 elementor-widget elementor-widget-text-editor\" data-id=\"686646d9\" data-element_type=\"widget\" data-e-type=\"widget\" data-widget_type=\"text-editor.default\">\n\t\t\t\t<div class=\"elementor-widget-container\">\n\t\t\t\t\t\t\t\t\t<p>Need help with shopping, advice or information?<br \/><br \/><\/p>\n<p>Write a message to: <span style=\"text-decoration: underline;\"><a style=\"font-family: var( --e-global-typography-primary-font-family ), Sans-serif; font-size: var(--bt-font-size-h6, 16px); font-weight: var( --e-global-typography-primary-font-weight ); letter-spacing: 0.3px; text-transform: uppercase; text-align: var(--text-align); background-color: #ffffff;\" href=\"https:\/\/mail.google.com\">wokajewellery@gmail.com<\/a><\/span><\/p>\n<p>or in a message on Instagram: <span style=\"text-decoration: underline;\"><a style=\"font-family: var( --e-global-typography-primary-font-family ), Sans-serif; font-size: var(--bt-font-size-h6, 16px); font-weight: var( --e-global-typography-primary-font-weight ); letter-spacing: 0.3px; text-transform: uppercase; text-align: var(--text-align); background-color: #ffffff;\" href=\"https:\/\/www.instagram.com\/woka_jewellery\">woka_jewellery<\/a><\/span><\/p>\n<p><!-- \/wp:paragraph --><\/p>\n<p><!-- wp:paragraph --><\/p>\n<p><!-- \/wp:paragraph --><\/p>\n<p><!-- wp:paragraph --><\/p>\n<p><!-- \/wp:paragraph --><\/p>\t\t\t\t\t\t\t\t<\/div>\n\t\t\t\t<\/div>\n\t\t\t\t<div class=\"elementor-element elementor-element-0e5d8de elementor-widget elementor-widget-spacer\" data-id=\"0e5d8de\" data-element_type=\"widget\" data-e-type=\"widget\" data-widget_type=\"spacer.default\">\n\t\t\t\t<div class=\"elementor-widget-container\">\n\t\t\t\t\t\t\t<div class=\"elementor-spacer\">\n\t\t\t<div class=\"elementor-spacer-inner\"><\/div>\n\t\t<\/div>\n\t\t\t\t\t\t<\/div>\n\t\t\t\t<\/div>\n\t\t\t\t\t<\/div>\n\t\t\t\t<\/div>\n\t\t\t\t<\/div>","protected":false},"excerpt":{"rendered":"<p>Kontakt Potrzebujesz pomocy w zakupach, porady lub informacji? Napisz wiadomo\u015b\u0107 na adres: wokajewellery@gmail.com lub w wiadomo\u015bci na Instagramie: woka_jewellery<\/p>","protected":false},"author":1,"featured_media":0,"parent":0,"menu_order":0,"comment_status":"closed","ping_status":"closed","template":"","meta":{"footnotes":""},"class_list":["post-1582","page","type-page","status-publish","hentry"],"jetpack_sharing_enabled":true,"_links":{"self":[{"href":"https:\/\/woka-store.pl\/en\/wp-json\/wp\/v2\/pages\/1582","targetHints":{"allow":["GET"]}}],"collection":[{"href":"https:\/\/woka-store.pl\/en\/wp-json\/wp\/v2\/pages"}],"about":[{"href":"https:\/\/woka-store.pl\/en\/wp-json\/wp\/v2\/types\/page"}],"author":[{"embeddable":true,"href":"https:\/\/woka-store.pl\/en\/wp-json\/wp\/v2\/users\/1"}],"replies":[{"embeddable":true,"href":"https:\/\/woka-store.pl\/en\/wp-json\/wp\/v2\/comments?post=1582"}],"version-history":[{"count":4,"href":"https:\/\/woka-store.pl\/en\/wp-json\/wp\/v2\/pages\/1582\/revisions"}],"predecessor-version":[{"id":6420,"href":"https:\/\/woka-store.pl\/en\/wp-json\/wp\/v2\/pages\/1582\/revisions\/6420"}],"wp:attachment":[{"href":"https:\/\/woka-store.pl\/en\/wp-json\/wp\/v2\/media?parent=1582"}],"curies":[{"name":"wp","href":"https:\/\/api.w.org\/{rel}","templated":true}]}}