{"id":1587,"date":"2024-11-13T17:10:22","date_gmt":"2024-11-13T16:10:22","guid":{"rendered":"https:\/\/woka-store.pl\/?page_id=1587"},"modified":"2025-02-24T12:55:15","modified_gmt":"2025-02-24T11:55:15","slug":"pielegnacja-bizuterii","status":"publish","type":"page","link":"https:\/\/woka-store.pl\/en\/pielegnacja-bizuterii\/","title":{"rendered":"Jewellery care"},"content":{"rendered":"<div data-elementor-type=\"wp-page\" data-elementor-id=\"1587\" class=\"elementor elementor-1587\">\n\t\t\t\t<div class=\"elementor-element elementor-element-00c7c30 e-flex e-con-boxed e-con e-parent\" data-id=\"00c7c30\" data-element_type=\"container\" data-e-type=\"container\">\n\t\t\t\t\t<div class=\"e-con-inner\">\n\t\t\t\t<div class=\"elementor-element elementor-element-4120efa elementor-widget elementor-widget-heading\" data-id=\"4120efa\" data-element_type=\"widget\" data-e-type=\"widget\" data-widget_type=\"heading.default\">\n\t\t\t\t<div class=\"elementor-widget-container\">\n\t\t\t\t\t<h2 class=\"elementor-heading-title elementor-size-default\">Jewellery care<\/h2>\t\t\t\t<\/div>\n\t\t\t\t<\/div>\n\t\t\t\t\t<\/div>\n\t\t\t\t<\/div>\n\t\t<div class=\"elementor-element elementor-element-b4ade9a e-flex e-con-boxed e-con e-parent\" data-id=\"b4ade9a\" data-element_type=\"container\" data-e-type=\"container\">\n\t\t\t\t\t<div class=\"e-con-inner\">\n\t\t\t\t<div class=\"elementor-element elementor-element-86cb4f1 elementor-widget elementor-widget-image\" data-id=\"86cb4f1\" data-element_type=\"widget\" data-e-type=\"widget\" data-widget_type=\"image.default\">\n\t\t\t\t<div class=\"elementor-widget-container\">\n\t\t\t\t\t\t\t\t\t\t\t\t\t\t\t<img fetchpriority=\"high\" decoding=\"async\" width=\"575\" height=\"656\" src=\"https:\/\/woka-store.pl\/wp-content\/uploads\/2024\/11\/IMG_9285-1-575x656.jpg\" class=\"attachment-botiga-big size-botiga-big wp-image-1802\" alt=\"\" srcset=\"https:\/\/woka-store.pl\/wp-content\/uploads\/2024\/11\/IMG_9285-1-575x656.jpg 575w, https:\/\/woka-store.pl\/wp-content\/uploads\/2024\/11\/IMG_9285-1-800x913.jpg 800w, https:\/\/woka-store.pl\/wp-content\/uploads\/2024\/11\/IMG_9285-1-263x300.jpg 263w, https:\/\/woka-store.pl\/wp-content\/uploads\/2024\/11\/IMG_9285-1-897x1024.jpg 897w, https:\/\/woka-store.pl\/wp-content\/uploads\/2024\/11\/IMG_9285-1-768x876.jpg 768w, https:\/\/woka-store.pl\/wp-content\/uploads\/2024\/11\/IMG_9285-1-920x1050.jpg 920w, https:\/\/woka-store.pl\/wp-content\/uploads\/2024\/11\/IMG_9285-1-380x434.jpg 380w, https:\/\/woka-store.pl\/wp-content\/uploads\/2024\/11\/IMG_9285-1-80x91.jpg 80w, https:\/\/woka-store.pl\/wp-content\/uploads\/2024\/11\/IMG_9285-1.jpg 1141w\" sizes=\"(max-width: 575px) 100vw, 575px\" \/>\t\t\t\t\t\t\t\t\t\t\t\t\t\t\t<\/div>\n\t\t\t\t<\/div>\n\t\t\t\t\t<\/div>\n\t\t\t\t<\/div>\n\t\t<div class=\"elementor-element elementor-element-fce3cc5 e-flex e-con-boxed e-con e-parent\" data-id=\"fce3cc5\" data-element_type=\"container\" data-e-type=\"container\">\n\t\t\t\t\t<div class=\"e-con-inner\">\n\t\t\t\t<div class=\"elementor-element elementor-element-1bd8a27 elementor-widget elementor-widget-spacer\" data-id=\"1bd8a27\" data-element_type=\"widget\" data-e-type=\"widget\" data-widget_type=\"spacer.default\">\n\t\t\t\t<div class=\"elementor-widget-container\">\n\t\t\t\t\t\t\t<div class=\"elementor-spacer\">\n\t\t\t<div class=\"elementor-spacer-inner\"><\/div>\n\t\t<\/div>\n\t\t\t\t\t\t<\/div>\n\t\t\t\t<\/div>\n\t\t\t\t<div class=\"elementor-element elementor-element-87bbb42 elementor-widget elementor-widget-heading\" data-id=\"87bbb42\" data-element_type=\"widget\" data-e-type=\"widget\" data-widget_type=\"heading.default\">\n\t\t\t\t<div class=\"elementor-widget-container\">\n\t\t\t\t\t<h5 class=\"elementor-heading-title elementor-size-default\">STAINLESS STEEL<\/h5>\t\t\t\t<\/div>\n\t\t\t\t<\/div>\n\t\t\t\t<div class=\"elementor-element elementor-element-da37849 elementor-widget elementor-widget-text-editor\" data-id=\"da37849\" data-element_type=\"widget\" data-e-type=\"widget\" data-widget_type=\"text-editor.default\">\n\t\t\t\t<div class=\"elementor-widget-container\">\n\t\t\t\t\t\t\t\t\t<p>Chemical cleaning products and perfumes negatively affect the condition of jewelry.<span style=\"color: var( --e-global-color-text ); font-family: var( --e-global-typography-text-font-family ), Sans-serif; text-align: var(--text-align); font-size: var(--bt-font-size-body, 16px); letter-spacing: 0.3px;\">Perfumes contain alcohol, which negatively affects the durability of surgical steel.\u00a0<\/span><span style=\"color: var( --e-global-color-text ); font-family: var( --e-global-typography-text-font-family ), Sans-serif; text-align: var(--text-align); font-size: var(--bt-font-size-body, 16px); letter-spacing: 0.3px;\">When applying perfume, it's better to avoid areas where the jewelry is or put it on only after the perfume has absorbed.<\/span><\/p>\t\t\t\t\t\t\t\t<\/div>\n\t\t\t\t<\/div>\n\t\t\t\t<div class=\"elementor-element elementor-element-98975d7 elementor-widget elementor-widget-spacer\" data-id=\"98975d7\" data-element_type=\"widget\" data-e-type=\"widget\" data-widget_type=\"spacer.default\">\n\t\t\t\t<div class=\"elementor-widget-container\">\n\t\t\t\t\t\t\t<div class=\"elementor-spacer\">\n\t\t\t<div class=\"elementor-spacer-inner\"><\/div>\n\t\t<\/div>\n\t\t\t\t\t\t<\/div>\n\t\t\t\t<\/div>\n\t\t\t\t<div class=\"elementor-element elementor-element-af29d83 elementor-widget elementor-widget-heading\" data-id=\"af29d83\" data-element_type=\"widget\" data-e-type=\"widget\" data-widget_type=\"heading.default\">\n\t\t\t\t<div class=\"elementor-widget-container\">\n\t\t\t\t\t<h5 class=\"elementor-heading-title elementor-size-default\">HEMATITE<\/h5>\t\t\t\t<\/div>\n\t\t\t\t<\/div>\n\t\t\t\t<div class=\"elementor-element elementor-element-62095dc elementor-widget elementor-widget-text-editor\" data-id=\"62095dc\" data-element_type=\"widget\" data-e-type=\"widget\" data-widget_type=\"text-editor.default\">\n\t\t\t\t<div class=\"elementor-widget-container\">\n\t\t\t\t\t\t\t\t\t<p><span style=\"color: var( --e-global-color-text ); font-family: var( --e-global-typography-primary-font-family ), Sans-serif; font-size: var(--bt-font-size-body, 16px); font-weight: var( --e-global-typography-primary-font-weight ); letter-spacing: 0.3px; text-align: var(--text-align);\">Hematite is best cleaned dry. Simply use a soft cloth and gently wipe the soiled area.<br \/><\/span><span style=\"color: var( --e-global-color-text ); font-family: var( --e-global-typography-primary-font-family ), Sans-serif; font-weight: var( --e-global-typography-primary-font-weight ); text-align: var(--text-align); font-size: var(--bt-font-size-body, 16px); letter-spacing: 0.3px;\">As a last resort, you can use a brush, but it must have soft bristles.<br \/><\/span><span style=\"color: var( --e-global-color-text ); font-family: var( --e-global-typography-primary-font-family ), Sans-serif; font-weight: var( --e-global-typography-primary-font-weight ); text-align: var(--text-align); font-size: var(--bt-font-size-body, 16px); letter-spacing: 0.3px;\">For stubborn dirt, it\u2019s worth using water with a gentle liquid or soap, but after cleaning, make sure to dry the stone thoroughly.<\/span><\/p>\t\t\t\t\t\t\t\t<\/div>\n\t\t\t\t<\/div>\n\t\t\t\t<div class=\"elementor-element elementor-element-5069af0 elementor-widget elementor-widget-spacer\" data-id=\"5069af0\" data-element_type=\"widget\" data-e-type=\"widget\" data-widget_type=\"spacer.default\">\n\t\t\t\t<div class=\"elementor-widget-container\">\n\t\t\t\t\t\t\t<div class=\"elementor-spacer\">\n\t\t\t<div class=\"elementor-spacer-inner\"><\/div>\n\t\t<\/div>\n\t\t\t\t\t\t<\/div>\n\t\t\t\t<\/div>\n\t\t\t\t<div class=\"elementor-element elementor-element-5b2beb0 elementor-widget elementor-widget-heading\" data-id=\"5b2beb0\" data-element_type=\"widget\" data-e-type=\"widget\" data-widget_type=\"heading.default\">\n\t\t\t\t<div class=\"elementor-widget-container\">\n\t\t\t\t\t<h5 class=\"elementor-heading-title elementor-size-default\">NATURAL STONES<\/h5>\t\t\t\t<\/div>\n\t\t\t\t<\/div>\n\t\t\t\t<div class=\"elementor-element elementor-element-f44458c elementor-widget elementor-widget-text-editor\" data-id=\"f44458c\" data-element_type=\"widget\" data-e-type=\"widget\" data-widget_type=\"text-editor.default\">\n\t\t\t\t<div class=\"elementor-widget-container\">\n\t\t\t\t\t\t\t\t\t<p>The ideal place to store jewelry with natural stones is a dry and cool jewelry box or container, where the jewelry will not be exposed to direct sunlight.<br \/><span style=\"color: var( --e-global-color-text ); font-family: var( --e-global-typography-primary-font-family ), Sans-serif; font-size: var(--bt-font-size-body, 16px); font-weight: var( --e-global-typography-primary-font-weight ); letter-spacing: 0.3px; text-align: var(--text-align);\">The conditions in the room where the jewelry is stored affect its durability.<br \/><\/span><span style=\"color: var( --e-global-color-text ); font-family: var( --e-global-typography-primary-font-family ), Sans-serif; font-weight: var( --e-global-typography-primary-font-weight ); text-align: var(--text-align); font-size: var(--bt-font-size-body, 16px); letter-spacing: 0.3px;\">High temperature and humidity can negatively affect natural stones and, over time, damage the jewelry.<br \/><\/span><span style=\"color: var( --e-global-color-text ); font-family: var( --e-global-typography-primary-font-family ), Sans-serif; font-weight: var( --e-global-typography-primary-font-weight ); text-align: var(--text-align); font-size: var(--bt-font-size-body, 16px); letter-spacing: 0.3px;\">It is also important to remember that some natural stones, such as pearls, are very sensitive to acids and impurities.<\/span><\/p>\t\t\t\t\t\t\t\t<\/div>\n\t\t\t\t<\/div>\n\t\t\t\t<div class=\"elementor-element elementor-element-7b00c56 elementor-widget elementor-widget-spacer\" data-id=\"7b00c56\" data-element_type=\"widget\" data-e-type=\"widget\" data-widget_type=\"spacer.default\">\n\t\t\t\t<div class=\"elementor-widget-container\">\n\t\t\t\t\t\t\t<div class=\"elementor-spacer\">\n\t\t\t<div class=\"elementor-spacer-inner\"><\/div>\n\t\t<\/div>\n\t\t\t\t\t\t<\/div>\n\t\t\t\t<\/div>\n\t\t\t\t<div class=\"elementor-element elementor-element-d8f6179 elementor-widget elementor-widget-text-editor\" data-id=\"d8f6179\" data-element_type=\"widget\" data-e-type=\"widget\" data-widget_type=\"text-editor.default\">\n\t\t\t\t<div class=\"elementor-widget-container\">\n\t\t\t\t\t\t\t\t\t<h6>We always include a special cloth for jewelry care to make cleaning easier.<\/h6>\t\t\t\t\t\t\t\t<\/div>\n\t\t\t\t<\/div>\n\t\t\t\t<div class=\"elementor-element elementor-element-3b9fde0 elementor-widget elementor-widget-spacer\" data-id=\"3b9fde0\" data-element_type=\"widget\" data-e-type=\"widget\" data-widget_type=\"spacer.default\">\n\t\t\t\t<div class=\"elementor-widget-container\">\n\t\t\t\t\t\t\t<div class=\"elementor-spacer\">\n\t\t\t<div class=\"elementor-spacer-inner\"><\/div>\n\t\t<\/div>\n\t\t\t\t\t\t<\/div>\n\t\t\t\t<\/div>\n\t\t\t\t\t<\/div>\n\t\t\t\t<\/div>\n\t\t\t\t<\/div>","protected":false},"excerpt":{"rendered":"<p>Piel\u0119gnacja bi\u017cuterii STAL CHIRURGICZNA Na stan bi\u017cuterii negatywnie oddzia\u0142uj\u0105 chemiczne \u015brodki czysto\u015bci oraz perfumy.Perfumy posiadaj\u0105 w swoim sk\u0142adzie alkohol, kt\u00f3ry niekorzystnie wp\u0142ywa \u2028na trwa\u0142o\u015b\u0107 stali chirurgicznej.\u00a0Podczas perfumowania lepiej unika\u0107 okolic, [&hellip;]<\/p>\n","protected":false},"author":1,"featured_media":0,"parent":0,"menu_order":0,"comment_status":"closed","ping_status":"closed","template":"","meta":{"footnotes":""},"class_list":["post-1587","page","type-page","status-publish","hentry"],"jetpack_sharing_enabled":true,"_links":{"self":[{"href":"https:\/\/woka-store.pl\/en\/wp-json\/wp\/v2\/pages\/1587","targetHints":{"allow":["GET"]}}],"collection":[{"href":"https:\/\/woka-store.pl\/en\/wp-json\/wp\/v2\/pages"}],"about":[{"href":"https:\/\/woka-store.pl\/en\/wp-json\/wp\/v2\/types\/page"}],"author":[{"embeddable":true,"href":"https:\/\/woka-store.pl\/en\/wp-json\/wp\/v2\/users\/1"}],"replies":[{"embeddable":true,"href":"https:\/\/woka-store.pl\/en\/wp-json\/wp\/v2\/comments?post=1587"}],"version-history":[{"count":0,"href":"https:\/\/woka-store.pl\/en\/wp-json\/wp\/v2\/pages\/1587\/revisions"}],"wp:attachment":[{"href":"https:\/\/woka-store.pl\/en\/wp-json\/wp\/v2\/media?parent=1587"}],"curies":[{"name":"wp","href":"https:\/\/api.w.org\/{rel}","templated":true}]}}