{"id":2745,"date":"2024-11-21T11:37:58","date_gmt":"2024-11-21T10:37:58","guid":{"rendered":"https:\/\/woka-store.pl\/?page_id=2745"},"modified":"2026-02-04T15:35:08","modified_gmt":"2026-02-04T14:35:08","slug":"kolekcje","status":"publish","type":"page","link":"https:\/\/woka-store.pl\/en\/kolekcje\/","title":{"rendered":"Collections"},"content":{"rendered":"<div data-elementor-type=\"wp-page\" data-elementor-id=\"2745\" class=\"elementor elementor-2745\">\n\t\t\t\t<div class=\"elementor-element elementor-element-75141fb e-flex e-con-boxed e-con e-parent\" data-id=\"75141fb\" data-element_type=\"container\" data-e-type=\"container\">\n\t\t\t\t\t<div class=\"e-con-inner\">\n\t\t\t\t<div class=\"elementor-element elementor-element-d993468 elementor-widget elementor-widget-heading\" data-id=\"d993468\" data-element_type=\"widget\" data-e-type=\"widget\" data-widget_type=\"heading.default\">\n\t\t\t\t<div class=\"elementor-widget-container\">\n\t\t\t\t\t<h2 class=\"elementor-heading-title elementor-size-default\">Collections<\/h2>\t\t\t\t<\/div>\n\t\t\t\t<\/div>\n\t\t\t\t\t<\/div>\n\t\t\t\t<\/div>\n\t\t<div class=\"elementor-element elementor-element-9b2f27e e-grid e-con-boxed e-con e-parent\" data-id=\"9b2f27e\" data-element_type=\"container\" data-e-type=\"container\" data-settings=\"{&quot;animation_mobile&quot;:&quot;none&quot;}\">\n\t\t\t\t\t<div class=\"e-con-inner\">\n\t\t\t\t<div class=\"elementor-element elementor-element-b2e74b7 elementor-widget elementor-widget-image\" data-id=\"b2e74b7\" data-element_type=\"widget\" data-e-type=\"widget\" data-widget_type=\"image.default\">\n\t\t\t\t<div class=\"elementor-widget-container\">\n\t\t\t\t\t\t\t\t\t\t\t\t<figure class=\"wp-caption\">\n\t\t\t\t\t\t\t\t\t\t\t<a href=\"https:\/\/woka-store.pl\/en\/perly\/\">\n\t\t\t\t\t\t\t<img fetchpriority=\"high\" decoding=\"async\" width=\"768\" height=\"960\" src=\"https:\/\/woka-store.pl\/wp-content\/uploads\/2024\/11\/IMG_8225-768x960.jpeg\" class=\"attachment-medium_large size-medium_large wp-image-3069\" alt=\"\" srcset=\"https:\/\/woka-store.pl\/wp-content\/uploads\/2024\/11\/IMG_8225-768x960.jpeg 768w, https:\/\/woka-store.pl\/wp-content\/uploads\/2024\/11\/IMG_8225-scaled-800x1000.jpeg 800w, https:\/\/woka-store.pl\/wp-content\/uploads\/2024\/11\/IMG_8225-240x300.jpeg 240w, https:\/\/woka-store.pl\/wp-content\/uploads\/2024\/11\/IMG_8225-819x1024.jpeg 819w, https:\/\/woka-store.pl\/wp-content\/uploads\/2024\/11\/IMG_8225-1229x1536.jpeg 1229w, https:\/\/woka-store.pl\/wp-content\/uploads\/2024\/11\/IMG_8225-1638x2048.jpeg 1638w, https:\/\/woka-store.pl\/wp-content\/uploads\/2024\/11\/IMG_8225-1140x1425.jpeg 1140w, https:\/\/woka-store.pl\/wp-content\/uploads\/2024\/11\/IMG_8225-920x1150.jpeg 920w, https:\/\/woka-store.pl\/wp-content\/uploads\/2024\/11\/IMG_8225-575x719.jpeg 575w, https:\/\/woka-store.pl\/wp-content\/uploads\/2024\/11\/IMG_8225-380x475.jpeg 380w, https:\/\/woka-store.pl\/wp-content\/uploads\/2024\/11\/IMG_8225-scaled.jpeg 2048w\" sizes=\"(max-width: 768px) 100vw, 768px\" \/>\t\t\t\t\t\t\t\t<\/a>\n\t\t\t\t\t\t\t\t\t\t\t<figcaption class=\"widget-image-caption wp-caption-text\">PEARLS<\/figcaption>\n\t\t\t\t\t\t\t\t\t\t<\/figure>\n\t\t\t\t\t\t\t\t\t<\/div>\n\t\t\t\t<\/div>\n\t\t\t\t<div class=\"elementor-element elementor-element-33a4885 elementor-widget elementor-widget-image\" data-id=\"33a4885\" data-element_type=\"widget\" data-e-type=\"widget\" data-widget_type=\"image.default\">\n\t\t\t\t<div class=\"elementor-widget-container\">\n\t\t\t\t\t\t\t\t\t\t\t\t<figure class=\"wp-caption\">\n\t\t\t\t\t\t\t\t\t\t\t<a href=\"https:\/\/woka-store.pl\/en\/nocne_niebo\/\">\n\t\t\t\t\t\t\t<img decoding=\"async\" width=\"768\" height=\"579\" data-src=\"https:\/\/woka-store.pl\/wp-content\/uploads\/2026\/02\/IMG_2370-9-1-768x579.png\" class=\"attachment-medium_large size-medium_large wp-image-9298 lazyload\" alt=\"\" data-srcset=\"https:\/\/woka-store.pl\/wp-content\/uploads\/2026\/02\/IMG_2370-9-1-768x579.png 768w, https:\/\/woka-store.pl\/wp-content\/uploads\/2026\/02\/IMG_2370-9-1-600x452.png 600w, https:\/\/woka-store.pl\/wp-content\/uploads\/2026\/02\/IMG_2370-9-1-1024x772.png 1024w, https:\/\/woka-store.pl\/wp-content\/uploads\/2026\/02\/IMG_2370-9-1-1536x1157.png 1536w, https:\/\/woka-store.pl\/wp-content\/uploads\/2026\/02\/IMG_2370-9-1-2048x1543.png 2048w, https:\/\/woka-store.pl\/wp-content\/uploads\/2026\/02\/IMG_2370-9-1-16x12.png 16w, https:\/\/woka-store.pl\/wp-content\/uploads\/2026\/02\/IMG_2370-9-1-1140x859.png 1140w, https:\/\/woka-store.pl\/wp-content\/uploads\/2026\/02\/IMG_2370-9-1-920x693.png 920w, https:\/\/woka-store.pl\/wp-content\/uploads\/2026\/02\/IMG_2370-9-1-575x433.png 575w, https:\/\/woka-store.pl\/wp-content\/uploads\/2026\/02\/IMG_2370-9-1-380x286.png 380w, https:\/\/woka-store.pl\/wp-content\/uploads\/2026\/02\/IMG_2370-9-1-800x603.png 800w\" data-sizes=\"(max-width: 768px) 100vw, 768px\" src=\"data:image\/svg+xml;base64,PHN2ZyB3aWR0aD0iMSIgaGVpZ2h0PSIxIiB4bWxucz0iaHR0cDovL3d3dy53My5vcmcvMjAwMC9zdmciPjwvc3ZnPg==\" style=\"--smush-placeholder-width: 768px; --smush-placeholder-aspect-ratio: 768\/579;\" \/>\t\t\t\t\t\t\t\t<\/a>\n\t\t\t\t\t\t\t\t\t\t\t<figcaption class=\"widget-image-caption wp-caption-text\">NIGHT SKY<\/figcaption>\n\t\t\t\t\t\t\t\t\t\t<\/figure>\n\t\t\t\t\t\t\t\t\t<\/div>\n\t\t\t\t<\/div>\n\t\t\t\t<div class=\"elementor-element elementor-element-1aa00e5 elementor-widget elementor-widget-image\" data-id=\"1aa00e5\" data-element_type=\"widget\" data-e-type=\"widget\" data-widget_type=\"image.default\">\n\t\t\t\t<div class=\"elementor-widget-container\">\n\t\t\t\t\t\t\t\t\t\t\t\t<figure class=\"wp-caption\">\n\t\t\t\t\t\t\t\t\t\t\t<a href=\"https:\/\/woka-store.pl\/en\/onyx\/\">\n\t\t\t\t\t\t\t<img decoding=\"async\" width=\"683\" height=\"1024\" data-src=\"https:\/\/woka-store.pl\/wp-content\/uploads\/2024\/12\/IMG_0239-683x1024.jpg\" class=\"attachment-large size-large wp-image-4102 lazyload\" alt=\"\" data-srcset=\"https:\/\/woka-store.pl\/wp-content\/uploads\/2024\/12\/IMG_0239-683x1024.jpg 683w, https:\/\/woka-store.pl\/wp-content\/uploads\/2024\/12\/IMG_0239-scaled-800x1200.jpg 800w, https:\/\/woka-store.pl\/wp-content\/uploads\/2024\/12\/IMG_0239-200x300.jpg 200w, https:\/\/woka-store.pl\/wp-content\/uploads\/2024\/12\/IMG_0239-768x1152.jpg 768w, https:\/\/woka-store.pl\/wp-content\/uploads\/2024\/12\/IMG_0239-1024x1536.jpg 1024w, https:\/\/woka-store.pl\/wp-content\/uploads\/2024\/12\/IMG_0239-1365x2048.jpg 1365w, https:\/\/woka-store.pl\/wp-content\/uploads\/2024\/12\/IMG_0239-1140x1710.jpg 1140w, https:\/\/woka-store.pl\/wp-content\/uploads\/2024\/12\/IMG_0239-920x1380.jpg 920w, https:\/\/woka-store.pl\/wp-content\/uploads\/2024\/12\/IMG_0239-575x863.jpg 575w, https:\/\/woka-store.pl\/wp-content\/uploads\/2024\/12\/IMG_0239-380x570.jpg 380w, https:\/\/woka-store.pl\/wp-content\/uploads\/2024\/12\/IMG_0239-scaled.jpg 1707w\" data-sizes=\"(max-width: 683px) 100vw, 683px\" src=\"data:image\/svg+xml;base64,PHN2ZyB3aWR0aD0iMSIgaGVpZ2h0PSIxIiB4bWxucz0iaHR0cDovL3d3dy53My5vcmcvMjAwMC9zdmciPjwvc3ZnPg==\" style=\"--smush-placeholder-width: 683px; --smush-placeholder-aspect-ratio: 683\/1024;\" \/>\t\t\t\t\t\t\t\t<\/a>\n\t\t\t\t\t\t\t\t\t\t\t<figcaption class=\"widget-image-caption wp-caption-text\">ONYX<\/figcaption>\n\t\t\t\t\t\t\t\t\t\t<\/figure>\n\t\t\t\t\t\t\t\t\t<\/div>\n\t\t\t\t<\/div>\n\t\t\t\t<div class=\"elementor-element elementor-element-a91d7ff elementor-widget elementor-widget-image\" data-id=\"a91d7ff\" data-element_type=\"widget\" data-e-type=\"widget\" data-widget_type=\"image.default\">\n\t\t\t\t<div class=\"elementor-widget-container\">\n\t\t\t\t\t\t\t\t\t\t\t\t<figure class=\"wp-caption\">\n\t\t\t\t\t\t\t\t\t\t\t<a href=\"https:\/\/woka-store.pl\/en\/pawie-oko\/\">\n\t\t\t\t\t\t\t<img decoding=\"async\" width=\"768\" height=\"1152\" data-src=\"https:\/\/woka-store.pl\/wp-content\/uploads\/2025\/11\/20251105-IMG_1553-768x1152.jpg\" class=\"attachment-medium_large size-medium_large wp-image-8514 lazyload\" alt=\"\" data-srcset=\"https:\/\/woka-store.pl\/wp-content\/uploads\/2025\/11\/20251105-IMG_1553-768x1152.jpg 768w, https:\/\/woka-store.pl\/wp-content\/uploads\/2025\/11\/20251105-IMG_1553-400x600.jpg 400w, https:\/\/woka-store.pl\/wp-content\/uploads\/2025\/11\/20251105-IMG_1553-683x1024.jpg 683w, https:\/\/woka-store.pl\/wp-content\/uploads\/2025\/11\/20251105-IMG_1553-1024x1536.jpg 1024w, https:\/\/woka-store.pl\/wp-content\/uploads\/2025\/11\/20251105-IMG_1553-1365x2048.jpg 1365w, https:\/\/woka-store.pl\/wp-content\/uploads\/2025\/11\/20251105-IMG_1553-8x12.jpg 8w, https:\/\/woka-store.pl\/wp-content\/uploads\/2025\/11\/20251105-IMG_1553-1140x1710.jpg 1140w, https:\/\/woka-store.pl\/wp-content\/uploads\/2025\/11\/20251105-IMG_1553-920x1380.jpg 920w, https:\/\/woka-store.pl\/wp-content\/uploads\/2025\/11\/20251105-IMG_1553-575x862.jpg 575w, https:\/\/woka-store.pl\/wp-content\/uploads\/2025\/11\/20251105-IMG_1553-380x570.jpg 380w, https:\/\/woka-store.pl\/wp-content\/uploads\/2025\/11\/20251105-IMG_1553-800x1200.jpg 800w, https:\/\/woka-store.pl\/wp-content\/uploads\/2025\/11\/20251105-IMG_1553-scaled.jpg 1707w\" data-sizes=\"(max-width: 768px) 100vw, 768px\" src=\"data:image\/svg+xml;base64,PHN2ZyB3aWR0aD0iMSIgaGVpZ2h0PSIxIiB4bWxucz0iaHR0cDovL3d3dy53My5vcmcvMjAwMC9zdmciPjwvc3ZnPg==\" style=\"--smush-placeholder-width: 768px; --smush-placeholder-aspect-ratio: 768\/1152;\" \/>\t\t\t\t\t\t\t\t<\/a>\n\t\t\t\t\t\t\t\t\t\t\t<figcaption class=\"widget-image-caption wp-caption-text\">PEACOCK EYE PEARLS<\/figcaption>\n\t\t\t\t\t\t\t\t\t\t<\/figure>\n\t\t\t\t\t\t\t\t\t<\/div>\n\t\t\t\t<\/div>\n\t\t\t\t<div class=\"elementor-element elementor-element-81169e0 elementor-widget elementor-widget-image\" data-id=\"81169e0\" data-element_type=\"widget\" data-e-type=\"widget\" data-widget_type=\"image.default\">\n\t\t\t\t<div class=\"elementor-widget-container\">\n\t\t\t\t\t\t\t\t\t\t\t\t<figure class=\"wp-caption\">\n\t\t\t\t\t\t\t\t\t\t\t<a href=\"https:\/\/woka-store.pl\/en\/granat\/\">\n\t\t\t\t\t\t\t<img decoding=\"async\" width=\"768\" height=\"1152\" data-src=\"https:\/\/woka-store.pl\/wp-content\/uploads\/2024\/11\/IMG_9168-768x1152.jpg\" class=\"attachment-medium_large size-medium_large wp-image-1322 lazyload\" alt=\"\" data-srcset=\"https:\/\/woka-store.pl\/wp-content\/uploads\/2024\/11\/IMG_9168-768x1152.jpg 768w, https:\/\/woka-store.pl\/wp-content\/uploads\/2024\/11\/IMG_9168-scaled-800x1200.jpg 800w, https:\/\/woka-store.pl\/wp-content\/uploads\/2024\/11\/IMG_9168-200x300.jpg 200w, https:\/\/woka-store.pl\/wp-content\/uploads\/2024\/11\/IMG_9168-683x1024.jpg 683w, https:\/\/woka-store.pl\/wp-content\/uploads\/2024\/11\/IMG_9168-1024x1536.jpg 1024w, https:\/\/woka-store.pl\/wp-content\/uploads\/2024\/11\/IMG_9168-1365x2048.jpg 1365w, https:\/\/woka-store.pl\/wp-content\/uploads\/2024\/11\/IMG_9168-scaled.jpg 1707w\" data-sizes=\"(max-width: 768px) 100vw, 768px\" src=\"data:image\/svg+xml;base64,PHN2ZyB3aWR0aD0iMSIgaGVpZ2h0PSIxIiB4bWxucz0iaHR0cDovL3d3dy53My5vcmcvMjAwMC9zdmciPjwvc3ZnPg==\" style=\"--smush-placeholder-width: 768px; --smush-placeholder-aspect-ratio: 768\/1152;\" \/>\t\t\t\t\t\t\t\t<\/a>\n\t\t\t\t\t\t\t\t\t\t\t<figcaption class=\"widget-image-caption wp-caption-text\">GARNET<\/figcaption>\n\t\t\t\t\t\t\t\t\t\t<\/figure>\n\t\t\t\t\t\t\t\t\t<\/div>\n\t\t\t\t<\/div>\n\t\t\t\t<div class=\"elementor-element elementor-element-90627eb elementor-widget elementor-widget-image\" data-id=\"90627eb\" data-element_type=\"widget\" data-e-type=\"widget\" data-widget_type=\"image.default\">\n\t\t\t\t<div class=\"elementor-widget-container\">\n\t\t\t\t\t\t\t\t\t\t\t\t<figure class=\"wp-caption\">\n\t\t\t\t\t\t\t\t\t\t\t<a href=\"https:\/\/woka-store.pl\/en\/stal-chirurgiczna\/\">\n\t\t\t\t\t\t\t<img decoding=\"async\" width=\"683\" height=\"1024\" data-src=\"https:\/\/woka-store.pl\/wp-content\/uploads\/2024\/11\/IMG_8985-scaled.jpg\" class=\"attachment-large size-large wp-image-1341 lazyload\" alt=\"\" data-srcset=\"https:\/\/woka-store.pl\/wp-content\/uploads\/2024\/11\/IMG_8985-scaled.jpg 1707w, https:\/\/woka-store.pl\/wp-content\/uploads\/2024\/11\/IMG_8985-scaled-800x1200.jpg 800w\" data-sizes=\"(max-width: 683px) 100vw, 683px\" src=\"data:image\/svg+xml;base64,PHN2ZyB3aWR0aD0iMSIgaGVpZ2h0PSIxIiB4bWxucz0iaHR0cDovL3d3dy53My5vcmcvMjAwMC9zdmciPjwvc3ZnPg==\" style=\"--smush-placeholder-width: 683px; --smush-placeholder-aspect-ratio: 683\/1024;\" \/>\t\t\t\t\t\t\t\t<\/a>\n\t\t\t\t\t\t\t\t\t\t\t<figcaption class=\"widget-image-caption wp-caption-text\">STAINLESS STEEL<\/figcaption>\n\t\t\t\t\t\t\t\t\t\t<\/figure>\n\t\t\t\t\t\t\t\t\t<\/div>\n\t\t\t\t<\/div>\n\t\t\t\t<div class=\"elementor-element elementor-element-57c2a7a elementor-widget elementor-widget-image\" data-id=\"57c2a7a\" data-element_type=\"widget\" data-e-type=\"widget\" data-widget_type=\"image.default\">\n\t\t\t\t<div class=\"elementor-widget-container\">\n\t\t\t\t\t\t\t\t\t\t\t\t<figure class=\"wp-caption\">\n\t\t\t\t\t\t\t\t\t\t\t<a href=\"https:\/\/woka-store.pl\/en\/sand-salt\/\">\n\t\t\t\t\t\t\t<img decoding=\"async\" width=\"683\" height=\"1024\" data-src=\"https:\/\/woka-store.pl\/wp-content\/uploads\/2025\/06\/IMG_2701-683x1024.jpg\" class=\"attachment-large size-large wp-image-7452 lazyload\" alt=\"\" data-srcset=\"https:\/\/woka-store.pl\/wp-content\/uploads\/2025\/06\/IMG_2701-683x1024.jpg 683w, https:\/\/woka-store.pl\/wp-content\/uploads\/2025\/06\/IMG_2701-400x600.jpg 400w, https:\/\/woka-store.pl\/wp-content\/uploads\/2025\/06\/IMG_2701-768x1152.jpg 768w, https:\/\/woka-store.pl\/wp-content\/uploads\/2025\/06\/IMG_2701-1024x1536.jpg 1024w, https:\/\/woka-store.pl\/wp-content\/uploads\/2025\/06\/IMG_2701-1365x2048.jpg 1365w, https:\/\/woka-store.pl\/wp-content\/uploads\/2025\/06\/IMG_2701-8x12.jpg 8w, https:\/\/woka-store.pl\/wp-content\/uploads\/2025\/06\/IMG_2701-1140x1710.jpg 1140w, https:\/\/woka-store.pl\/wp-content\/uploads\/2025\/06\/IMG_2701-920x1380.jpg 920w, https:\/\/woka-store.pl\/wp-content\/uploads\/2025\/06\/IMG_2701-575x863.jpg 575w, https:\/\/woka-store.pl\/wp-content\/uploads\/2025\/06\/IMG_2701-380x570.jpg 380w, https:\/\/woka-store.pl\/wp-content\/uploads\/2025\/06\/IMG_2701-800x1200.jpg 800w, https:\/\/woka-store.pl\/wp-content\/uploads\/2025\/06\/IMG_2701-scaled.jpg 1707w\" data-sizes=\"(max-width: 683px) 100vw, 683px\" src=\"data:image\/svg+xml;base64,PHN2ZyB3aWR0aD0iMSIgaGVpZ2h0PSIxIiB4bWxucz0iaHR0cDovL3d3dy53My5vcmcvMjAwMC9zdmciPjwvc3ZnPg==\" style=\"--smush-placeholder-width: 683px; --smush-placeholder-aspect-ratio: 683\/1024;\" \/>\t\t\t\t\t\t\t\t<\/a>\n\t\t\t\t\t\t\t\t\t\t\t<figcaption class=\"widget-image-caption wp-caption-text\">SAND &amp; SALT<\/figcaption>\n\t\t\t\t\t\t\t\t\t\t<\/figure>\n\t\t\t\t\t\t\t\t\t<\/div>\n\t\t\t\t<\/div>\n\t\t\t\t<div class=\"elementor-element elementor-element-8d2af19 elementor-widget elementor-widget-image\" data-id=\"8d2af19\" data-element_type=\"widget\" data-e-type=\"widget\" data-widget_type=\"image.default\">\n\t\t\t\t<div class=\"elementor-widget-container\">\n\t\t\t\t\t\t\t\t\t\t\t\t<figure class=\"wp-caption\">\n\t\t\t\t\t\t\t\t\t\t\t<a href=\"https:\/\/woka-store.pl\/en\/szare-perly\/\">\n\t\t\t\t\t\t\t<img decoding=\"async\" width=\"683\" height=\"1024\" data-src=\"https:\/\/woka-store.pl\/wp-content\/uploads\/2025\/02\/IMG_0848-683x1024.jpg\" class=\"attachment-large size-large wp-image-5434 lazyload\" alt=\"\" data-srcset=\"https:\/\/woka-store.pl\/wp-content\/uploads\/2025\/02\/IMG_0848-683x1024.jpg 683w, https:\/\/woka-store.pl\/wp-content\/uploads\/2025\/02\/IMG_0848-400x600.jpg 400w, https:\/\/woka-store.pl\/wp-content\/uploads\/2025\/02\/IMG_0848-768x1152.jpg 768w, https:\/\/woka-store.pl\/wp-content\/uploads\/2025\/02\/IMG_0848-1024x1536.jpg 1024w, https:\/\/woka-store.pl\/wp-content\/uploads\/2025\/02\/IMG_0848-1365x2048.jpg 1365w, https:\/\/woka-store.pl\/wp-content\/uploads\/2025\/02\/IMG_0848-1140x1710.jpg 1140w, https:\/\/woka-store.pl\/wp-content\/uploads\/2025\/02\/IMG_0848-920x1380.jpg 920w, https:\/\/woka-store.pl\/wp-content\/uploads\/2025\/02\/IMG_0848-575x863.jpg 575w, https:\/\/woka-store.pl\/wp-content\/uploads\/2025\/02\/IMG_0848-380x570.jpg 380w, https:\/\/woka-store.pl\/wp-content\/uploads\/2025\/02\/IMG_0848-800x1200.jpg 800w, https:\/\/woka-store.pl\/wp-content\/uploads\/2025\/02\/IMG_0848-67x100.jpg 67w, https:\/\/woka-store.pl\/wp-content\/uploads\/2025\/02\/IMG_0848-scaled.jpg 1707w\" data-sizes=\"(max-width: 683px) 100vw, 683px\" src=\"data:image\/svg+xml;base64,PHN2ZyB3aWR0aD0iMSIgaGVpZ2h0PSIxIiB4bWxucz0iaHR0cDovL3d3dy53My5vcmcvMjAwMC9zdmciPjwvc3ZnPg==\" style=\"--smush-placeholder-width: 683px; --smush-placeholder-aspect-ratio: 683\/1024;\" \/>\t\t\t\t\t\t\t\t<\/a>\n\t\t\t\t\t\t\t\t\t\t\t<figcaption class=\"widget-image-caption wp-caption-text\">GRAY PEARLS<\/figcaption>\n\t\t\t\t\t\t\t\t\t\t<\/figure>\n\t\t\t\t\t\t\t\t\t<\/div>\n\t\t\t\t<\/div>\n\t\t\t\t<div class=\"elementor-element elementor-element-43a0ab8 elementor-widget elementor-widget-image\" data-id=\"43a0ab8\" data-element_type=\"widget\" data-e-type=\"widget\" data-widget_type=\"image.default\">\n\t\t\t\t<div class=\"elementor-widget-container\">\n\t\t\t\t\t\t\t\t\t\t\t\t<figure class=\"wp-caption\">\n\t\t\t\t\t\t\t\t\t\t\t<a href=\"https:\/\/woka-store.pl\/en\/pastel\/\">\n\t\t\t\t\t\t\t<img decoding=\"async\" width=\"683\" height=\"1024\" data-src=\"https:\/\/woka-store.pl\/wp-content\/uploads\/2025\/06\/IMG_3057-683x1024.jpg\" class=\"attachment-large size-large wp-image-7283 lazyload\" alt=\"\" data-srcset=\"https:\/\/woka-store.pl\/wp-content\/uploads\/2025\/06\/IMG_3057-683x1024.jpg 683w, https:\/\/woka-store.pl\/wp-content\/uploads\/2025\/06\/IMG_3057-400x600.jpg 400w, https:\/\/woka-store.pl\/wp-content\/uploads\/2025\/06\/IMG_3057-768x1152.jpg 768w, https:\/\/woka-store.pl\/wp-content\/uploads\/2025\/06\/IMG_3057-1024x1536.jpg 1024w, https:\/\/woka-store.pl\/wp-content\/uploads\/2025\/06\/IMG_3057-1365x2048.jpg 1365w, https:\/\/woka-store.pl\/wp-content\/uploads\/2025\/06\/IMG_3057-8x12.jpg 8w, https:\/\/woka-store.pl\/wp-content\/uploads\/2025\/06\/IMG_3057-1140x1710.jpg 1140w, https:\/\/woka-store.pl\/wp-content\/uploads\/2025\/06\/IMG_3057-920x1380.jpg 920w, https:\/\/woka-store.pl\/wp-content\/uploads\/2025\/06\/IMG_3057-575x863.jpg 575w, https:\/\/woka-store.pl\/wp-content\/uploads\/2025\/06\/IMG_3057-380x570.jpg 380w, https:\/\/woka-store.pl\/wp-content\/uploads\/2025\/06\/IMG_3057-800x1200.jpg 800w, https:\/\/woka-store.pl\/wp-content\/uploads\/2025\/06\/IMG_3057-scaled.jpg 1707w\" data-sizes=\"(max-width: 683px) 100vw, 683px\" src=\"data:image\/svg+xml;base64,PHN2ZyB3aWR0aD0iMSIgaGVpZ2h0PSIxIiB4bWxucz0iaHR0cDovL3d3dy53My5vcmcvMjAwMC9zdmciPjwvc3ZnPg==\" style=\"--smush-placeholder-width: 683px; --smush-placeholder-aspect-ratio: 683\/1024;\" \/>\t\t\t\t\t\t\t\t<\/a>\n\t\t\t\t\t\t\t\t\t\t\t<figcaption class=\"widget-image-caption wp-caption-text\">PASTEL<\/figcaption>\n\t\t\t\t\t\t\t\t\t\t<\/figure>\n\t\t\t\t\t\t\t\t\t<\/div>\n\t\t\t\t<\/div>\n\t\t\t\t<div class=\"elementor-element elementor-element-2f2ad44 elementor-widget elementor-widget-image\" data-id=\"2f2ad44\" data-element_type=\"widget\" data-e-type=\"widget\" data-widget_type=\"image.default\">\n\t\t\t\t<div class=\"elementor-widget-container\">\n\t\t\t\t\t\t\t\t\t\t\t\t<figure class=\"wp-caption\">\n\t\t\t\t\t\t\t\t\t\t\t<a href=\"https:\/\/woka-store.pl\/en\/angielit\/\">\n\t\t\t\t\t\t\t<img decoding=\"async\" width=\"768\" height=\"1152\" data-src=\"https:\/\/woka-store.pl\/wp-content\/uploads\/2024\/11\/IMG_9183-scaled.jpg\" class=\"attachment-medium_large size-medium_large wp-image-2838 lazyload\" alt=\"\" data-srcset=\"https:\/\/woka-store.pl\/wp-content\/uploads\/2024\/11\/IMG_9183-scaled.jpg 1707w, https:\/\/woka-store.pl\/wp-content\/uploads\/2024\/11\/IMG_9183-scaled-800x1200.jpg 800w\" data-sizes=\"(max-width: 768px) 100vw, 768px\" src=\"data:image\/svg+xml;base64,PHN2ZyB3aWR0aD0iMSIgaGVpZ2h0PSIxIiB4bWxucz0iaHR0cDovL3d3dy53My5vcmcvMjAwMC9zdmciPjwvc3ZnPg==\" style=\"--smush-placeholder-width: 768px; --smush-placeholder-aspect-ratio: 768\/1152;\" \/>\t\t\t\t\t\t\t\t<\/a>\n\t\t\t\t\t\t\t\t\t\t\t<figcaption class=\"widget-image-caption wp-caption-text\">ANGELITE<\/figcaption>\n\t\t\t\t\t\t\t\t\t\t<\/figure>\n\t\t\t\t\t\t\t\t\t<\/div>\n\t\t\t\t<\/div>\n\t\t\t\t<div class=\"elementor-element elementor-element-4099fda elementor-widget elementor-widget-image\" data-id=\"4099fda\" data-element_type=\"widget\" data-e-type=\"widget\" data-widget_type=\"image.default\">\n\t\t\t\t<div class=\"elementor-widget-container\">\n\t\t\t\t\t\t\t\t\t\t\t\t<figure class=\"wp-caption\">\n\t\t\t\t\t\t\t\t\t\t\t<a href=\"https:\/\/woka-store.pl\/en\/krysztal-gorski\/\">\n\t\t\t\t\t\t\t<img decoding=\"async\" width=\"683\" height=\"1024\" data-src=\"https:\/\/woka-store.pl\/wp-content\/uploads\/2025\/04\/IMG_1876-683x1024.jpg\" class=\"attachment-large size-large wp-image-6816 lazyload\" alt=\"\" data-srcset=\"https:\/\/woka-store.pl\/wp-content\/uploads\/2025\/04\/IMG_1876-683x1024.jpg 683w, https:\/\/woka-store.pl\/wp-content\/uploads\/2025\/04\/IMG_1876-400x600.jpg 400w, https:\/\/woka-store.pl\/wp-content\/uploads\/2025\/04\/IMG_1876-768x1152.jpg 768w, https:\/\/woka-store.pl\/wp-content\/uploads\/2025\/04\/IMG_1876-1024x1536.jpg 1024w, https:\/\/woka-store.pl\/wp-content\/uploads\/2025\/04\/IMG_1876-1365x2048.jpg 1365w, https:\/\/woka-store.pl\/wp-content\/uploads\/2025\/04\/IMG_1876-8x12.jpg 8w, https:\/\/woka-store.pl\/wp-content\/uploads\/2025\/04\/IMG_1876-1140x1710.jpg 1140w, https:\/\/woka-store.pl\/wp-content\/uploads\/2025\/04\/IMG_1876-920x1380.jpg 920w, https:\/\/woka-store.pl\/wp-content\/uploads\/2025\/04\/IMG_1876-575x863.jpg 575w, https:\/\/woka-store.pl\/wp-content\/uploads\/2025\/04\/IMG_1876-380x570.jpg 380w, https:\/\/woka-store.pl\/wp-content\/uploads\/2025\/04\/IMG_1876-800x1200.jpg 800w, https:\/\/woka-store.pl\/wp-content\/uploads\/2025\/04\/IMG_1876-scaled.jpg 1707w\" data-sizes=\"(max-width: 683px) 100vw, 683px\" src=\"data:image\/svg+xml;base64,PHN2ZyB3aWR0aD0iMSIgaGVpZ2h0PSIxIiB4bWxucz0iaHR0cDovL3d3dy53My5vcmcvMjAwMC9zdmciPjwvc3ZnPg==\" style=\"--smush-placeholder-width: 683px; --smush-placeholder-aspect-ratio: 683\/1024;\" \/>\t\t\t\t\t\t\t\t<\/a>\n\t\t\t\t\t\t\t\t\t\t\t<figcaption class=\"widget-image-caption wp-caption-text\">ROCK CRYSTAL<\/figcaption>\n\t\t\t\t\t\t\t\t\t\t<\/figure>\n\t\t\t\t\t\t\t\t\t<\/div>\n\t\t\t\t<\/div>\n\t\t\t\t<div class=\"elementor-element elementor-element-8ebf3b1 elementor-widget elementor-widget-image\" data-id=\"8ebf3b1\" data-element_type=\"widget\" data-e-type=\"widget\" data-widget_type=\"image.default\">\n\t\t\t\t<div class=\"elementor-widget-container\">\n\t\t\t\t\t\t\t\t\t\t\t\t<figure class=\"wp-caption\">\n\t\t\t\t\t\t\t\t\t\t\t<a href=\"https:\/\/woka-store.pl\/en\/hematyt\/\">\n\t\t\t\t\t\t\t<img decoding=\"async\" width=\"768\" height=\"512\" data-src=\"https:\/\/woka-store.pl\/wp-content\/uploads\/2024\/11\/IMG_8941-1-768x512.jpg\" class=\"attachment-medium_large size-medium_large wp-image-3251 lazyload\" alt=\"\" data-srcset=\"https:\/\/woka-store.pl\/wp-content\/uploads\/2024\/11\/IMG_8941-1-768x512.jpg 768w, https:\/\/woka-store.pl\/wp-content\/uploads\/2024\/11\/IMG_8941-1-scaled-800x533.jpg 800w, https:\/\/woka-store.pl\/wp-content\/uploads\/2024\/11\/IMG_8941-1-300x200.jpg 300w, https:\/\/woka-store.pl\/wp-content\/uploads\/2024\/11\/IMG_8941-1-1024x683.jpg 1024w\" data-sizes=\"(max-width: 768px) 100vw, 768px\" src=\"data:image\/svg+xml;base64,PHN2ZyB3aWR0aD0iMSIgaGVpZ2h0PSIxIiB4bWxucz0iaHR0cDovL3d3dy53My5vcmcvMjAwMC9zdmciPjwvc3ZnPg==\" style=\"--smush-placeholder-width: 768px; --smush-placeholder-aspect-ratio: 768\/512;\" \/>\t\t\t\t\t\t\t\t<\/a>\n\t\t\t\t\t\t\t\t\t\t\t<figcaption class=\"widget-image-caption wp-caption-text\">HEMATITE<\/figcaption>\n\t\t\t\t\t\t\t\t\t\t<\/figure>\n\t\t\t\t\t\t\t\t\t<\/div>\n\t\t\t\t<\/div>\n\t\t\t\t\t<\/div>\n\t\t\t\t<\/div>\n\t\t<div class=\"elementor-element elementor-element-a7b3352 e-flex e-con-boxed e-con e-parent\" data-id=\"a7b3352\" data-element_type=\"container\" data-e-type=\"container\">\n\t\t\t\t\t<div class=\"e-con-inner\">\n\t\t\t\t<div class=\"elementor-element elementor-element-aacb4d3 elementor-widget elementor-widget-spacer\" data-id=\"aacb4d3\" data-element_type=\"widget\" data-e-type=\"widget\" data-widget_type=\"spacer.default\">\n\t\t\t\t<div class=\"elementor-widget-container\">\n\t\t\t\t\t\t\t<div class=\"elementor-spacer\">\n\t\t\t<div class=\"elementor-spacer-inner\"><\/div>\n\t\t<\/div>\n\t\t\t\t\t\t<\/div>\n\t\t\t\t<\/div>\n\t\t\t\t\t<\/div>\n\t\t\t\t<\/div>\n\t\t\t\t<\/div>","protected":false},"excerpt":{"rendered":"<p>KOLEKCJE PER\u0141Y NOCNE NIEBO ONYKS PER\u0141Y PAWIE OKO GRANAT STAL CHIRURGICZNA SAND &amp; SALT SZARE PER\u0141Y PASTEL ANGIELIT KRYSZTA\u0141 G\u00d3RSKI HEMATYT<\/p>","protected":false},"author":1,"featured_media":0,"parent":0,"menu_order":0,"comment_status":"closed","ping_status":"closed","template":"","meta":{"footnotes":""},"class_list":["post-2745","page","type-page","status-publish","hentry"],"jetpack_sharing_enabled":true,"_links":{"self":[{"href":"https:\/\/woka-store.pl\/en\/wp-json\/wp\/v2\/pages\/2745","targetHints":{"allow":["GET"]}}],"collection":[{"href":"https:\/\/woka-store.pl\/en\/wp-json\/wp\/v2\/pages"}],"about":[{"href":"https:\/\/woka-store.pl\/en\/wp-json\/wp\/v2\/types\/page"}],"author":[{"embeddable":true,"href":"https:\/\/woka-store.pl\/en\/wp-json\/wp\/v2\/users\/1"}],"replies":[{"embeddable":true,"href":"https:\/\/woka-store.pl\/en\/wp-json\/wp\/v2\/comments?post=2745"}],"version-history":[{"count":66,"href":"https:\/\/woka-store.pl\/en\/wp-json\/wp\/v2\/pages\/2745\/revisions"}],"predecessor-version":[{"id":9314,"href":"https:\/\/woka-store.pl\/en\/wp-json\/wp\/v2\/pages\/2745\/revisions\/9314"}],"wp:attachment":[{"href":"https:\/\/woka-store.pl\/en\/wp-json\/wp\/v2\/media?parent=2745"}],"curies":[{"name":"wp","href":"https:\/\/api.w.org\/{rel}","templated":true}]}}