{"id":3460,"date":"2024-11-27T20:31:18","date_gmt":"2024-11-27T19:31:18","guid":{"rendered":"https:\/\/woka-store.pl\/?page_id=3460"},"modified":"2025-08-18T16:24:37","modified_gmt":"2025-08-18T15:24:37","slug":"onyx","status":"publish","type":"page","link":"https:\/\/woka-store.pl\/en\/onyx\/","title":{"rendered":"ONYX"},"content":{"rendered":"<div data-elementor-type=\"wp-page\" data-elementor-id=\"3460\" class=\"elementor elementor-3460\">\n\t\t\t\t<div class=\"elementor-element elementor-element-65ec509 e-flex e-con-boxed e-con e-parent\" data-id=\"65ec509\" data-element_type=\"container\" data-e-type=\"container\">\n\t\t\t\t\t<div class=\"e-con-inner\">\n\t\t\t\t<div class=\"elementor-element elementor-element-b4c5db8 elementor-widget elementor-widget-heading\" data-id=\"b4c5db8\" data-element_type=\"widget\" data-e-type=\"widget\" data-widget_type=\"heading.default\">\n\t\t\t\t<div class=\"elementor-widget-container\">\n\t\t\t\t\t<h2 class=\"elementor-heading-title elementor-size-default\">ONYX<\/h2>\t\t\t\t<\/div>\n\t\t\t\t<\/div>\n\t\t\t\t\t<\/div>\n\t\t\t\t<\/div>\n\t\t<div class=\"elementor-element elementor-element-8418512 e-con-full e-grid e-con e-parent\" data-id=\"8418512\" data-element_type=\"container\" data-e-type=\"container\">\n\t\t\t\t<div class=\"elementor-element elementor-element-b6ba748 elementor-widget elementor-widget-image\" data-id=\"b6ba748\" data-element_type=\"widget\" data-e-type=\"widget\" data-widget_type=\"image.default\">\n\t\t\t\t<div class=\"elementor-widget-container\">\n\t\t\t\t\t\t\t\t\t\t\t\t\t\t\t<img fetchpriority=\"high\" decoding=\"async\" width=\"683\" height=\"1024\" src=\"https:\/\/woka-store.pl\/wp-content\/uploads\/2025\/08\/IMG_0208-683x1024.jpg\" class=\"attachment-large size-large wp-image-7774\" alt=\"\" srcset=\"https:\/\/woka-store.pl\/wp-content\/uploads\/2025\/08\/IMG_0208-683x1024.jpg 683w, https:\/\/woka-store.pl\/wp-content\/uploads\/2025\/08\/IMG_0208-400x600.jpg 400w, https:\/\/woka-store.pl\/wp-content\/uploads\/2025\/08\/IMG_0208-768x1152.jpg 768w, https:\/\/woka-store.pl\/wp-content\/uploads\/2025\/08\/IMG_0208-1024x1536.jpg 1024w, https:\/\/woka-store.pl\/wp-content\/uploads\/2025\/08\/IMG_0208-1365x2048.jpg 1365w, https:\/\/woka-store.pl\/wp-content\/uploads\/2025\/08\/IMG_0208-8x12.jpg 8w, https:\/\/woka-store.pl\/wp-content\/uploads\/2025\/08\/IMG_0208-1140x1710.jpg 1140w, https:\/\/woka-store.pl\/wp-content\/uploads\/2025\/08\/IMG_0208-920x1380.jpg 920w, https:\/\/woka-store.pl\/wp-content\/uploads\/2025\/08\/IMG_0208-575x863.jpg 575w, https:\/\/woka-store.pl\/wp-content\/uploads\/2025\/08\/IMG_0208-380x570.jpg 380w, https:\/\/woka-store.pl\/wp-content\/uploads\/2025\/08\/IMG_0208-800x1200.jpg 800w, https:\/\/woka-store.pl\/wp-content\/uploads\/2025\/08\/IMG_0208-scaled.jpg 1707w\" sizes=\"(max-width: 683px) 100vw, 683px\" \/>\t\t\t\t\t\t\t\t\t\t\t\t\t\t\t<\/div>\n\t\t\t\t<\/div>\n\t\t\t\t<div class=\"elementor-element elementor-element-f0886e1 elementor-widget elementor-widget-image\" data-id=\"f0886e1\" data-element_type=\"widget\" data-e-type=\"widget\" data-widget_type=\"image.default\">\n\t\t\t\t<div class=\"elementor-widget-container\">\n\t\t\t\t\t\t\t\t\t\t\t\t\t\t\t<img decoding=\"async\" width=\"683\" height=\"1024\" data-src=\"https:\/\/woka-store.pl\/wp-content\/uploads\/2024\/12\/IMG_0211-683x1024.jpg\" class=\"attachment-large size-large wp-image-4137 lazyload\" alt=\"\" data-srcset=\"https:\/\/woka-store.pl\/wp-content\/uploads\/2024\/12\/IMG_0211-683x1024.jpg 683w, https:\/\/woka-store.pl\/wp-content\/uploads\/2024\/12\/IMG_0211-scaled-800x1200.jpg 800w, https:\/\/woka-store.pl\/wp-content\/uploads\/2024\/12\/IMG_0211-400x600.jpg 400w, https:\/\/woka-store.pl\/wp-content\/uploads\/2024\/12\/IMG_0211-768x1152.jpg 768w, https:\/\/woka-store.pl\/wp-content\/uploads\/2024\/12\/IMG_0211-1024x1536.jpg 1024w, https:\/\/woka-store.pl\/wp-content\/uploads\/2024\/12\/IMG_0211-1365x2048.jpg 1365w, https:\/\/woka-store.pl\/wp-content\/uploads\/2024\/12\/IMG_0211-1140x1710.jpg 1140w, https:\/\/woka-store.pl\/wp-content\/uploads\/2024\/12\/IMG_0211-920x1380.jpg 920w, https:\/\/woka-store.pl\/wp-content\/uploads\/2024\/12\/IMG_0211-575x863.jpg 575w, https:\/\/woka-store.pl\/wp-content\/uploads\/2024\/12\/IMG_0211-380x570.jpg 380w, https:\/\/woka-store.pl\/wp-content\/uploads\/2024\/12\/IMG_0211-scaled.jpg 1707w\" data-sizes=\"(max-width: 683px) 100vw, 683px\" src=\"data:image\/svg+xml;base64,PHN2ZyB3aWR0aD0iMSIgaGVpZ2h0PSIxIiB4bWxucz0iaHR0cDovL3d3dy53My5vcmcvMjAwMC9zdmciPjwvc3ZnPg==\" style=\"--smush-placeholder-width: 683px; --smush-placeholder-aspect-ratio: 683\/1024;\" \/>\t\t\t\t\t\t\t\t\t\t\t\t\t\t\t<\/div>\n\t\t\t\t<\/div>\n\t\t\t\t<div class=\"elementor-element elementor-element-53f3621 elementor-widget elementor-widget-image\" data-id=\"53f3621\" data-element_type=\"widget\" data-e-type=\"widget\" data-widget_type=\"image.default\">\n\t\t\t\t<div class=\"elementor-widget-container\">\n\t\t\t\t\t\t\t\t\t\t\t\t\t\t\t<img decoding=\"async\" width=\"683\" height=\"1024\" data-src=\"https:\/\/woka-store.pl\/wp-content\/uploads\/2025\/08\/IMG_0220-683x1024.jpg\" class=\"attachment-large size-large wp-image-7789 lazyload\" alt=\"\" data-srcset=\"https:\/\/woka-store.pl\/wp-content\/uploads\/2025\/08\/IMG_0220-683x1024.jpg 683w, https:\/\/woka-store.pl\/wp-content\/uploads\/2025\/08\/IMG_0220-400x600.jpg 400w, https:\/\/woka-store.pl\/wp-content\/uploads\/2025\/08\/IMG_0220-768x1152.jpg 768w, https:\/\/woka-store.pl\/wp-content\/uploads\/2025\/08\/IMG_0220-1024x1536.jpg 1024w, https:\/\/woka-store.pl\/wp-content\/uploads\/2025\/08\/IMG_0220-1365x2048.jpg 1365w, https:\/\/woka-store.pl\/wp-content\/uploads\/2025\/08\/IMG_0220-8x12.jpg 8w, https:\/\/woka-store.pl\/wp-content\/uploads\/2025\/08\/IMG_0220-1140x1710.jpg 1140w, https:\/\/woka-store.pl\/wp-content\/uploads\/2025\/08\/IMG_0220-920x1380.jpg 920w, https:\/\/woka-store.pl\/wp-content\/uploads\/2025\/08\/IMG_0220-575x863.jpg 575w, https:\/\/woka-store.pl\/wp-content\/uploads\/2025\/08\/IMG_0220-380x570.jpg 380w, https:\/\/woka-store.pl\/wp-content\/uploads\/2025\/08\/IMG_0220-800x1200.jpg 800w, https:\/\/woka-store.pl\/wp-content\/uploads\/2025\/08\/IMG_0220-scaled.jpg 1706w\" data-sizes=\"(max-width: 683px) 100vw, 683px\" src=\"data:image\/svg+xml;base64,PHN2ZyB3aWR0aD0iMSIgaGVpZ2h0PSIxIiB4bWxucz0iaHR0cDovL3d3dy53My5vcmcvMjAwMC9zdmciPjwvc3ZnPg==\" style=\"--smush-placeholder-width: 683px; --smush-placeholder-aspect-ratio: 683\/1024;\" \/>\t\t\t\t\t\t\t\t\t\t\t\t\t\t\t<\/div>\n\t\t\t\t<\/div>\n\t\t\t\t<div class=\"elementor-element elementor-element-6ad4840 elementor-widget elementor-widget-image\" data-id=\"6ad4840\" data-element_type=\"widget\" data-e-type=\"widget\" data-widget_type=\"image.default\">\n\t\t\t\t<div class=\"elementor-widget-container\">\n\t\t\t\t\t\t\t\t\t\t\t\t\t\t\t<img decoding=\"async\" width=\"683\" height=\"1024\" data-src=\"https:\/\/woka-store.pl\/wp-content\/uploads\/2024\/12\/IMG_0195-683x1024.jpg\" class=\"attachment-large size-large wp-image-4144 lazyload\" alt=\"\" data-srcset=\"https:\/\/woka-store.pl\/wp-content\/uploads\/2024\/12\/IMG_0195-683x1024.jpg 683w, https:\/\/woka-store.pl\/wp-content\/uploads\/2024\/12\/IMG_0195-scaled-800x1200.jpg 800w, https:\/\/woka-store.pl\/wp-content\/uploads\/2024\/12\/IMG_0195-400x600.jpg 400w, https:\/\/woka-store.pl\/wp-content\/uploads\/2024\/12\/IMG_0195-768x1152.jpg 768w, https:\/\/woka-store.pl\/wp-content\/uploads\/2024\/12\/IMG_0195-1024x1536.jpg 1024w, https:\/\/woka-store.pl\/wp-content\/uploads\/2024\/12\/IMG_0195-1365x2048.jpg 1365w, https:\/\/woka-store.pl\/wp-content\/uploads\/2024\/12\/IMG_0195-1140x1710.jpg 1140w, https:\/\/woka-store.pl\/wp-content\/uploads\/2024\/12\/IMG_0195-920x1380.jpg 920w, https:\/\/woka-store.pl\/wp-content\/uploads\/2024\/12\/IMG_0195-575x863.jpg 575w, https:\/\/woka-store.pl\/wp-content\/uploads\/2024\/12\/IMG_0195-380x570.jpg 380w, https:\/\/woka-store.pl\/wp-content\/uploads\/2024\/12\/IMG_0195-scaled.jpg 1707w\" data-sizes=\"(max-width: 683px) 100vw, 683px\" src=\"data:image\/svg+xml;base64,PHN2ZyB3aWR0aD0iMSIgaGVpZ2h0PSIxIiB4bWxucz0iaHR0cDovL3d3dy53My5vcmcvMjAwMC9zdmciPjwvc3ZnPg==\" style=\"--smush-placeholder-width: 683px; --smush-placeholder-aspect-ratio: 683\/1024;\" \/>\t\t\t\t\t\t\t\t\t\t\t\t\t\t\t<\/div>\n\t\t\t\t<\/div>\n\t\t\t\t<\/div>\n\t\t<div class=\"elementor-element elementor-element-2aabd5e e-flex e-con-boxed e-con e-parent\" data-id=\"2aabd5e\" data-element_type=\"container\" data-e-type=\"container\">\n\t\t\t\t\t<div class=\"e-con-inner\">\n\t\t\t\t<div class=\"elementor-element elementor-element-d98f3eb elementor-widget elementor-widget-spacer\" data-id=\"d98f3eb\" data-element_type=\"widget\" data-e-type=\"widget\" data-widget_type=\"spacer.default\">\n\t\t\t\t<div class=\"elementor-widget-container\">\n\t\t\t\t\t\t\t<div class=\"elementor-spacer\">\n\t\t\t<div class=\"elementor-spacer-inner\"><\/div>\n\t\t<\/div>\n\t\t\t\t\t\t<\/div>\n\t\t\t\t<\/div>\n\t\t\t\t<div class=\"elementor-element elementor-element-9076f89 elementor-widget__width-initial elementor-widget-tablet__width-initial elementor-widget elementor-widget-text-editor\" data-id=\"9076f89\" data-element_type=\"widget\" data-e-type=\"widget\" data-widget_type=\"text-editor.default\">\n\t\t\t\t<div class=\"elementor-widget-container\">\n\t\t\t\t\t\t\t\t\t<h6>The onyx jewelry collection combines natural elegance with modern style, highlighting the uniqueness of every detail<\/h6>\t\t\t\t\t\t\t\t<\/div>\n\t\t\t\t<\/div>\n\t\t\t\t<div class=\"elementor-element elementor-element-9fd5fd6 elementor-widget elementor-widget-spacer\" data-id=\"9fd5fd6\" data-element_type=\"widget\" data-e-type=\"widget\" data-widget_type=\"spacer.default\">\n\t\t\t\t<div class=\"elementor-widget-container\">\n\t\t\t\t\t\t\t<div class=\"elementor-spacer\">\n\t\t\t<div class=\"elementor-spacer-inner\"><\/div>\n\t\t<\/div>\n\t\t\t\t\t\t<\/div>\n\t\t\t\t<\/div>\n\t\t\t\t<div class=\"elementor-element elementor-element-2df0288 elementor-widget elementor-widget-shortcode\" data-id=\"2df0288\" data-element_type=\"widget\" data-e-type=\"widget\" data-widget_type=\"shortcode.default\">\n\t\t\t\t<div class=\"elementor-widget-container\">\n\t\t\t\t\t\t\t<div class=\"elementor-shortcode\"><div class=\"woocommerce columns-4 product-equal-height\"><ul class=\"products columns-4\">\n<li class=\"product type-product post-7788 status-publish first instock product_cat-naszyjniki product_cat-onyx product_cat-wszystkie-produkty product_tag-ostatnia-sztuka has-post-thumbnail shipping-taxable purchasable product-type-simple has-manage-stock has-only-one-instock has-gallery-images has-botiga-buy-now-button\">\n\t<a href=\"https:\/\/woka-store.pl\/en\/product\/naszyjnik-noir-2\/\" class=\"woocommerce-LoopProduct-link woocommerce-loop-product__link\"><img decoding=\"async\" width=\"800\" height=\"1000\" data-src=\"https:\/\/woka-store.pl\/wp-content\/uploads\/2025\/08\/IMG_9501-800x1000.jpg\" class=\"attachment-woocommerce_thumbnail size-woocommerce_thumbnail lazyload\" alt=\"Naszyjnik NOIR\" src=\"data:image\/svg+xml;base64,PHN2ZyB3aWR0aD0iMSIgaGVpZ2h0PSIxIiB4bWxucz0iaHR0cDovL3d3dy53My5vcmcvMjAwMC9zdmciPjwvc3ZnPg==\" style=\"--smush-placeholder-width: 800px; --smush-placeholder-aspect-ratio: 800\/1000;\" \/><div class=\"merchant-product-labels merchant-product-labels__regular merchant-product-labels--multiple show-on-desktop show-on-mobile\"><div class=\"merchant-product-labels__label-wrapper merchant-product-labels__text merchant-product-labels__text-shape-1 position-top-left\" style=\"margin:0;padding:0;width:110px;height:30px;font-size:11px;background-color:#212121;color:#ffffff;border-radius:0px;top:0px;left:0px\"><span class=\"merchant-label merchant-label-top-left\">Last piece<\/span><\/div><\/div><h2 class=\"woocommerce-loop-product__title\">Necklace NOIR<\/h2>\n\t<span class=\"price\"><span class=\"woocommerce-Price-amount amount\"><bdi>180&nbsp;<span class=\"woocommerce-Price-currencySymbol\">&#122;&#322;<\/span><\/bdi><\/span><\/span>\n<\/a><a title=\"Add to cart: \u201cNaszyjnik NOIR\u201d\" href=\"\/en\/wp-json\/wp\/v2\/pages\/3460?add-to-cart=7788\" aria-describedby=\"woocommerce_loop_add_to_cart_link_describedby_7788\" data-quantity=\"1\" class=\"button product_type_simple add_to_cart_button ajax_add_to_cart\" data-product_id=\"7788\" data-product_sku=\"\" aria-label=\"Add to cart: \u201cNaszyjnik NOIR\u201d\" rel=\"nofollow\" data-success_message=\"\u201cNaszyjnik NOIR\u201d has been added to your cart\" role=\"button\" data-no-translation=\"\" data-trp-gettext=\"\" data-no-translation-title=\"\" data-no-translation-aria-label=\"\" data-no-translation-data-success_message=\"\">Add to cart<\/a><a href=\"https:\/\/woka-store.pl\/en\/checkout\/?add-to-cart=7788&#038;botiga_buy_now=1\" class=\"button botiga-buy-now-button botiga-buy-now-button-shop-archive\">Buy Now<\/a>\t<span id=\"woocommerce_loop_add_to_cart_link_describedby_7788\" class=\"screen-reader-text\">\n\t\t\t<\/span>\n<\/li>\n<li class=\"product type-product post-4142 status-publish instock product_cat-naszyjniki product_cat-onyx product_cat-wszystkie-produkty has-post-thumbnail shipping-taxable purchasable product-type-simple has-manage-stock has-gallery-images has-botiga-buy-now-button\">\n\t<a href=\"https:\/\/woka-store.pl\/en\/product\/naszyjnik-onyx2\/\" class=\"woocommerce-LoopProduct-link woocommerce-loop-product__link\"><img decoding=\"async\" width=\"800\" height=\"1000\" data-src=\"https:\/\/woka-store.pl\/wp-content\/uploads\/2024\/12\/IMG_0160-scaled-800x1000.jpg\" class=\"attachment-woocommerce_thumbnail size-woocommerce_thumbnail lazyload\" alt=\"Naszyjnik ONYKS\" src=\"data:image\/svg+xml;base64,PHN2ZyB3aWR0aD0iMSIgaGVpZ2h0PSIxIiB4bWxucz0iaHR0cDovL3d3dy53My5vcmcvMjAwMC9zdmciPjwvc3ZnPg==\" style=\"--smush-placeholder-width: 800px; --smush-placeholder-aspect-ratio: 800\/1000;\" \/><h2 class=\"woocommerce-loop-product__title\">Necklace ONYX<\/h2>\n\t<span class=\"price\"><span class=\"woocommerce-Price-amount amount\"><bdi>190&nbsp;<span class=\"woocommerce-Price-currencySymbol\">&#122;&#322;<\/span><\/bdi><\/span><\/span>\n<\/a><a title=\"Add to cart: \u201cNaszyjnik ONYKS\u201d\" href=\"\/en\/wp-json\/wp\/v2\/pages\/3460?add-to-cart=4142\" aria-describedby=\"woocommerce_loop_add_to_cart_link_describedby_4142\" data-quantity=\"1\" class=\"button product_type_simple add_to_cart_button ajax_add_to_cart\" data-product_id=\"4142\" data-product_sku=\"\" aria-label=\"Add to cart: \u201cNaszyjnik ONYKS\u201d\" rel=\"nofollow\" data-success_message=\"\u201cNaszyjnik ONYKS\u201d has been added to your cart\" role=\"button\" data-no-translation=\"\" data-trp-gettext=\"\" data-no-translation-title=\"\" data-no-translation-aria-label=\"\" data-no-translation-data-success_message=\"\">Add to cart<\/a><a href=\"https:\/\/woka-store.pl\/en\/checkout\/?add-to-cart=4142&#038;botiga_buy_now=1\" class=\"button botiga-buy-now-button botiga-buy-now-button-shop-archive\">Buy Now<\/a>\t<span id=\"woocommerce_loop_add_to_cart_link_describedby_4142\" class=\"screen-reader-text\">\n\t\t\t<\/span>\n<\/li>\n<li class=\"product type-product post-4127 status-publish instock product_cat-naszyjniki product_cat-onyx product_cat-wszystkie-produkty has-post-thumbnail shipping-taxable purchasable product-type-simple has-manage-stock has-gallery-images has-botiga-buy-now-button\">\n\t<a href=\"https:\/\/woka-store.pl\/en\/product\/naszyjnik-onyx\/\" class=\"woocommerce-LoopProduct-link woocommerce-loop-product__link\"><img decoding=\"async\" width=\"800\" height=\"1000\" data-src=\"https:\/\/woka-store.pl\/wp-content\/uploads\/2024\/12\/IMG_0211-scaled-800x1000.jpg\" class=\"attachment-woocommerce_thumbnail size-woocommerce_thumbnail lazyload\" alt=\"Naszyjnik ONYKS\" src=\"data:image\/svg+xml;base64,PHN2ZyB3aWR0aD0iMSIgaGVpZ2h0PSIxIiB4bWxucz0iaHR0cDovL3d3dy53My5vcmcvMjAwMC9zdmciPjwvc3ZnPg==\" style=\"--smush-placeholder-width: 800px; --smush-placeholder-aspect-ratio: 800\/1000;\" \/><h2 class=\"woocommerce-loop-product__title\">Necklace ONYX<\/h2>\n\t<span class=\"price\"><span class=\"woocommerce-Price-amount amount\"><bdi>160&nbsp;<span class=\"woocommerce-Price-currencySymbol\">&#122;&#322;<\/span><\/bdi><\/span><\/span>\n<\/a><a title=\"Add to cart: \u201cNaszyjnik ONYKS\u201d\" href=\"\/en\/wp-json\/wp\/v2\/pages\/3460?add-to-cart=4127\" aria-describedby=\"woocommerce_loop_add_to_cart_link_describedby_4127\" data-quantity=\"1\" class=\"button product_type_simple add_to_cart_button ajax_add_to_cart\" data-product_id=\"4127\" data-product_sku=\"\" aria-label=\"Add to cart: \u201cNaszyjnik ONYKS\u201d\" rel=\"nofollow\" data-success_message=\"\u201cNaszyjnik ONYKS\u201d has been added to your cart\" role=\"button\" data-no-translation=\"\" data-trp-gettext=\"\" data-no-translation-title=\"\" data-no-translation-aria-label=\"\" data-no-translation-data-success_message=\"\">Add to cart<\/a><a href=\"https:\/\/woka-store.pl\/en\/checkout\/?add-to-cart=4127&#038;botiga_buy_now=1\" class=\"button botiga-buy-now-button botiga-buy-now-button-shop-archive\">Buy Now<\/a>\t<span id=\"woocommerce_loop_add_to_cart_link_describedby_4127\" class=\"screen-reader-text\">\n\t\t\t<\/span>\n<\/li>\n<li class=\"product type-product post-4153 status-publish last instock product_cat-naszyjniki product_cat-onyx product_cat-wszystkie-produkty has-post-thumbnail shipping-taxable purchasable product-type-simple has-manage-stock has-gallery-images has-botiga-buy-now-button\">\n\t<a href=\"https:\/\/woka-store.pl\/en\/product\/naszyjnik-onyx3\/\" class=\"woocommerce-LoopProduct-link woocommerce-loop-product__link\"><img decoding=\"async\" width=\"800\" height=\"1000\" data-src=\"https:\/\/woka-store.pl\/wp-content\/uploads\/2024\/12\/IMG_0302-scaled-800x1000.jpg\" class=\"attachment-woocommerce_thumbnail size-woocommerce_thumbnail lazyload\" alt=\"Naszyjnik ONYKS\" src=\"data:image\/svg+xml;base64,PHN2ZyB3aWR0aD0iMSIgaGVpZ2h0PSIxIiB4bWxucz0iaHR0cDovL3d3dy53My5vcmcvMjAwMC9zdmciPjwvc3ZnPg==\" style=\"--smush-placeholder-width: 800px; --smush-placeholder-aspect-ratio: 800\/1000;\" \/><h2 class=\"woocommerce-loop-product__title\">Necklace ONYX<\/h2>\n\t<span class=\"price\"><span class=\"woocommerce-Price-amount amount\"><bdi>170&nbsp;<span class=\"woocommerce-Price-currencySymbol\">&#122;&#322;<\/span><\/bdi><\/span><\/span>\n<\/a><a title=\"Add to cart: \u201cNaszyjnik ONYKS\u201d\" href=\"\/en\/wp-json\/wp\/v2\/pages\/3460?add-to-cart=4153\" aria-describedby=\"woocommerce_loop_add_to_cart_link_describedby_4153\" data-quantity=\"1\" class=\"button product_type_simple add_to_cart_button ajax_add_to_cart\" data-product_id=\"4153\" data-product_sku=\"\" aria-label=\"Add to cart: \u201cNaszyjnik ONYKS\u201d\" rel=\"nofollow\" data-success_message=\"\u201cNaszyjnik ONYKS\u201d has been added to your cart\" role=\"button\" data-no-translation=\"\" data-trp-gettext=\"\" data-no-translation-title=\"\" data-no-translation-aria-label=\"\" data-no-translation-data-success_message=\"\">Add to cart<\/a><a href=\"https:\/\/woka-store.pl\/en\/checkout\/?add-to-cart=4153&#038;botiga_buy_now=1\" class=\"button botiga-buy-now-button botiga-buy-now-button-shop-archive\">Buy Now<\/a>\t<span id=\"woocommerce_loop_add_to_cart_link_describedby_4153\" class=\"screen-reader-text\">\n\t\t\t<\/span>\n<\/li>\n<\/ul>\n<\/div><\/div>\n\t\t\t\t\t\t<\/div>\n\t\t\t\t<\/div>\n\t\t\t\t<div class=\"elementor-element elementor-element-396e522 elementor-widget elementor-widget-spacer\" data-id=\"396e522\" data-element_type=\"widget\" data-e-type=\"widget\" data-widget_type=\"spacer.default\">\n\t\t\t\t<div class=\"elementor-widget-container\">\n\t\t\t\t\t\t\t<div class=\"elementor-spacer\">\n\t\t\t<div class=\"elementor-spacer-inner\"><\/div>\n\t\t<\/div>\n\t\t\t\t\t\t<\/div>\n\t\t\t\t<\/div>\n\t\t\t\t\t<\/div>\n\t\t\t\t<\/div>\n\t\t\t\t<\/div>","protected":false},"excerpt":{"rendered":"<p>ONYKS Kolekcja bi\u017cuterii z onyksu \u0142\u0105czy w sobie naturaln\u0105 elegancj\u0119 i nowoczesny styl, podkre\u015blaj\u0105c wyj\u0105tkowo\u015b\u0107 ka\u017cdego detalu<\/p>","protected":false},"author":1,"featured_media":0,"parent":0,"menu_order":0,"comment_status":"closed","ping_status":"closed","template":"","meta":{"footnotes":""},"class_list":["post-3460","page","type-page","status-publish","hentry"],"jetpack_sharing_enabled":true,"_links":{"self":[{"href":"https:\/\/woka-store.pl\/en\/wp-json\/wp\/v2\/pages\/3460","targetHints":{"allow":["GET"]}}],"collection":[{"href":"https:\/\/woka-store.pl\/en\/wp-json\/wp\/v2\/pages"}],"about":[{"href":"https:\/\/woka-store.pl\/en\/wp-json\/wp\/v2\/types\/page"}],"author":[{"embeddable":true,"href":"https:\/\/woka-store.pl\/en\/wp-json\/wp\/v2\/users\/1"}],"replies":[{"embeddable":true,"href":"https:\/\/woka-store.pl\/en\/wp-json\/wp\/v2\/comments?post=3460"}],"version-history":[{"count":6,"href":"https:\/\/woka-store.pl\/en\/wp-json\/wp\/v2\/pages\/3460\/revisions"}],"predecessor-version":[{"id":7841,"href":"https:\/\/woka-store.pl\/en\/wp-json\/wp\/v2\/pages\/3460\/revisions\/7841"}],"wp:attachment":[{"href":"https:\/\/woka-store.pl\/en\/wp-json\/wp\/v2\/media?parent=3460"}],"curies":[{"name":"wp","href":"https:\/\/api.w.org\/{rel}","templated":true}]}}