{"id":3665,"date":"2024-11-28T17:42:16","date_gmt":"2024-11-28T16:42:16","guid":{"rendered":"https:\/\/woka-store.pl\/?page_id=3665"},"modified":"2025-01-27T20:46:22","modified_gmt":"2025-01-27T19:46:22","slug":"granat","status":"publish","type":"page","link":"https:\/\/woka-store.pl\/en\/granat\/","title":{"rendered":"granat"},"content":{"rendered":"<div data-elementor-type=\"wp-page\" data-elementor-id=\"3665\" class=\"elementor elementor-3665\">\n\t\t\t\t<div class=\"elementor-element elementor-element-65ec509 e-flex e-con-boxed e-con e-parent\" data-id=\"65ec509\" data-element_type=\"container\" data-e-type=\"container\">\n\t\t\t\t\t<div class=\"e-con-inner\">\n\t\t\t\t<div class=\"elementor-element elementor-element-b4c5db8 elementor-widget elementor-widget-heading\" data-id=\"b4c5db8\" data-element_type=\"widget\" data-e-type=\"widget\" data-widget_type=\"heading.default\">\n\t\t\t\t<div class=\"elementor-widget-container\">\n\t\t\t\t\t<h2 class=\"elementor-heading-title elementor-size-default\">Garnet<\/h2>\t\t\t\t<\/div>\n\t\t\t\t<\/div>\n\t\t\t\t\t<\/div>\n\t\t\t\t<\/div>\n\t\t<div class=\"elementor-element elementor-element-8418512 e-con-full e-grid e-con e-parent\" data-id=\"8418512\" data-element_type=\"container\" data-e-type=\"container\">\n\t\t<div class=\"elementor-element elementor-element-1960d14 e-flex e-con-boxed e-con e-child\" data-id=\"1960d14\" data-element_type=\"container\" data-e-type=\"container\">\n\t\t\t\t\t<div class=\"e-con-inner\">\n\t\t\t\t<div class=\"elementor-element elementor-element-985ba33 elementor-widget__width-initial elementor-widget elementor-widget-image\" data-id=\"985ba33\" data-element_type=\"widget\" data-e-type=\"widget\" data-widget_type=\"image.default\">\n\t\t\t\t<div class=\"elementor-widget-container\">\n\t\t\t\t\t\t\t\t\t\t\t\t\t\t\t<img fetchpriority=\"high\" decoding=\"async\" width=\"2048\" height=\"1365\" src=\"https:\/\/woka-store.pl\/wp-content\/uploads\/2024\/11\/IMG_9156-2048x1365.jpg\" class=\"attachment-2048x2048 size-2048x2048 wp-image-1327\" alt=\"\" srcset=\"https:\/\/woka-store.pl\/wp-content\/uploads\/2024\/11\/IMG_9156-2048x1365.jpg 2048w, https:\/\/woka-store.pl\/wp-content\/uploads\/2024\/11\/IMG_9156-scaled-800x533.jpg 800w, https:\/\/woka-store.pl\/wp-content\/uploads\/2024\/11\/IMG_9156-300x200.jpg 300w, https:\/\/woka-store.pl\/wp-content\/uploads\/2024\/11\/IMG_9156-1024x683.jpg 1024w, https:\/\/woka-store.pl\/wp-content\/uploads\/2024\/11\/IMG_9156-768x512.jpg 768w, https:\/\/woka-store.pl\/wp-content\/uploads\/2024\/11\/IMG_9156-1536x1024.jpg 1536w, https:\/\/woka-store.pl\/wp-content\/uploads\/2024\/11\/IMG_9156-1140x760.jpg 1140w, https:\/\/woka-store.pl\/wp-content\/uploads\/2024\/11\/IMG_9156-920x613.jpg 920w, https:\/\/woka-store.pl\/wp-content\/uploads\/2024\/11\/IMG_9156-575x383.jpg 575w, https:\/\/woka-store.pl\/wp-content\/uploads\/2024\/11\/IMG_9156-380x253.jpg 380w, https:\/\/woka-store.pl\/wp-content\/uploads\/2024\/11\/IMG_9156-80x53.jpg 80w\" sizes=\"(max-width: 2048px) 100vw, 2048px\" \/>\t\t\t\t\t\t\t\t\t\t\t\t\t\t\t<\/div>\n\t\t\t\t<\/div>\n\t\t\t\t\t<\/div>\n\t\t\t\t<\/div>\n\t\t<div class=\"elementor-element elementor-element-aba90d2 e-grid e-con-boxed e-con e-child\" data-id=\"aba90d2\" data-element_type=\"container\" data-e-type=\"container\">\n\t\t\t\t\t<div class=\"e-con-inner\">\n\t\t<div class=\"elementor-element elementor-element-43d6e64 e-grid e-con-full e-con e-child\" data-id=\"43d6e64\" data-element_type=\"container\" data-e-type=\"container\">\n\t\t\t\t<div class=\"elementor-element elementor-element-22b4e5b elementor-widget elementor-widget-image\" data-id=\"22b4e5b\" data-element_type=\"widget\" data-e-type=\"widget\" data-widget_type=\"image.default\">\n\t\t\t\t<div class=\"elementor-widget-container\">\n\t\t\t\t\t\t\t\t\t\t\t\t\t\t\t<img decoding=\"async\" width=\"683\" height=\"1024\" data-src=\"https:\/\/woka-store.pl\/wp-content\/uploads\/2024\/11\/LM6A1437-683x1024.jpg\" class=\"attachment-large size-large wp-image-1335 lazyload\" alt=\"\" data-srcset=\"https:\/\/woka-store.pl\/wp-content\/uploads\/2024\/11\/LM6A1437-683x1024.jpg 683w, https:\/\/woka-store.pl\/wp-content\/uploads\/2024\/11\/LM6A1437-scaled-800x1200.jpg 800w, https:\/\/woka-store.pl\/wp-content\/uploads\/2024\/11\/LM6A1437-200x300.jpg 200w, https:\/\/woka-store.pl\/wp-content\/uploads\/2024\/11\/LM6A1437-768x1152.jpg 768w, https:\/\/woka-store.pl\/wp-content\/uploads\/2024\/11\/LM6A1437-1024x1536.jpg 1024w, https:\/\/woka-store.pl\/wp-content\/uploads\/2024\/11\/LM6A1437-1366x2048.jpg 1366w, https:\/\/woka-store.pl\/wp-content\/uploads\/2024\/11\/LM6A1437-1140x1710.jpg 1140w, https:\/\/woka-store.pl\/wp-content\/uploads\/2024\/11\/LM6A1437-920x1380.jpg 920w, https:\/\/woka-store.pl\/wp-content\/uploads\/2024\/11\/LM6A1437-575x862.jpg 575w, https:\/\/woka-store.pl\/wp-content\/uploads\/2024\/11\/LM6A1437-380x570.jpg 380w, https:\/\/woka-store.pl\/wp-content\/uploads\/2024\/11\/LM6A1437-67x100.jpg 67w, https:\/\/woka-store.pl\/wp-content\/uploads\/2024\/11\/LM6A1437-scaled.jpg 1707w\" data-sizes=\"(max-width: 683px) 100vw, 683px\" src=\"data:image\/svg+xml;base64,PHN2ZyB3aWR0aD0iMSIgaGVpZ2h0PSIxIiB4bWxucz0iaHR0cDovL3d3dy53My5vcmcvMjAwMC9zdmciPjwvc3ZnPg==\" style=\"--smush-placeholder-width: 683px; --smush-placeholder-aspect-ratio: 683\/1024;\" \/>\t\t\t\t\t\t\t\t\t\t\t\t\t\t\t<\/div>\n\t\t\t\t<\/div>\n\t\t\t\t<div class=\"elementor-element elementor-element-2742cd0 elementor-hidden-mobile elementor-widget elementor-widget-image\" data-id=\"2742cd0\" data-element_type=\"widget\" data-e-type=\"widget\" data-widget_type=\"image.default\">\n\t\t\t\t<div class=\"elementor-widget-container\">\n\t\t\t\t\t\t\t\t\t\t\t\t\t\t\t<img decoding=\"async\" width=\"683\" height=\"1024\" data-src=\"https:\/\/woka-store.pl\/wp-content\/uploads\/2024\/11\/LM6A1457-683x1024.jpg\" class=\"attachment-large size-large wp-image-3685 lazyload\" alt=\"\" data-srcset=\"https:\/\/woka-store.pl\/wp-content\/uploads\/2024\/11\/LM6A1457-683x1024.jpg 683w, https:\/\/woka-store.pl\/wp-content\/uploads\/2024\/11\/LM6A1457-scaled-800x1200.jpg 800w, https:\/\/woka-store.pl\/wp-content\/uploads\/2024\/11\/LM6A1457-200x300.jpg 200w, https:\/\/woka-store.pl\/wp-content\/uploads\/2024\/11\/LM6A1457-768x1152.jpg 768w, https:\/\/woka-store.pl\/wp-content\/uploads\/2024\/11\/LM6A1457-1024x1536.jpg 1024w, https:\/\/woka-store.pl\/wp-content\/uploads\/2024\/11\/LM6A1457-1365x2048.jpg 1365w, https:\/\/woka-store.pl\/wp-content\/uploads\/2024\/11\/LM6A1457-1140x1710.jpg 1140w, https:\/\/woka-store.pl\/wp-content\/uploads\/2024\/11\/LM6A1457-920x1380.jpg 920w, https:\/\/woka-store.pl\/wp-content\/uploads\/2024\/11\/LM6A1457-575x862.jpg 575w, https:\/\/woka-store.pl\/wp-content\/uploads\/2024\/11\/LM6A1457-380x570.jpg 380w, https:\/\/woka-store.pl\/wp-content\/uploads\/2024\/11\/LM6A1457-scaled.jpg 1707w\" data-sizes=\"(max-width: 683px) 100vw, 683px\" src=\"data:image\/svg+xml;base64,PHN2ZyB3aWR0aD0iMSIgaGVpZ2h0PSIxIiB4bWxucz0iaHR0cDovL3d3dy53My5vcmcvMjAwMC9zdmciPjwvc3ZnPg==\" style=\"--smush-placeholder-width: 683px; --smush-placeholder-aspect-ratio: 683\/1024;\" \/>\t\t\t\t\t\t\t\t\t\t\t\t\t\t\t<\/div>\n\t\t\t\t<\/div>\n\t\t\t\t<\/div>\n\t\t\t\t\t<\/div>\n\t\t\t\t<\/div>\n\t\t\t\t<\/div>\n\t\t<div class=\"elementor-element elementor-element-2aabd5e e-flex e-con-boxed e-con e-parent\" data-id=\"2aabd5e\" data-element_type=\"container\" data-e-type=\"container\">\n\t\t\t\t\t<div class=\"e-con-inner\">\n\t\t\t\t<div class=\"elementor-element elementor-element-d98f3eb elementor-widget elementor-widget-spacer\" data-id=\"d98f3eb\" data-element_type=\"widget\" data-e-type=\"widget\" data-widget_type=\"spacer.default\">\n\t\t\t\t<div class=\"elementor-widget-container\">\n\t\t\t\t\t\t\t<div class=\"elementor-spacer\">\n\t\t\t<div class=\"elementor-spacer-inner\"><\/div>\n\t\t<\/div>\n\t\t\t\t\t\t<\/div>\n\t\t\t\t<\/div>\n\t\t\t\t<div class=\"elementor-element elementor-element-9076f89 elementor-widget__width-initial elementor-widget elementor-widget-text-editor\" data-id=\"9076f89\" data-element_type=\"widget\" data-e-type=\"widget\" data-widget_type=\"text-editor.default\">\n\t\t\t\t<div class=\"elementor-widget-container\">\n\t\t\t\t\t\t\t\t\t<h6>The garnet jewelry collection combines passion and elegance, highlighting the deep red hue and natural beauty of the stone<\/h6>\t\t\t\t\t\t\t\t<\/div>\n\t\t\t\t<\/div>\n\t\t\t\t<div class=\"elementor-element elementor-element-9fd5fd6 elementor-widget elementor-widget-spacer\" data-id=\"9fd5fd6\" data-element_type=\"widget\" data-e-type=\"widget\" data-widget_type=\"spacer.default\">\n\t\t\t\t<div class=\"elementor-widget-container\">\n\t\t\t\t\t\t\t<div class=\"elementor-spacer\">\n\t\t\t<div class=\"elementor-spacer-inner\"><\/div>\n\t\t<\/div>\n\t\t\t\t\t\t<\/div>\n\t\t\t\t<\/div>\n\t\t\t\t<div class=\"elementor-element elementor-element-2df0288 elementor-widget elementor-widget-shortcode\" data-id=\"2df0288\" data-element_type=\"widget\" data-e-type=\"widget\" data-widget_type=\"shortcode.default\">\n\t\t\t\t<div class=\"elementor-widget-container\">\n\t\t\t\t\t\t\t<div class=\"elementor-shortcode\"><div class=\"woocommerce columns-4 product-equal-height\"><ul class=\"products columns-4\">\n<li class=\"product type-product post-9561 status-publish first instock product_cat-granat product_cat-kwarc-rozowy product_cat-naszyjniki product_cat-wszystkie-produkty has-post-thumbnail shipping-taxable purchasable product-type-variable has-gallery-images has-botiga-buy-now-button\">\n\t<a href=\"https:\/\/woka-store.pl\/en\/product\/naszyjnik-nuvia\/\" class=\"woocommerce-LoopProduct-link woocommerce-loop-product__link\"><img decoding=\"async\" width=\"800\" height=\"1000\" data-src=\"https:\/\/woka-store.pl\/wp-content\/uploads\/2026\/03\/IMG_3029-17-800x1000.jpg\" class=\"attachment-woocommerce_thumbnail size-woocommerce_thumbnail lazyload\" alt=\"Naszyjnik NUVIA\" src=\"data:image\/svg+xml;base64,PHN2ZyB3aWR0aD0iMSIgaGVpZ2h0PSIxIiB4bWxucz0iaHR0cDovL3d3dy53My5vcmcvMjAwMC9zdmciPjwvc3ZnPg==\" style=\"--smush-placeholder-width: 800px; --smush-placeholder-aspect-ratio: 800\/1000;\" \/><h2 class=\"woocommerce-loop-product__title\">Necklace NUVIA<\/h2>\n\t<span class=\"price\"><span class=\"woocommerce-Price-amount amount\" aria-hidden=\"true\"><bdi>160&nbsp;<span class=\"woocommerce-Price-currencySymbol\">&#122;&#322;<\/span><\/bdi><\/span> <span aria-hidden=\"true\">&ndash;<\/span> <span class=\"woocommerce-Price-amount amount\" aria-hidden=\"true\"><bdi>240&nbsp;<span class=\"woocommerce-Price-currencySymbol\">&#122;&#322;<\/span><\/bdi><\/span><span class=\"screen-reader-text\" data-no-translation=\"\" data-trp-gettext=\"\">\u0414\u0438\u0430\u043f\u0430\u0437\u043e\u043d \u0446\u0435\u043d: 160&nbsp;&#122;&#322; \u2013 240&nbsp;&#122;&#322;<\/span><\/span>\n<\/a><a title=\"Select options for \u201cNaszyjnik NUVIA\u201d\" href=\"https:\/\/woka-store.pl\/en\/product\/naszyjnik-nuvia\/\" aria-describedby=\"woocommerce_loop_add_to_cart_link_describedby_9561\" data-quantity=\"1\" class=\"button product_type_variable add_to_cart_button\" data-product_id=\"9561\" data-product_sku=\"\" aria-label=\"Select options for \u201cNaszyjnik NUVIA\u201d\" rel=\"nofollow\" data-no-translation=\"\" data-trp-gettext=\"\" data-no-translation-title=\"\" data-no-translation-aria-label=\"\">Select options<\/a>\t<span id=\"woocommerce_loop_add_to_cart_link_describedby_9561\" class=\"screen-reader-text\">\n\t\tThis product has multiple variants. The options may be chosen on the product page\t<\/span>\n<\/li>\n<li class=\"product type-product post-8035 status-publish instock product_cat-bransoletki product_cat-granat product_cat-wszystkie-produkty has-post-thumbnail shipping-taxable purchasable product-type-simple has-manage-stock has-gallery-images has-botiga-buy-now-button\">\n\t<a href=\"https:\/\/woka-store.pl\/en\/product\/bransoletka-granat-2\/\" class=\"woocommerce-LoopProduct-link woocommerce-loop-product__link\"><img decoding=\"async\" width=\"800\" height=\"1000\" data-src=\"https:\/\/woka-store.pl\/wp-content\/uploads\/2025\/09\/IMG_0557-800x1000.jpg\" class=\"attachment-woocommerce_thumbnail size-woocommerce_thumbnail lazyload\" alt=\"Bransoletka GRANAT\" src=\"data:image\/svg+xml;base64,PHN2ZyB3aWR0aD0iMSIgaGVpZ2h0PSIxIiB4bWxucz0iaHR0cDovL3d3dy53My5vcmcvMjAwMC9zdmciPjwvc3ZnPg==\" style=\"--smush-placeholder-width: 800px; --smush-placeholder-aspect-ratio: 800\/1000;\" \/><h2 class=\"woocommerce-loop-product__title\">Bracelet GARNET<\/h2>\n\t<span class=\"price\"><span class=\"woocommerce-Price-amount amount\"><bdi>130&nbsp;<span class=\"woocommerce-Price-currencySymbol\">&#122;&#322;<\/span><\/bdi><\/span><\/span>\n<\/a><a title=\"Add to cart: \u201cBransoletka GRANAT\u201d\" href=\"\/en\/wp-json\/wp\/v2\/pages\/3665?add-to-cart=8035\" aria-describedby=\"woocommerce_loop_add_to_cart_link_describedby_8035\" data-quantity=\"1\" class=\"button product_type_simple add_to_cart_button ajax_add_to_cart\" data-product_id=\"8035\" data-product_sku=\"\" aria-label=\"Add to cart: \u201cBransoletka GRANAT\u201d\" rel=\"nofollow\" data-success_message=\"\u201cBransoletka GRANAT\u201d has been added to your cart\" role=\"button\" data-no-translation=\"\" data-trp-gettext=\"\" data-no-translation-title=\"\" data-no-translation-aria-label=\"\" data-no-translation-data-success_message=\"\">Add to cart<\/a><a href=\"https:\/\/woka-store.pl\/en\/checkout\/?add-to-cart=8035&#038;botiga_buy_now=1\" class=\"button botiga-buy-now-button botiga-buy-now-button-shop-archive\">Buy Now<\/a>\t<span id=\"woocommerce_loop_add_to_cart_link_describedby_8035\" class=\"screen-reader-text\">\n\t\t\t<\/span>\n<\/li>\n<li class=\"product type-product post-1336 status-publish instock product_cat-granat product_cat-naszyjniki product_cat-stal-chirurgiczna product_cat-wszystkie-produkty has-post-thumbnail shipping-taxable purchasable product-type-simple has-manage-stock has-gallery-images has-botiga-buy-now-button\">\n\t<a href=\"https:\/\/woka-store.pl\/en\/product\/naszyjnik-metalowy-stick\/\" class=\"woocommerce-LoopProduct-link woocommerce-loop-product__link\"><img decoding=\"async\" width=\"800\" height=\"1000\" data-src=\"https:\/\/woka-store.pl\/wp-content\/uploads\/2024\/11\/IMG_9015-scaled-800x1000.jpg\" class=\"attachment-woocommerce_thumbnail size-woocommerce_thumbnail lazyload\" alt=\"Naszyjnik STICK\" src=\"data:image\/svg+xml;base64,PHN2ZyB3aWR0aD0iMSIgaGVpZ2h0PSIxIiB4bWxucz0iaHR0cDovL3d3dy53My5vcmcvMjAwMC9zdmciPjwvc3ZnPg==\" style=\"--smush-placeholder-width: 800px; --smush-placeholder-aspect-ratio: 800\/1000;\" \/><h2 class=\"woocommerce-loop-product__title\">Necklace STICK<\/h2>\n\t<span class=\"price\"><span class=\"woocommerce-Price-amount amount\"><bdi>130&nbsp;<span class=\"woocommerce-Price-currencySymbol\">&#122;&#322;<\/span><\/bdi><\/span><\/span>\n<\/a><a title=\"Add to cart: \u201cNaszyjnik STICK\u201d\" href=\"\/en\/wp-json\/wp\/v2\/pages\/3665?add-to-cart=1336\" aria-describedby=\"woocommerce_loop_add_to_cart_link_describedby_1336\" data-quantity=\"1\" class=\"button product_type_simple add_to_cart_button ajax_add_to_cart\" data-product_id=\"1336\" data-product_sku=\"\" aria-label=\"Add to cart: \u201cNaszyjnik STICK\u201d\" rel=\"nofollow\" data-success_message=\"\u201cNaszyjnik STICK\u201d has been added to your cart\" role=\"button\" data-no-translation=\"\" data-trp-gettext=\"\" data-no-translation-title=\"\" data-no-translation-aria-label=\"\" data-no-translation-data-success_message=\"\">Add to cart<\/a><a href=\"https:\/\/woka-store.pl\/en\/checkout\/?add-to-cart=1336&#038;botiga_buy_now=1\" class=\"button botiga-buy-now-button botiga-buy-now-button-shop-archive\">Buy Now<\/a>\t<span id=\"woocommerce_loop_add_to_cart_link_describedby_1336\" class=\"screen-reader-text\">\n\t\t\t<\/span>\n<\/li>\n<li class=\"product type-product post-4197 status-publish last instock product_cat-granat product_cat-naszyjniki product_cat-wszystkie-produkty has-post-thumbnail shipping-taxable purchasable product-type-simple has-manage-stock has-gallery-images has-botiga-buy-now-button\">\n\t<a href=\"https:\/\/woka-store.pl\/en\/product\/naszyjnik-granat-2\/\" class=\"woocommerce-LoopProduct-link woocommerce-loop-product__link\"><img decoding=\"async\" width=\"800\" height=\"1000\" data-src=\"https:\/\/woka-store.pl\/wp-content\/uploads\/2024\/11\/IMG_9161-scaled-800x1000.jpg\" class=\"attachment-woocommerce_thumbnail size-woocommerce_thumbnail lazyload\" alt=\"Naszyjnik GRANAT\" src=\"data:image\/svg+xml;base64,PHN2ZyB3aWR0aD0iMSIgaGVpZ2h0PSIxIiB4bWxucz0iaHR0cDovL3d3dy53My5vcmcvMjAwMC9zdmciPjwvc3ZnPg==\" style=\"--smush-placeholder-width: 800px; --smush-placeholder-aspect-ratio: 800\/1000;\" \/><h2 class=\"woocommerce-loop-product__title\">Necklace GARNET<\/h2>\n\t<span class=\"price\"><span class=\"woocommerce-Price-amount amount\"><bdi>140&nbsp;<span class=\"woocommerce-Price-currencySymbol\">&#122;&#322;<\/span><\/bdi><\/span><\/span>\n<\/a><a title=\"Add to cart: \u201cNaszyjnik GRANAT\u201d\" href=\"\/en\/wp-json\/wp\/v2\/pages\/3665?add-to-cart=4197\" aria-describedby=\"woocommerce_loop_add_to_cart_link_describedby_4197\" data-quantity=\"1\" class=\"button product_type_simple add_to_cart_button ajax_add_to_cart\" data-product_id=\"4197\" data-product_sku=\"\" aria-label=\"Add to cart: \u201cNaszyjnik GRANAT\u201d\" rel=\"nofollow\" data-success_message=\"\u201cNaszyjnik GRANAT\u201d has been added to your cart\" role=\"button\" data-no-translation=\"\" data-trp-gettext=\"\" data-no-translation-title=\"\" data-no-translation-aria-label=\"\" data-no-translation-data-success_message=\"\">Add to cart<\/a><a href=\"https:\/\/woka-store.pl\/en\/checkout\/?add-to-cart=4197&#038;botiga_buy_now=1\" class=\"button botiga-buy-now-button botiga-buy-now-button-shop-archive\">Buy Now<\/a>\t<span id=\"woocommerce_loop_add_to_cart_link_describedby_4197\" class=\"screen-reader-text\">\n\t\t\t<\/span>\n<\/li>\n<li class=\"product type-product post-1316 status-publish first instock product_cat-granat product_cat-naszyjniki product_cat-wszystkie-produkty has-post-thumbnail shipping-taxable purchasable product-type-simple has-manage-stock has-gallery-images has-botiga-buy-now-button\">\n\t<a href=\"https:\/\/woka-store.pl\/en\/product\/naszyjnik-granat\/\" class=\"woocommerce-LoopProduct-link woocommerce-loop-product__link\"><img decoding=\"async\" width=\"800\" height=\"1000\" data-src=\"https:\/\/woka-store.pl\/wp-content\/uploads\/2024\/11\/IMG_9148-scaled-800x1000.jpg\" class=\"attachment-woocommerce_thumbnail size-woocommerce_thumbnail lazyload\" alt=\"Naszyjnik GRANAT\" src=\"data:image\/svg+xml;base64,PHN2ZyB3aWR0aD0iMSIgaGVpZ2h0PSIxIiB4bWxucz0iaHR0cDovL3d3dy53My5vcmcvMjAwMC9zdmciPjwvc3ZnPg==\" style=\"--smush-placeholder-width: 800px; --smush-placeholder-aspect-ratio: 800\/1000;\" \/><h2 class=\"woocommerce-loop-product__title\">Necklace GARNET<\/h2>\n\t<span class=\"price\"><span class=\"woocommerce-Price-amount amount\"><bdi>160&nbsp;<span class=\"woocommerce-Price-currencySymbol\">&#122;&#322;<\/span><\/bdi><\/span><\/span>\n<\/a><a title=\"Add to cart: \u201cNaszyjnik GRANAT\u201d\" href=\"\/en\/wp-json\/wp\/v2\/pages\/3665?add-to-cart=1316\" aria-describedby=\"woocommerce_loop_add_to_cart_link_describedby_1316\" data-quantity=\"1\" class=\"button product_type_simple add_to_cart_button ajax_add_to_cart\" data-product_id=\"1316\" data-product_sku=\"\" aria-label=\"Add to cart: \u201cNaszyjnik GRANAT\u201d\" rel=\"nofollow\" data-success_message=\"\u201cNaszyjnik GRANAT\u201d has been added to your cart\" role=\"button\" data-no-translation=\"\" data-trp-gettext=\"\" data-no-translation-title=\"\" data-no-translation-aria-label=\"\" data-no-translation-data-success_message=\"\">Add to cart<\/a><a href=\"https:\/\/woka-store.pl\/en\/checkout\/?add-to-cart=1316&#038;botiga_buy_now=1\" class=\"button botiga-buy-now-button botiga-buy-now-button-shop-archive\">Buy Now<\/a>\t<span id=\"woocommerce_loop_add_to_cart_link_describedby_1316\" class=\"screen-reader-text\">\n\t\t\t<\/span>\n<\/li>\n<\/ul>\n<\/div><\/div>\n\t\t\t\t\t\t<\/div>\n\t\t\t\t<\/div>\n\t\t\t\t<div class=\"elementor-element elementor-element-3986c7d elementor-widget elementor-widget-spacer\" data-id=\"3986c7d\" data-element_type=\"widget\" data-e-type=\"widget\" data-widget_type=\"spacer.default\">\n\t\t\t\t<div class=\"elementor-widget-container\">\n\t\t\t\t\t\t\t<div class=\"elementor-spacer\">\n\t\t\t<div class=\"elementor-spacer-inner\"><\/div>\n\t\t<\/div>\n\t\t\t\t\t\t<\/div>\n\t\t\t\t<\/div>\n\t\t\t\t\t<\/div>\n\t\t\t\t<\/div>\n\t\t\t\t<\/div>","protected":false},"excerpt":{"rendered":"<p>Granat Kolekcja bi\u017cuterii z kamienia granat \u0142\u0105czy w sobie pasj\u0119 i elegancj\u0119, podkre\u015blaj\u0105c g\u0142\u0119boki czerwony odcie\u0144 i naturalne pi\u0119kno kamienia<\/p>","protected":false},"author":1,"featured_media":0,"parent":0,"menu_order":0,"comment_status":"closed","ping_status":"closed","template":"","meta":{"footnotes":""},"class_list":["post-3665","page","type-page","status-publish","hentry"],"jetpack_sharing_enabled":true,"_links":{"self":[{"href":"https:\/\/woka-store.pl\/en\/wp-json\/wp\/v2\/pages\/3665","targetHints":{"allow":["GET"]}}],"collection":[{"href":"https:\/\/woka-store.pl\/en\/wp-json\/wp\/v2\/pages"}],"about":[{"href":"https:\/\/woka-store.pl\/en\/wp-json\/wp\/v2\/types\/page"}],"author":[{"embeddable":true,"href":"https:\/\/woka-store.pl\/en\/wp-json\/wp\/v2\/users\/1"}],"replies":[{"embeddable":true,"href":"https:\/\/woka-store.pl\/en\/wp-json\/wp\/v2\/comments?post=3665"}],"version-history":[{"count":0,"href":"https:\/\/woka-store.pl\/en\/wp-json\/wp\/v2\/pages\/3665\/revisions"}],"wp:attachment":[{"href":"https:\/\/woka-store.pl\/en\/wp-json\/wp\/v2\/media?parent=3665"}],"curies":[{"name":"wp","href":"https:\/\/api.w.org\/{rel}","templated":true}]}}