{"id":3840,"date":"2024-11-29T14:10:27","date_gmt":"2024-11-29T13:10:27","guid":{"rendered":"https:\/\/woka-store.pl\/?page_id=3840"},"modified":"2026-01-30T16:31:27","modified_gmt":"2026-01-30T15:31:27","slug":"hematyt","status":"publish","type":"page","link":"https:\/\/woka-store.pl\/en\/hematyt\/","title":{"rendered":"HEMATITE"},"content":{"rendered":"<div data-elementor-type=\"wp-page\" data-elementor-id=\"3840\" class=\"elementor elementor-3840\">\n\t\t\t\t<div class=\"elementor-element elementor-element-65ec509 e-flex e-con-boxed e-con e-parent\" data-id=\"65ec509\" data-element_type=\"container\" data-e-type=\"container\">\n\t\t\t\t\t<div class=\"e-con-inner\">\n\t\t\t\t<div class=\"elementor-element elementor-element-b4c5db8 elementor-widget elementor-widget-heading\" data-id=\"b4c5db8\" data-element_type=\"widget\" data-e-type=\"widget\" data-widget_type=\"heading.default\">\n\t\t\t\t<div class=\"elementor-widget-container\">\n\t\t\t\t\t<h2 class=\"elementor-heading-title elementor-size-default\">HEMATITE<\/h2>\t\t\t\t<\/div>\n\t\t\t\t<\/div>\n\t\t\t\t\t<\/div>\n\t\t\t\t<\/div>\n\t\t<div class=\"elementor-element elementor-element-8418512 e-con-full e-grid e-con e-parent\" data-id=\"8418512\" data-element_type=\"container\" data-e-type=\"container\">\n\t\t\t\t<div class=\"elementor-element elementor-element-beca761 elementor-widget elementor-widget-image\" data-id=\"beca761\" data-element_type=\"widget\" data-e-type=\"widget\" data-widget_type=\"image.default\">\n\t\t\t\t<div class=\"elementor-widget-container\">\n\t\t\t\t\t\t\t\t\t\t\t\t\t\t\t<img fetchpriority=\"high\" decoding=\"async\" width=\"1536\" height=\"1024\" src=\"https:\/\/woka-store.pl\/wp-content\/uploads\/2024\/11\/IMG_8941-1-scaled.jpg\" class=\"attachment-1536x1536 size-1536x1536 wp-image-3251\" alt=\"\" srcset=\"https:\/\/woka-store.pl\/wp-content\/uploads\/2024\/11\/IMG_8941-1-scaled.jpg 2560w, https:\/\/woka-store.pl\/wp-content\/uploads\/2024\/11\/IMG_8941-1-scaled-800x533.jpg 800w, https:\/\/woka-store.pl\/wp-content\/uploads\/2024\/11\/IMG_8941-1-300x200.jpg 300w, https:\/\/woka-store.pl\/wp-content\/uploads\/2024\/11\/IMG_8941-1-1024x683.jpg 1024w, https:\/\/woka-store.pl\/wp-content\/uploads\/2024\/11\/IMG_8941-1-768x512.jpg 768w\" sizes=\"(max-width: 1536px) 100vw, 1536px\" \/>\t\t\t\t\t\t\t\t\t\t\t\t\t\t\t<\/div>\n\t\t\t\t<\/div>\n\t\t\t\t<\/div>\n\t\t<div class=\"elementor-element elementor-element-2aabd5e e-flex e-con-boxed e-con e-parent\" data-id=\"2aabd5e\" data-element_type=\"container\" data-e-type=\"container\">\n\t\t\t\t\t<div class=\"e-con-inner\">\n\t\t\t\t<div class=\"elementor-element elementor-element-d98f3eb elementor-widget elementor-widget-spacer\" data-id=\"d98f3eb\" data-element_type=\"widget\" data-e-type=\"widget\" data-widget_type=\"spacer.default\">\n\t\t\t\t<div class=\"elementor-widget-container\">\n\t\t\t\t\t\t\t<div class=\"elementor-spacer\">\n\t\t\t<div class=\"elementor-spacer-inner\"><\/div>\n\t\t<\/div>\n\t\t\t\t\t\t<\/div>\n\t\t\t\t<\/div>\n\t\t\t\t<div class=\"elementor-element elementor-element-9076f89 elementor-widget__width-initial elementor-widget elementor-widget-text-editor\" data-id=\"9076f89\" data-element_type=\"widget\" data-e-type=\"widget\" data-widget_type=\"text-editor.default\">\n\t\t\t\t<div class=\"elementor-widget-container\">\n\t\t\t\t\t\t\t\t\t<h6>The hematite jewelry collection delights with its metallic depth and stylish rawness, emphasizing confidence and the modern character of the look<\/h6>\t\t\t\t\t\t\t\t<\/div>\n\t\t\t\t<\/div>\n\t\t\t\t<div class=\"elementor-element elementor-element-9fd5fd6 elementor-widget elementor-widget-spacer\" data-id=\"9fd5fd6\" data-element_type=\"widget\" data-e-type=\"widget\" data-widget_type=\"spacer.default\">\n\t\t\t\t<div class=\"elementor-widget-container\">\n\t\t\t\t\t\t\t<div class=\"elementor-spacer\">\n\t\t\t<div class=\"elementor-spacer-inner\"><\/div>\n\t\t<\/div>\n\t\t\t\t\t\t<\/div>\n\t\t\t\t<\/div>\n\t\t\t\t<div class=\"elementor-element elementor-element-2df0288 elementor-widget elementor-widget-shortcode\" data-id=\"2df0288\" data-element_type=\"widget\" data-e-type=\"widget\" data-widget_type=\"shortcode.default\">\n\t\t\t\t<div class=\"elementor-widget-container\">\n\t\t\t\t\t\t\t<div class=\"elementor-shortcode\"><div class=\"woocommerce columns-4 product-equal-height\"><ul class=\"products columns-4\">\n<li class=\"product type-product post-9252 status-publish first instock product_cat-hematyt product_cat-naszyjniki product_cat-nocne-niebo product_cat-wszystkie-produkty has-post-thumbnail shipping-taxable purchasable product-type-simple has-manage-stock has-only-one-instock has-gallery-images has-botiga-buy-now-button\">\n\t<a href=\"https:\/\/woka-store.pl\/en\/product\/naszyjnik-moon-5\/\" class=\"woocommerce-LoopProduct-link woocommerce-loop-product__link\"><img decoding=\"async\" width=\"800\" height=\"1000\" data-src=\"https:\/\/woka-store.pl\/wp-content\/uploads\/2026\/01\/IMG_2406-19-scaled-800x1000.jpg\" class=\"attachment-woocommerce_thumbnail size-woocommerce_thumbnail lazyload\" alt=\"Naszyjnik MOON\" src=\"data:image\/svg+xml;base64,PHN2ZyB3aWR0aD0iMSIgaGVpZ2h0PSIxIiB4bWxucz0iaHR0cDovL3d3dy53My5vcmcvMjAwMC9zdmciPjwvc3ZnPg==\" style=\"--smush-placeholder-width: 800px; --smush-placeholder-aspect-ratio: 800\/1000;\" \/><h2 class=\"woocommerce-loop-product__title\">Necklace MOON<\/h2>\n\t<span class=\"price\"><span class=\"woocommerce-Price-amount amount\"><bdi>160&nbsp;<span class=\"woocommerce-Price-currencySymbol\">&#122;&#322;<\/span><\/bdi><\/span><\/span>\n<\/a><a title=\"Add to cart: \u201cNaszyjnik MOON\u201d\" href=\"\/en\/wp-json\/wp\/v2\/pages\/3840?add-to-cart=9252\" aria-describedby=\"woocommerce_loop_add_to_cart_link_describedby_9252\" data-quantity=\"1\" class=\"button product_type_simple add_to_cart_button ajax_add_to_cart\" data-product_id=\"9252\" data-product_sku=\"\" aria-label=\"Add to cart: \u201cNaszyjnik MOON\u201d\" rel=\"nofollow\" data-success_message=\"\u201cNaszyjnik MOON\u201d has been added to your cart\" role=\"button\" data-no-translation=\"\" data-trp-gettext=\"\" data-no-translation-title=\"\" data-no-translation-aria-label=\"\" data-no-translation-data-success_message=\"\">Add to cart<\/a><a href=\"https:\/\/woka-store.pl\/en\/checkout\/?add-to-cart=9252&#038;botiga_buy_now=1\" class=\"button botiga-buy-now-button botiga-buy-now-button-shop-archive\">Buy Now<\/a>\t<span id=\"woocommerce_loop_add_to_cart_link_describedby_9252\" class=\"screen-reader-text\">\n\t\t\t<\/span>\n<\/li>\n<li class=\"product type-product post-9249 status-publish instock product_cat-hematyt product_cat-naszyjniki product_cat-nocne-niebo product_cat-wszystkie-produkty has-post-thumbnail shipping-taxable purchasable product-type-simple has-manage-stock has-only-one-instock has-gallery-images has-botiga-buy-now-button\">\n\t<a href=\"https:\/\/woka-store.pl\/en\/product\/naszyjnik-cassiopeia\/\" class=\"woocommerce-LoopProduct-link woocommerce-loop-product__link\"><img decoding=\"async\" width=\"800\" height=\"1000\" data-src=\"https:\/\/woka-store.pl\/wp-content\/uploads\/2026\/01\/IMG_2433-23-800x1000.jpg\" class=\"attachment-woocommerce_thumbnail size-woocommerce_thumbnail lazyload\" alt=\"Naszyjnik CASSIOPEIA\" src=\"data:image\/svg+xml;base64,PHN2ZyB3aWR0aD0iMSIgaGVpZ2h0PSIxIiB4bWxucz0iaHR0cDovL3d3dy53My5vcmcvMjAwMC9zdmciPjwvc3ZnPg==\" style=\"--smush-placeholder-width: 800px; --smush-placeholder-aspect-ratio: 800\/1000;\" \/><h2 class=\"woocommerce-loop-product__title\">Necklace CASSIOPEIA<\/h2>\n\t<span class=\"price\"><span class=\"woocommerce-Price-amount amount\"><bdi>180&nbsp;<span class=\"woocommerce-Price-currencySymbol\">&#122;&#322;<\/span><\/bdi><\/span><\/span>\n<\/a><a title=\"Add to cart: \u201cNaszyjnik CASSIOPEIA\u201d\" href=\"\/en\/wp-json\/wp\/v2\/pages\/3840?add-to-cart=9249\" aria-describedby=\"woocommerce_loop_add_to_cart_link_describedby_9249\" data-quantity=\"1\" class=\"button product_type_simple add_to_cart_button ajax_add_to_cart\" data-product_id=\"9249\" data-product_sku=\"\" aria-label=\"Add to cart: \u201cNaszyjnik CASSIOPEIA\u201d\" rel=\"nofollow\" data-success_message=\"\u201cNaszyjnik CASSIOPEIA\u201d has been added to your cart\" role=\"button\" data-no-translation=\"\" data-trp-gettext=\"\" data-no-translation-title=\"\" data-no-translation-aria-label=\"\" data-no-translation-data-success_message=\"\">Add to cart<\/a><a href=\"https:\/\/woka-store.pl\/en\/checkout\/?add-to-cart=9249&#038;botiga_buy_now=1\" class=\"button botiga-buy-now-button botiga-buy-now-button-shop-archive\">Buy Now<\/a>\t<span id=\"woocommerce_loop_add_to_cart_link_describedby_9249\" class=\"screen-reader-text\">\n\t\t\t<\/span>\n<\/li>\n<li class=\"product type-product post-9201 status-publish instock product_cat-hematyt product_cat-naszyjniki product_cat-nocne-niebo product_cat-wszystkie-produkty has-post-thumbnail shipping-taxable purchasable product-type-simple has-manage-stock has-only-one-instock has-gallery-images has-botiga-buy-now-button\">\n\t<a href=\"https:\/\/woka-store.pl\/en\/product\/naszyjnik-saturn\/\" class=\"woocommerce-LoopProduct-link woocommerce-loop-product__link\"><img decoding=\"async\" width=\"800\" height=\"1000\" data-src=\"https:\/\/woka-store.pl\/wp-content\/uploads\/2026\/01\/IMG_2349-3-800x1000.jpg\" class=\"attachment-woocommerce_thumbnail size-woocommerce_thumbnail lazyload\" alt=\"Naszyjnik SATURN\" src=\"data:image\/svg+xml;base64,PHN2ZyB3aWR0aD0iMSIgaGVpZ2h0PSIxIiB4bWxucz0iaHR0cDovL3d3dy53My5vcmcvMjAwMC9zdmciPjwvc3ZnPg==\" style=\"--smush-placeholder-width: 800px; --smush-placeholder-aspect-ratio: 800\/1000;\" \/><h2 class=\"woocommerce-loop-product__title\">Necklace SATURN<\/h2>\n\t<span class=\"price\"><span class=\"woocommerce-Price-amount amount\"><bdi>210&nbsp;<span class=\"woocommerce-Price-currencySymbol\">&#122;&#322;<\/span><\/bdi><\/span><\/span>\n<\/a><a title=\"Add to cart: \u201cNaszyjnik SATURN\u201d\" href=\"\/en\/wp-json\/wp\/v2\/pages\/3840?add-to-cart=9201\" aria-describedby=\"woocommerce_loop_add_to_cart_link_describedby_9201\" data-quantity=\"1\" class=\"button product_type_simple add_to_cart_button ajax_add_to_cart\" data-product_id=\"9201\" data-product_sku=\"\" aria-label=\"Add to cart: \u201cNaszyjnik SATURN\u201d\" rel=\"nofollow\" data-success_message=\"\u201cNaszyjnik SATURN\u201d has been added to your cart\" role=\"button\" data-no-translation=\"\" data-trp-gettext=\"\" data-no-translation-title=\"\" data-no-translation-aria-label=\"\" data-no-translation-data-success_message=\"\">Add to cart<\/a><a href=\"https:\/\/woka-store.pl\/en\/checkout\/?add-to-cart=9201&#038;botiga_buy_now=1\" class=\"button botiga-buy-now-button botiga-buy-now-button-shop-archive\">Buy Now<\/a>\t<span id=\"woocommerce_loop_add_to_cart_link_describedby_9201\" class=\"screen-reader-text\">\n\t\t\t<\/span>\n<\/li>\n<li class=\"product type-product post-2926 status-publish last instock product_cat-bransoletki product_cat-hematyt product_cat-wszystkie-produkty has-post-thumbnail shipping-taxable purchasable product-type-simple has-manage-stock has-gallery-images has-botiga-buy-now-button\">\n\t<a href=\"https:\/\/woka-store.pl\/en\/product\/bransoletka-serce\/\" class=\"woocommerce-LoopProduct-link woocommerce-loop-product__link\"><img decoding=\"async\" width=\"800\" height=\"1000\" data-src=\"https:\/\/woka-store.pl\/wp-content\/uploads\/2024\/11\/IMG_9030-scaled-800x1000.jpg\" class=\"attachment-woocommerce_thumbnail size-woocommerce_thumbnail lazyload\" alt=\"Bransoletka HEART\" src=\"data:image\/svg+xml;base64,PHN2ZyB3aWR0aD0iMSIgaGVpZ2h0PSIxIiB4bWxucz0iaHR0cDovL3d3dy53My5vcmcvMjAwMC9zdmciPjwvc3ZnPg==\" style=\"--smush-placeholder-width: 800px; --smush-placeholder-aspect-ratio: 800\/1000;\" \/><h2 class=\"woocommerce-loop-product__title\">Bracelet HEART<\/h2>\n\t<span class=\"price\"><span class=\"woocommerce-Price-amount amount\"><bdi>110&nbsp;<span class=\"woocommerce-Price-currencySymbol\">&#122;&#322;<\/span><\/bdi><\/span><\/span>\n<\/a><a title=\"Add to cart: \u201cBransoletka HEART\u201d\" href=\"\/en\/wp-json\/wp\/v2\/pages\/3840?add-to-cart=2926\" aria-describedby=\"woocommerce_loop_add_to_cart_link_describedby_2926\" data-quantity=\"1\" class=\"button product_type_simple add_to_cart_button ajax_add_to_cart\" data-product_id=\"2926\" data-product_sku=\"\" aria-label=\"Add to cart: \u201cBransoletka HEART\u201d\" rel=\"nofollow\" data-success_message=\"\u201cBransoletka HEART\u201d has been added to your cart\" role=\"button\" data-no-translation=\"\" data-trp-gettext=\"\" data-no-translation-title=\"\" data-no-translation-aria-label=\"\" data-no-translation-data-success_message=\"\">Add to cart<\/a><a href=\"https:\/\/woka-store.pl\/en\/checkout\/?add-to-cart=2926&#038;botiga_buy_now=1\" class=\"button botiga-buy-now-button botiga-buy-now-button-shop-archive\">Buy Now<\/a>\t<span id=\"woocommerce_loop_add_to_cart_link_describedby_2926\" class=\"screen-reader-text\">\n\t\t\t<\/span>\n<\/li>\n<li class=\"product type-product post-3216 status-publish first instock product_cat-hematyt product_cat-naszyjniki product_cat-wszystkie-produkty product_cat-zloty-kolor has-post-thumbnail shipping-taxable purchasable product-type-variable has-manage-stock has-gallery-images has-botiga-buy-now-button\">\n\t<a href=\"https:\/\/woka-store.pl\/en\/product\/naszyjnik-heart-2\/\" class=\"woocommerce-LoopProduct-link woocommerce-loop-product__link\"><img decoding=\"async\" width=\"800\" height=\"1000\" data-src=\"https:\/\/woka-store.pl\/wp-content\/uploads\/2024\/11\/IMG_8853-scaled-800x1000.jpg\" class=\"attachment-woocommerce_thumbnail size-woocommerce_thumbnail lazyload\" alt=\"Naszyjnik HEART\" src=\"data:image\/svg+xml;base64,PHN2ZyB3aWR0aD0iMSIgaGVpZ2h0PSIxIiB4bWxucz0iaHR0cDovL3d3dy53My5vcmcvMjAwMC9zdmciPjwvc3ZnPg==\" style=\"--smush-placeholder-width: 800px; --smush-placeholder-aspect-ratio: 800\/1000;\" \/><h2 class=\"woocommerce-loop-product__title\">Necklace HEART<\/h2>\n\t<span class=\"price\"><span class=\"woocommerce-Price-amount amount\"><bdi>160&nbsp;<span class=\"woocommerce-Price-currencySymbol\">&#122;&#322;<\/span><\/bdi><\/span><\/span>\n<\/a><a title=\"Select options for \u201cNaszyjnik HEART\u201d\" href=\"https:\/\/woka-store.pl\/en\/product\/naszyjnik-heart-2\/\" aria-describedby=\"woocommerce_loop_add_to_cart_link_describedby_3216\" data-quantity=\"1\" class=\"button product_type_variable add_to_cart_button\" data-product_id=\"3216\" data-product_sku=\"\" aria-label=\"Select options for \u201cNaszyjnik HEART\u201d\" rel=\"nofollow\" data-no-translation=\"\" data-trp-gettext=\"\" data-no-translation-title=\"\" data-no-translation-aria-label=\"\">Select options<\/a>\t<span id=\"woocommerce_loop_add_to_cart_link_describedby_3216\" class=\"screen-reader-text\">\n\t\tThis product has multiple variants. The options may be chosen on the product page\t<\/span>\n<\/li>\n<\/ul>\n<\/div><\/div>\n\t\t\t\t\t\t<\/div>\n\t\t\t\t<\/div>\n\t\t\t\t<div class=\"elementor-element elementor-element-3a6697f elementor-widget elementor-widget-spacer\" data-id=\"3a6697f\" data-element_type=\"widget\" data-e-type=\"widget\" data-widget_type=\"spacer.default\">\n\t\t\t\t<div class=\"elementor-widget-container\">\n\t\t\t\t\t\t\t<div class=\"elementor-spacer\">\n\t\t\t<div class=\"elementor-spacer-inner\"><\/div>\n\t\t<\/div>\n\t\t\t\t\t\t<\/div>\n\t\t\t\t<\/div>\n\t\t\t\t\t<\/div>\n\t\t\t\t<\/div>\n\t\t\t\t<\/div>","protected":false},"excerpt":{"rendered":"<p>HEMATYT Kolekcja bi\u017cuterii z hematytu zachwyca metaliczn\u0105 g\u0142\u0119bi\u0105 i stylow\u0105 surowo\u015bci\u0105, podkre\u015blaj\u0105c pewno\u015b\u0107 siebie oraz nowoczesny charakter stylizacji<\/p>","protected":false},"author":1,"featured_media":0,"parent":0,"menu_order":0,"comment_status":"closed","ping_status":"closed","template":"","meta":{"footnotes":""},"class_list":["post-3840","page","type-page","status-publish","hentry"],"jetpack_sharing_enabled":true,"_links":{"self":[{"href":"https:\/\/woka-store.pl\/en\/wp-json\/wp\/v2\/pages\/3840","targetHints":{"allow":["GET"]}}],"collection":[{"href":"https:\/\/woka-store.pl\/en\/wp-json\/wp\/v2\/pages"}],"about":[{"href":"https:\/\/woka-store.pl\/en\/wp-json\/wp\/v2\/types\/page"}],"author":[{"embeddable":true,"href":"https:\/\/woka-store.pl\/en\/wp-json\/wp\/v2\/users\/1"}],"replies":[{"embeddable":true,"href":"https:\/\/woka-store.pl\/en\/wp-json\/wp\/v2\/comments?post=3840"}],"version-history":[{"count":3,"href":"https:\/\/woka-store.pl\/en\/wp-json\/wp\/v2\/pages\/3840\/revisions"}],"predecessor-version":[{"id":9239,"href":"https:\/\/woka-store.pl\/en\/wp-json\/wp\/v2\/pages\/3840\/revisions\/9239"}],"wp:attachment":[{"href":"https:\/\/woka-store.pl\/en\/wp-json\/wp\/v2\/media?parent=3840"}],"curies":[{"name":"wp","href":"https:\/\/api.w.org\/{rel}","templated":true}]}}