{"id":4128,"date":"2024-12-10T17:12:32","date_gmt":"2024-12-10T16:12:32","guid":{"rendered":"https:\/\/woka-store.pl\/?page_id=4128"},"modified":"2025-01-27T20:45:54","modified_gmt":"2025-01-27T19:45:54","slug":"angielit","status":"publish","type":"page","link":"https:\/\/woka-store.pl\/en\/angielit\/","title":{"rendered":"ANGELITE"},"content":{"rendered":"<div data-elementor-type=\"wp-page\" data-elementor-id=\"4128\" class=\"elementor elementor-4128\">\n\t\t\t\t<div class=\"elementor-element elementor-element-65ec509 e-flex e-con-boxed e-con e-parent\" data-id=\"65ec509\" data-element_type=\"container\" data-e-type=\"container\">\n\t\t\t\t\t<div class=\"e-con-inner\">\n\t\t\t\t<div class=\"elementor-element elementor-element-b4c5db8 elementor-widget elementor-widget-heading\" data-id=\"b4c5db8\" data-element_type=\"widget\" data-e-type=\"widget\" data-widget_type=\"heading.default\">\n\t\t\t\t<div class=\"elementor-widget-container\">\n\t\t\t\t\t<h2 class=\"elementor-heading-title elementor-size-default\">Angelite<\/h2>\t\t\t\t<\/div>\n\t\t\t\t<\/div>\n\t\t\t\t\t<\/div>\n\t\t\t\t<\/div>\n\t\t<div class=\"elementor-element elementor-element-8418512 e-con-full e-grid e-con e-parent\" data-id=\"8418512\" data-element_type=\"container\" data-e-type=\"container\">\n\t\t<div class=\"elementor-element elementor-element-1960d14 e-flex e-con-boxed e-con e-child\" data-id=\"1960d14\" data-element_type=\"container\" data-e-type=\"container\">\n\t\t\t\t\t<div class=\"e-con-inner\">\n\t\t\t\t<div class=\"elementor-element elementor-element-985ba33 elementor-widget__width-initial elementor-widget elementor-widget-image\" data-id=\"985ba33\" data-element_type=\"widget\" data-e-type=\"widget\" data-widget_type=\"image.default\">\n\t\t\t\t<div class=\"elementor-widget-container\">\n\t\t\t\t\t\t\t\t\t\t\t\t\t\t\t<img fetchpriority=\"high\" decoding=\"async\" width=\"1365\" height=\"2048\" src=\"https:\/\/woka-store.pl\/wp-content\/uploads\/2024\/11\/IMG_8315-1365x2048.jpg\" class=\"attachment-2048x2048 size-2048x2048 wp-image-3479\" alt=\"\" srcset=\"https:\/\/woka-store.pl\/wp-content\/uploads\/2024\/11\/IMG_8315-1365x2048.jpg 1365w, https:\/\/woka-store.pl\/wp-content\/uploads\/2024\/11\/IMG_8315-scaled-800x1200.jpg 800w, https:\/\/woka-store.pl\/wp-content\/uploads\/2024\/11\/IMG_8315-200x300.jpg 200w, https:\/\/woka-store.pl\/wp-content\/uploads\/2024\/11\/IMG_8315-683x1024.jpg 683w, https:\/\/woka-store.pl\/wp-content\/uploads\/2024\/11\/IMG_8315-768x1152.jpg 768w, https:\/\/woka-store.pl\/wp-content\/uploads\/2024\/11\/IMG_8315-1024x1536.jpg 1024w, https:\/\/woka-store.pl\/wp-content\/uploads\/2024\/11\/IMG_8315-1140x1710.jpg 1140w, https:\/\/woka-store.pl\/wp-content\/uploads\/2024\/11\/IMG_8315-920x1380.jpg 920w, https:\/\/woka-store.pl\/wp-content\/uploads\/2024\/11\/IMG_8315-575x863.jpg 575w, https:\/\/woka-store.pl\/wp-content\/uploads\/2024\/11\/IMG_8315-380x570.jpg 380w, https:\/\/woka-store.pl\/wp-content\/uploads\/2024\/11\/IMG_8315-scaled.jpg 1706w\" sizes=\"(max-width: 1365px) 100vw, 1365px\" \/>\t\t\t\t\t\t\t\t\t\t\t\t\t\t\t<\/div>\n\t\t\t\t<\/div>\n\t\t\t\t\t<\/div>\n\t\t\t\t<\/div>\n\t\t<div class=\"elementor-element elementor-element-aba90d2 e-grid e-con-boxed e-con e-child\" data-id=\"aba90d2\" data-element_type=\"container\" data-e-type=\"container\">\n\t\t\t\t\t<div class=\"e-con-inner\">\n\t\t\t\t<div class=\"elementor-element elementor-element-8ef8c9a elementor-widget__width-initial elementor-widget elementor-widget-image\" data-id=\"8ef8c9a\" data-element_type=\"widget\" data-e-type=\"widget\" data-widget_type=\"image.default\">\n\t\t\t\t<div class=\"elementor-widget-container\">\n\t\t\t\t\t\t\t\t\t\t\t\t\t\t\t<img decoding=\"async\" width=\"2048\" height=\"1365\" data-src=\"https:\/\/woka-store.pl\/wp-content\/uploads\/2024\/11\/IMG_8626-2048x1365.jpg\" class=\"attachment-2048x2048 size-2048x2048 wp-image-2847 lazyload\" alt=\"\" data-srcset=\"https:\/\/woka-store.pl\/wp-content\/uploads\/2024\/11\/IMG_8626-2048x1365.jpg 2048w, https:\/\/woka-store.pl\/wp-content\/uploads\/2024\/11\/IMG_8626-scaled-800x533.jpg 800w, https:\/\/woka-store.pl\/wp-content\/uploads\/2024\/11\/IMG_8626-300x200.jpg 300w, https:\/\/woka-store.pl\/wp-content\/uploads\/2024\/11\/IMG_8626-1024x683.jpg 1024w, https:\/\/woka-store.pl\/wp-content\/uploads\/2024\/11\/IMG_8626-768x512.jpg 768w, https:\/\/woka-store.pl\/wp-content\/uploads\/2024\/11\/IMG_8626-1536x1024.jpg 1536w, https:\/\/woka-store.pl\/wp-content\/uploads\/2024\/11\/IMG_8626-1140x760.jpg 1140w, https:\/\/woka-store.pl\/wp-content\/uploads\/2024\/11\/IMG_8626-920x613.jpg 920w, https:\/\/woka-store.pl\/wp-content\/uploads\/2024\/11\/IMG_8626-575x383.jpg 575w, https:\/\/woka-store.pl\/wp-content\/uploads\/2024\/11\/IMG_8626-380x253.jpg 380w, https:\/\/woka-store.pl\/wp-content\/uploads\/2024\/11\/IMG_8626-80x53.jpg 80w\" data-sizes=\"(max-width: 2048px) 100vw, 2048px\" src=\"data:image\/svg+xml;base64,PHN2ZyB3aWR0aD0iMSIgaGVpZ2h0PSIxIiB4bWxucz0iaHR0cDovL3d3dy53My5vcmcvMjAwMC9zdmciPjwvc3ZnPg==\" style=\"--smush-placeholder-width: 2048px; --smush-placeholder-aspect-ratio: 2048\/1365;\" \/>\t\t\t\t\t\t\t\t\t\t\t\t\t\t\t<\/div>\n\t\t\t\t<\/div>\n\t\t\t\t\t<\/div>\n\t\t\t\t<\/div>\n\t\t\t\t<\/div>\n\t\t<div class=\"elementor-element elementor-element-2aabd5e e-flex e-con-boxed e-con e-parent\" data-id=\"2aabd5e\" data-element_type=\"container\" data-e-type=\"container\">\n\t\t\t\t\t<div class=\"e-con-inner\">\n\t\t\t\t<div class=\"elementor-element elementor-element-d98f3eb elementor-widget elementor-widget-spacer\" data-id=\"d98f3eb\" data-element_type=\"widget\" data-e-type=\"widget\" data-widget_type=\"spacer.default\">\n\t\t\t\t<div class=\"elementor-widget-container\">\n\t\t\t\t\t\t\t<div class=\"elementor-spacer\">\n\t\t\t<div class=\"elementor-spacer-inner\"><\/div>\n\t\t<\/div>\n\t\t\t\t\t\t<\/div>\n\t\t\t\t<\/div>\n\t\t\t\t<div class=\"elementor-element elementor-element-9076f89 elementor-widget__width-initial elementor-widget elementor-widget-text-editor\" data-id=\"9076f89\" data-element_type=\"widget\" data-e-type=\"widget\" data-widget_type=\"text-editor.default\">\n\t\t\t\t<div class=\"elementor-widget-container\">\n\t\t\t\t\t\t\t\t\t<h6>The jewelry collection made of Angelite stone is inspired by the delicacy of nature, bringing harmony and elegance<\/h6>\t\t\t\t\t\t\t\t<\/div>\n\t\t\t\t<\/div>\n\t\t\t\t<div class=\"elementor-element elementor-element-9fd5fd6 elementor-widget elementor-widget-spacer\" data-id=\"9fd5fd6\" data-element_type=\"widget\" data-e-type=\"widget\" data-widget_type=\"spacer.default\">\n\t\t\t\t<div class=\"elementor-widget-container\">\n\t\t\t\t\t\t\t<div class=\"elementor-spacer\">\n\t\t\t<div class=\"elementor-spacer-inner\"><\/div>\n\t\t<\/div>\n\t\t\t\t\t\t<\/div>\n\t\t\t\t<\/div>\n\t\t\t\t<div class=\"elementor-element elementor-element-2df0288 elementor-widget elementor-widget-shortcode\" data-id=\"2df0288\" data-element_type=\"widget\" data-e-type=\"widget\" data-widget_type=\"shortcode.default\">\n\t\t\t\t<div class=\"elementor-widget-container\">\n\t\t\t\t\t\t\t<div class=\"elementor-shortcode\"><div class=\"woocommerce columns-4 product-equal-height\"><ul class=\"products columns-4\">\n<li class=\"product type-product post-8358 status-publish first outofstock product_cat-angielit product_cat-bransoletki product_cat-wszystkie-produkty has-post-thumbnail shipping-taxable purchasable product-type-simple has-manage-stock has-gallery-images has-botiga-buy-now-button\">\n\t<a href=\"https:\/\/woka-store.pl\/en\/product\/bransoletka-bluetie\/\" class=\"woocommerce-LoopProduct-link woocommerce-loop-product__link\"><img decoding=\"async\" width=\"800\" height=\"1000\" data-src=\"https:\/\/woka-store.pl\/wp-content\/uploads\/2025\/10\/20251015-IMG_1035-800x1000.jpg\" class=\"attachment-woocommerce_thumbnail size-woocommerce_thumbnail lazyload\" alt=\"Bransoletka BLUETIE\" src=\"data:image\/svg+xml;base64,PHN2ZyB3aWR0aD0iMSIgaGVpZ2h0PSIxIiB4bWxucz0iaHR0cDovL3d3dy53My5vcmcvMjAwMC9zdmciPjwvc3ZnPg==\" style=\"--smush-placeholder-width: 800px; --smush-placeholder-aspect-ratio: 800\/1000;\" \/><h2 class=\"woocommerce-loop-product__title\">Bracelet BLUETIE<\/h2>\n\t<span class=\"price\"><span class=\"woocommerce-Price-amount amount\"><bdi>130&nbsp;<span class=\"woocommerce-Price-currencySymbol\">&#122;&#322;<\/span><\/bdi><\/span><\/span>\n<\/a><a title=\"Read more about \u201cBransoletka BLUETIE\u201d\" href=\"https:\/\/woka-store.pl\/en\/product\/bransoletka-bluetie\/\" aria-describedby=\"woocommerce_loop_add_to_cart_link_describedby_8358\" data-quantity=\"1\" class=\"button product_type_simple\" data-product_id=\"8358\" data-product_sku=\"\" aria-label=\"Read more about \u201cBransoletka BLUETIE\u201d\" rel=\"nofollow\" data-success_message=\"\" data-no-translation=\"\" data-trp-gettext=\"\" data-no-translation-title=\"\" data-no-translation-aria-label=\"\">Read more<\/a>\t<span id=\"woocommerce_loop_add_to_cart_link_describedby_8358\" class=\"screen-reader-text\">\n\t\t\t<\/span>\n<\/li>\n<li class=\"product type-product post-2837 status-publish instock product_cat-angielit product_cat-naszyjniki product_cat-pastel product_cat-perly product_cat-wszystkie-produkty has-post-thumbnail shipping-taxable purchasable product-type-simple has-manage-stock has-gallery-images has-botiga-buy-now-button\">\n\t<a href=\"https:\/\/woka-store.pl\/en\/product\/naszyjnik-angielit-2\/\" class=\"woocommerce-LoopProduct-link woocommerce-loop-product__link\"><img decoding=\"async\" width=\"800\" height=\"1000\" data-src=\"https:\/\/woka-store.pl\/wp-content\/uploads\/2024\/11\/IMG_9183-scaled-800x1000.jpg\" class=\"attachment-woocommerce_thumbnail size-woocommerce_thumbnail lazyload\" alt=\"Naszyjnik ANGIELIT\" src=\"data:image\/svg+xml;base64,PHN2ZyB3aWR0aD0iMSIgaGVpZ2h0PSIxIiB4bWxucz0iaHR0cDovL3d3dy53My5vcmcvMjAwMC9zdmciPjwvc3ZnPg==\" style=\"--smush-placeholder-width: 800px; --smush-placeholder-aspect-ratio: 800\/1000;\" \/><h2 class=\"woocommerce-loop-product__title\">Necklace ANGELITE<\/h2>\n\t<span class=\"price\"><span class=\"woocommerce-Price-amount amount\"><bdi>190&nbsp;<span class=\"woocommerce-Price-currencySymbol\">&#122;&#322;<\/span><\/bdi><\/span><\/span>\n<\/a><a title=\"Add to cart: \u201cNaszyjnik ANGIELIT\u201d\" href=\"\/en\/wp-json\/wp\/v2\/pages\/4128?add-to-cart=2837\" aria-describedby=\"woocommerce_loop_add_to_cart_link_describedby_2837\" data-quantity=\"1\" class=\"button product_type_simple add_to_cart_button ajax_add_to_cart\" data-product_id=\"2837\" data-product_sku=\"\" aria-label=\"Add to cart: \u201cNaszyjnik ANGIELIT\u201d\" rel=\"nofollow\" data-success_message=\"\u201cNaszyjnik ANGIELIT\u201d has been added to your cart\" role=\"button\" data-no-translation=\"\" data-trp-gettext=\"\" data-no-translation-title=\"\" data-no-translation-aria-label=\"\" data-no-translation-data-success_message=\"\">Add to cart<\/a><a href=\"https:\/\/woka-store.pl\/en\/checkout\/?add-to-cart=2837&#038;botiga_buy_now=1\" class=\"button botiga-buy-now-button botiga-buy-now-button-shop-archive\">Buy Now<\/a>\t<span id=\"woocommerce_loop_add_to_cart_link_describedby_2837\" class=\"screen-reader-text\">\n\t\t\t<\/span>\n<\/li>\n<li class=\"product type-product post-2827 status-publish instock product_cat-angielit product_cat-naszyjniki product_cat-pastel product_cat-perly product_cat-wszystkie-produkty has-post-thumbnail shipping-taxable purchasable product-type-simple has-manage-stock has-gallery-images has-botiga-buy-now-button\">\n\t<a href=\"https:\/\/woka-store.pl\/en\/product\/naszyjnik-angielit\/\" class=\"woocommerce-LoopProduct-link woocommerce-loop-product__link\"><img decoding=\"async\" width=\"800\" height=\"1000\" data-src=\"https:\/\/woka-store.pl\/wp-content\/uploads\/2024\/11\/IMG_9009-scaled-800x1000.jpg\" class=\"attachment-woocommerce_thumbnail size-woocommerce_thumbnail lazyload\" alt=\"Naszyjnik ANGIELIT\" src=\"data:image\/svg+xml;base64,PHN2ZyB3aWR0aD0iMSIgaGVpZ2h0PSIxIiB4bWxucz0iaHR0cDovL3d3dy53My5vcmcvMjAwMC9zdmciPjwvc3ZnPg==\" style=\"--smush-placeholder-width: 800px; --smush-placeholder-aspect-ratio: 800\/1000;\" \/><h2 class=\"woocommerce-loop-product__title\">Necklace ANGELITE<\/h2>\n\t<span class=\"price\"><span class=\"woocommerce-Price-amount amount\"><bdi>150&nbsp;<span class=\"woocommerce-Price-currencySymbol\">&#122;&#322;<\/span><\/bdi><\/span><\/span>\n<\/a><a title=\"Add to cart: \u201cNaszyjnik ANGIELIT\u201d\" href=\"\/en\/wp-json\/wp\/v2\/pages\/4128?add-to-cart=2827\" aria-describedby=\"woocommerce_loop_add_to_cart_link_describedby_2827\" data-quantity=\"1\" class=\"button product_type_simple add_to_cart_button ajax_add_to_cart\" data-product_id=\"2827\" data-product_sku=\"\" aria-label=\"Add to cart: \u201cNaszyjnik ANGIELIT\u201d\" rel=\"nofollow\" data-success_message=\"\u201cNaszyjnik ANGIELIT\u201d has been added to your cart\" role=\"button\" data-no-translation=\"\" data-trp-gettext=\"\" data-no-translation-title=\"\" data-no-translation-aria-label=\"\" data-no-translation-data-success_message=\"\">Add to cart<\/a><a href=\"https:\/\/woka-store.pl\/en\/checkout\/?add-to-cart=2827&#038;botiga_buy_now=1\" class=\"button botiga-buy-now-button botiga-buy-now-button-shop-archive\">Buy Now<\/a>\t<span id=\"woocommerce_loop_add_to_cart_link_describedby_2827\" class=\"screen-reader-text\">\n\t\t\t<\/span>\n<\/li>\n<\/ul>\n<\/div><\/div>\n\t\t\t\t\t\t<\/div>\n\t\t\t\t<\/div>\n\t\t\t\t<div class=\"elementor-element elementor-element-430ab0c elementor-widget elementor-widget-spacer\" data-id=\"430ab0c\" data-element_type=\"widget\" data-e-type=\"widget\" data-widget_type=\"spacer.default\">\n\t\t\t\t<div class=\"elementor-widget-container\">\n\t\t\t\t\t\t\t<div class=\"elementor-spacer\">\n\t\t\t<div class=\"elementor-spacer-inner\"><\/div>\n\t\t<\/div>\n\t\t\t\t\t\t<\/div>\n\t\t\t\t<\/div>\n\t\t\t\t\t<\/div>\n\t\t\t\t<\/div>\n\t\t\t\t<\/div>","protected":false},"excerpt":{"rendered":"<p>angielit Kolekcja bi\u017cuterii z kamienia Angelit jest inspirowana delikatno\u015bci\u0105 natury, przynosz\u0105c harmoni\u0119 i elegancj\u0119<\/p>","protected":false},"author":1,"featured_media":0,"parent":0,"menu_order":0,"comment_status":"closed","ping_status":"closed","template":"","meta":{"footnotes":""},"class_list":["post-4128","page","type-page","status-publish","hentry"],"jetpack_sharing_enabled":true,"_links":{"self":[{"href":"https:\/\/woka-store.pl\/en\/wp-json\/wp\/v2\/pages\/4128","targetHints":{"allow":["GET"]}}],"collection":[{"href":"https:\/\/woka-store.pl\/en\/wp-json\/wp\/v2\/pages"}],"about":[{"href":"https:\/\/woka-store.pl\/en\/wp-json\/wp\/v2\/types\/page"}],"author":[{"embeddable":true,"href":"https:\/\/woka-store.pl\/en\/wp-json\/wp\/v2\/users\/1"}],"replies":[{"embeddable":true,"href":"https:\/\/woka-store.pl\/en\/wp-json\/wp\/v2\/comments?post=4128"}],"version-history":[{"count":0,"href":"https:\/\/woka-store.pl\/en\/wp-json\/wp\/v2\/pages\/4128\/revisions"}],"wp:attachment":[{"href":"https:\/\/woka-store.pl\/en\/wp-json\/wp\/v2\/media?parent=4128"}],"curies":[{"name":"wp","href":"https:\/\/api.w.org\/{rel}","templated":true}]}}