{"id":5439,"date":"2025-02-02T17:35:57","date_gmt":"2025-02-02T16:35:57","guid":{"rendered":"https:\/\/woka-store.pl\/?page_id=5439"},"modified":"2025-02-02T17:54:40","modified_gmt":"2025-02-02T16:54:40","slug":"szare-perly","status":"publish","type":"page","link":"https:\/\/woka-store.pl\/en\/szare-perly\/","title":{"rendered":"GRAY PEARLS"},"content":{"rendered":"<div data-elementor-type=\"wp-page\" data-elementor-id=\"5439\" class=\"elementor elementor-5439\">\n\t\t\t\t<div class=\"elementor-element elementor-element-65ec509 e-flex e-con-boxed e-con e-parent\" data-id=\"65ec509\" data-element_type=\"container\" data-e-type=\"container\">\n\t\t\t\t\t<div class=\"e-con-inner\">\n\t\t\t\t<div class=\"elementor-element elementor-element-b4c5db8 elementor-widget elementor-widget-heading\" data-id=\"b4c5db8\" data-element_type=\"widget\" data-e-type=\"widget\" data-widget_type=\"heading.default\">\n\t\t\t\t<div class=\"elementor-widget-container\">\n\t\t\t\t\t<h2 class=\"elementor-heading-title elementor-size-default\">gray pearl<\/h2>\t\t\t\t<\/div>\n\t\t\t\t<\/div>\n\t\t\t\t\t<\/div>\n\t\t\t\t<\/div>\n\t\t<div class=\"elementor-element elementor-element-8418512 e-con-full e-grid e-con e-parent\" data-id=\"8418512\" data-element_type=\"container\" data-e-type=\"container\">\n\t\t<div class=\"elementor-element elementor-element-1960d14 e-flex e-con-boxed e-con e-child\" data-id=\"1960d14\" data-element_type=\"container\" data-e-type=\"container\">\n\t\t\t\t\t<div class=\"e-con-inner\">\n\t\t\t\t<div class=\"elementor-element elementor-element-f41285c elementor-widget elementor-widget-image\" data-id=\"f41285c\" data-element_type=\"widget\" data-e-type=\"widget\" data-widget_type=\"image.default\">\n\t\t\t\t<div class=\"elementor-widget-container\">\n\t\t\t\t\t\t\t\t\t\t\t\t\t\t\t<img fetchpriority=\"high\" decoding=\"async\" width=\"1365\" height=\"2048\" src=\"https:\/\/woka-store.pl\/wp-content\/uploads\/2025\/02\/IMG_0900-1365x2048.jpg\" class=\"attachment-2048x2048 size-2048x2048 wp-image-5416\" alt=\"\" srcset=\"https:\/\/woka-store.pl\/wp-content\/uploads\/2025\/02\/IMG_0900-1365x2048.jpg 1365w, https:\/\/woka-store.pl\/wp-content\/uploads\/2025\/02\/IMG_0900-400x600.jpg 400w, https:\/\/woka-store.pl\/wp-content\/uploads\/2025\/02\/IMG_0900-683x1024.jpg 683w, https:\/\/woka-store.pl\/wp-content\/uploads\/2025\/02\/IMG_0900-768x1152.jpg 768w, https:\/\/woka-store.pl\/wp-content\/uploads\/2025\/02\/IMG_0900-1024x1536.jpg 1024w, https:\/\/woka-store.pl\/wp-content\/uploads\/2025\/02\/IMG_0900-1140x1710.jpg 1140w, https:\/\/woka-store.pl\/wp-content\/uploads\/2025\/02\/IMG_0900-920x1380.jpg 920w, https:\/\/woka-store.pl\/wp-content\/uploads\/2025\/02\/IMG_0900-575x862.jpg 575w, https:\/\/woka-store.pl\/wp-content\/uploads\/2025\/02\/IMG_0900-380x570.jpg 380w, https:\/\/woka-store.pl\/wp-content\/uploads\/2025\/02\/IMG_0900-800x1200.jpg 800w, https:\/\/woka-store.pl\/wp-content\/uploads\/2025\/02\/IMG_0900-67x100.jpg 67w, https:\/\/woka-store.pl\/wp-content\/uploads\/2025\/02\/IMG_0900-scaled.jpg 1707w\" sizes=\"(max-width: 1365px) 100vw, 1365px\" \/>\t\t\t\t\t\t\t\t\t\t\t\t\t\t\t<\/div>\n\t\t\t\t<\/div>\n\t\t\t\t\t<\/div>\n\t\t\t\t<\/div>\n\t\t<div class=\"elementor-element elementor-element-aba90d2 e-grid e-con-boxed e-con e-child\" data-id=\"aba90d2\" data-element_type=\"container\" data-e-type=\"container\">\n\t\t\t\t\t<div class=\"e-con-inner\">\n\t\t\t\t<div class=\"elementor-element elementor-element-985ba33 elementor-widget__width-initial elementor-widget elementor-widget-image\" data-id=\"985ba33\" data-element_type=\"widget\" data-e-type=\"widget\" data-widget_type=\"image.default\">\n\t\t\t\t<div class=\"elementor-widget-container\">\n\t\t\t\t\t\t\t\t\t\t\t\t\t\t\t<img decoding=\"async\" width=\"1365\" height=\"2048\" data-src=\"https:\/\/woka-store.pl\/wp-content\/uploads\/2025\/02\/IMG_0848-1365x2048.jpg\" class=\"attachment-2048x2048 size-2048x2048 wp-image-5434 lazyload\" alt=\"\" data-srcset=\"https:\/\/woka-store.pl\/wp-content\/uploads\/2025\/02\/IMG_0848-1365x2048.jpg 1365w, https:\/\/woka-store.pl\/wp-content\/uploads\/2025\/02\/IMG_0848-400x600.jpg 400w, https:\/\/woka-store.pl\/wp-content\/uploads\/2025\/02\/IMG_0848-683x1024.jpg 683w, https:\/\/woka-store.pl\/wp-content\/uploads\/2025\/02\/IMG_0848-768x1152.jpg 768w, https:\/\/woka-store.pl\/wp-content\/uploads\/2025\/02\/IMG_0848-1024x1536.jpg 1024w, https:\/\/woka-store.pl\/wp-content\/uploads\/2025\/02\/IMG_0848-1140x1710.jpg 1140w, https:\/\/woka-store.pl\/wp-content\/uploads\/2025\/02\/IMG_0848-920x1380.jpg 920w, https:\/\/woka-store.pl\/wp-content\/uploads\/2025\/02\/IMG_0848-575x863.jpg 575w, https:\/\/woka-store.pl\/wp-content\/uploads\/2025\/02\/IMG_0848-380x570.jpg 380w, https:\/\/woka-store.pl\/wp-content\/uploads\/2025\/02\/IMG_0848-800x1200.jpg 800w, https:\/\/woka-store.pl\/wp-content\/uploads\/2025\/02\/IMG_0848-67x100.jpg 67w, https:\/\/woka-store.pl\/wp-content\/uploads\/2025\/02\/IMG_0848-scaled.jpg 1707w\" data-sizes=\"(max-width: 1365px) 100vw, 1365px\" src=\"data:image\/svg+xml;base64,PHN2ZyB3aWR0aD0iMSIgaGVpZ2h0PSIxIiB4bWxucz0iaHR0cDovL3d3dy53My5vcmcvMjAwMC9zdmciPjwvc3ZnPg==\" style=\"--smush-placeholder-width: 1365px; --smush-placeholder-aspect-ratio: 1365\/2048;\" \/>\t\t\t\t\t\t\t\t\t\t\t\t\t\t\t<\/div>\n\t\t\t\t<\/div>\n\t\t\t\t\t<\/div>\n\t\t\t\t<\/div>\n\t\t\t\t<div class=\"elementor-element elementor-element-597f985 elementor-widget elementor-widget-image\" data-id=\"597f985\" data-element_type=\"widget\" data-e-type=\"widget\" data-widget_type=\"image.default\">\n\t\t\t\t<div class=\"elementor-widget-container\">\n\t\t\t\t\t\t\t\t\t\t\t\t\t\t\t<img decoding=\"async\" width=\"1365\" height=\"2048\" data-src=\"https:\/\/woka-store.pl\/wp-content\/uploads\/2025\/02\/IMG_0828-1365x2048.jpg\" class=\"attachment-2048x2048 size-2048x2048 wp-image-5420 lazyload\" alt=\"\" data-srcset=\"https:\/\/woka-store.pl\/wp-content\/uploads\/2025\/02\/IMG_0828-1365x2048.jpg 1365w, https:\/\/woka-store.pl\/wp-content\/uploads\/2025\/02\/IMG_0828-400x600.jpg 400w, https:\/\/woka-store.pl\/wp-content\/uploads\/2025\/02\/IMG_0828-683x1024.jpg 683w, https:\/\/woka-store.pl\/wp-content\/uploads\/2025\/02\/IMG_0828-768x1152.jpg 768w, https:\/\/woka-store.pl\/wp-content\/uploads\/2025\/02\/IMG_0828-1024x1536.jpg 1024w, https:\/\/woka-store.pl\/wp-content\/uploads\/2025\/02\/IMG_0828-1140x1710.jpg 1140w, https:\/\/woka-store.pl\/wp-content\/uploads\/2025\/02\/IMG_0828-920x1380.jpg 920w, https:\/\/woka-store.pl\/wp-content\/uploads\/2025\/02\/IMG_0828-575x863.jpg 575w, https:\/\/woka-store.pl\/wp-content\/uploads\/2025\/02\/IMG_0828-380x570.jpg 380w, https:\/\/woka-store.pl\/wp-content\/uploads\/2025\/02\/IMG_0828-800x1200.jpg 800w, https:\/\/woka-store.pl\/wp-content\/uploads\/2025\/02\/IMG_0828-67x100.jpg 67w, https:\/\/woka-store.pl\/wp-content\/uploads\/2025\/02\/IMG_0828-scaled.jpg 1707w\" data-sizes=\"(max-width: 1365px) 100vw, 1365px\" src=\"data:image\/svg+xml;base64,PHN2ZyB3aWR0aD0iMSIgaGVpZ2h0PSIxIiB4bWxucz0iaHR0cDovL3d3dy53My5vcmcvMjAwMC9zdmciPjwvc3ZnPg==\" style=\"--smush-placeholder-width: 1365px; --smush-placeholder-aspect-ratio: 1365\/2048;\" \/>\t\t\t\t\t\t\t\t\t\t\t\t\t\t\t<\/div>\n\t\t\t\t<\/div>\n\t\t\t\t<div class=\"elementor-element elementor-element-8ef8c9a elementor-widget__width-initial elementor-widget elementor-widget-image\" data-id=\"8ef8c9a\" data-element_type=\"widget\" data-e-type=\"widget\" data-widget_type=\"image.default\">\n\t\t\t\t<div class=\"elementor-widget-container\">\n\t\t\t\t\t\t\t\t\t\t\t\t\t\t\t<img decoding=\"async\" width=\"1365\" height=\"2048\" data-src=\"https:\/\/woka-store.pl\/wp-content\/uploads\/2025\/02\/IMG_0894-1365x2048.jpg\" class=\"attachment-2048x2048 size-2048x2048 wp-image-5409 lazyload\" alt=\"\" data-srcset=\"https:\/\/woka-store.pl\/wp-content\/uploads\/2025\/02\/IMG_0894-1365x2048.jpg 1365w, https:\/\/woka-store.pl\/wp-content\/uploads\/2025\/02\/IMG_0894-400x600.jpg 400w, https:\/\/woka-store.pl\/wp-content\/uploads\/2025\/02\/IMG_0894-683x1024.jpg 683w, https:\/\/woka-store.pl\/wp-content\/uploads\/2025\/02\/IMG_0894-768x1152.jpg 768w, https:\/\/woka-store.pl\/wp-content\/uploads\/2025\/02\/IMG_0894-1024x1536.jpg 1024w, https:\/\/woka-store.pl\/wp-content\/uploads\/2025\/02\/IMG_0894-1140x1710.jpg 1140w, https:\/\/woka-store.pl\/wp-content\/uploads\/2025\/02\/IMG_0894-920x1380.jpg 920w, https:\/\/woka-store.pl\/wp-content\/uploads\/2025\/02\/IMG_0894-575x863.jpg 575w, https:\/\/woka-store.pl\/wp-content\/uploads\/2025\/02\/IMG_0894-380x570.jpg 380w, https:\/\/woka-store.pl\/wp-content\/uploads\/2025\/02\/IMG_0894-800x1200.jpg 800w, https:\/\/woka-store.pl\/wp-content\/uploads\/2025\/02\/IMG_0894-67x100.jpg 67w, https:\/\/woka-store.pl\/wp-content\/uploads\/2025\/02\/IMG_0894-scaled.jpg 1707w\" data-sizes=\"(max-width: 1365px) 100vw, 1365px\" src=\"data:image\/svg+xml;base64,PHN2ZyB3aWR0aD0iMSIgaGVpZ2h0PSIxIiB4bWxucz0iaHR0cDovL3d3dy53My5vcmcvMjAwMC9zdmciPjwvc3ZnPg==\" style=\"--smush-placeholder-width: 1365px; --smush-placeholder-aspect-ratio: 1365\/2048;\" \/>\t\t\t\t\t\t\t\t\t\t\t\t\t\t\t<\/div>\n\t\t\t\t<\/div>\n\t\t\t\t<\/div>\n\t\t<div class=\"elementor-element elementor-element-2aabd5e e-flex e-con-boxed e-con e-parent\" data-id=\"2aabd5e\" data-element_type=\"container\" data-e-type=\"container\">\n\t\t\t\t\t<div class=\"e-con-inner\">\n\t\t\t\t<div class=\"elementor-element elementor-element-d98f3eb elementor-widget elementor-widget-spacer\" data-id=\"d98f3eb\" data-element_type=\"widget\" data-e-type=\"widget\" data-widget_type=\"spacer.default\">\n\t\t\t\t<div class=\"elementor-widget-container\">\n\t\t\t\t\t\t\t<div class=\"elementor-spacer\">\n\t\t\t<div class=\"elementor-spacer-inner\"><\/div>\n\t\t<\/div>\n\t\t\t\t\t\t<\/div>\n\t\t\t\t<\/div>\n\t\t\t\t<div class=\"elementor-element elementor-element-9076f89 elementor-widget__width-initial elementor-widget elementor-widget-text-editor\" data-id=\"9076f89\" data-element_type=\"widget\" data-e-type=\"widget\" data-widget_type=\"text-editor.default\">\n\t\t\t\t<div class=\"elementor-widget-container\">\n\t\t\t\t\t\t\t\t\t<h6>Discover the Gray Pearls collection \u2013 elegant jewelry inspired by the moon's glow, where the subtle charm of gray pearlescent shine meets timeless classicism<\/h6>\t\t\t\t\t\t\t\t<\/div>\n\t\t\t\t<\/div>\n\t\t\t\t<div class=\"elementor-element elementor-element-9fd5fd6 elementor-widget elementor-widget-spacer\" data-id=\"9fd5fd6\" data-element_type=\"widget\" data-e-type=\"widget\" data-widget_type=\"spacer.default\">\n\t\t\t\t<div class=\"elementor-widget-container\">\n\t\t\t\t\t\t\t<div class=\"elementor-spacer\">\n\t\t\t<div class=\"elementor-spacer-inner\"><\/div>\n\t\t<\/div>\n\t\t\t\t\t\t<\/div>\n\t\t\t\t<\/div>\n\t\t\t\t<div class=\"elementor-element elementor-element-2df0288 elementor-widget elementor-widget-shortcode\" data-id=\"2df0288\" data-element_type=\"widget\" data-e-type=\"widget\" data-widget_type=\"shortcode.default\">\n\t\t\t\t<div class=\"elementor-widget-container\">\n\t\t\t\t\t\t\t<div class=\"elementor-shortcode\"><div class=\"woocommerce columns-4 product-equal-height\"><ul class=\"products columns-4\">\n<li class=\"product type-product post-5428 status-publish first instock product_cat-naszyjniki product_cat-perly product_cat-szare-perly product_cat-wszystkie-produkty has-post-thumbnail shipping-taxable purchasable product-type-simple has-manage-stock has-gallery-images has-botiga-buy-now-button\">\n\t<a href=\"https:\/\/woka-store.pl\/en\/product\/naszyjnik-moon-3\/\" class=\"woocommerce-LoopProduct-link woocommerce-loop-product__link\"><img decoding=\"async\" width=\"800\" height=\"1000\" data-src=\"https:\/\/woka-store.pl\/wp-content\/uploads\/2025\/02\/IMG_0809-800x1000.jpg\" class=\"attachment-woocommerce_thumbnail size-woocommerce_thumbnail lazyload\" alt=\"Naszyjnik MOON\" src=\"data:image\/svg+xml;base64,PHN2ZyB3aWR0aD0iMSIgaGVpZ2h0PSIxIiB4bWxucz0iaHR0cDovL3d3dy53My5vcmcvMjAwMC9zdmciPjwvc3ZnPg==\" style=\"--smush-placeholder-width: 800px; --smush-placeholder-aspect-ratio: 800\/1000;\" \/><h2 class=\"woocommerce-loop-product__title\">Necklace MOON<\/h2>\n\t<span class=\"price\"><span class=\"woocommerce-Price-amount amount\"><bdi>170&nbsp;<span class=\"woocommerce-Price-currencySymbol\">&#122;&#322;<\/span><\/bdi><\/span><\/span>\n<\/a><a title=\"Add to cart: \u201cNaszyjnik MOON\u201d\" href=\"\/en\/wp-json\/wp\/v2\/pages\/5439?add-to-cart=5428\" aria-describedby=\"woocommerce_loop_add_to_cart_link_describedby_5428\" data-quantity=\"1\" class=\"button product_type_simple add_to_cart_button ajax_add_to_cart\" data-product_id=\"5428\" data-product_sku=\"\" aria-label=\"Add to cart: \u201cNaszyjnik MOON\u201d\" rel=\"nofollow\" data-success_message=\"\u201cNaszyjnik MOON\u201d has been added to your cart\" role=\"button\" data-no-translation=\"\" data-trp-gettext=\"\" data-no-translation-title=\"\" data-no-translation-aria-label=\"\" data-no-translation-data-success_message=\"\">Add to cart<\/a><a href=\"https:\/\/woka-store.pl\/en\/checkout\/?add-to-cart=5428&#038;botiga_buy_now=1\" class=\"button botiga-buy-now-button botiga-buy-now-button-shop-archive\">Buy Now<\/a>\t<span id=\"woocommerce_loop_add_to_cart_link_describedby_5428\" class=\"screen-reader-text\">\n\t\t\t<\/span>\n<\/li>\n<li class=\"product type-product post-7638 status-publish instock product_cat-naszyjniki product_cat-perly product_cat-szare-perly product_cat-wszystkie-produkty has-post-thumbnail shipping-taxable purchasable product-type-simple has-manage-stock has-gallery-images has-botiga-buy-now-button\">\n\t<a href=\"https:\/\/woka-store.pl\/en\/product\/naszyjnik-moon-4\/\" class=\"woocommerce-LoopProduct-link woocommerce-loop-product__link\"><img decoding=\"async\" width=\"800\" height=\"1000\" data-src=\"https:\/\/woka-store.pl\/wp-content\/uploads\/2025\/07\/IMG_9318-800x1000.jpg\" class=\"attachment-woocommerce_thumbnail size-woocommerce_thumbnail lazyload\" alt=\"Naszyjnik MOON\" src=\"data:image\/svg+xml;base64,PHN2ZyB3aWR0aD0iMSIgaGVpZ2h0PSIxIiB4bWxucz0iaHR0cDovL3d3dy53My5vcmcvMjAwMC9zdmciPjwvc3ZnPg==\" style=\"--smush-placeholder-width: 800px; --smush-placeholder-aspect-ratio: 800\/1000;\" \/><h2 class=\"woocommerce-loop-product__title\">Necklace MOON<\/h2>\n\t<span class=\"price\"><span class=\"woocommerce-Price-amount amount\"><bdi>250&nbsp;<span class=\"woocommerce-Price-currencySymbol\">&#122;&#322;<\/span><\/bdi><\/span><\/span>\n<\/a><a title=\"Add to cart: \u201cNaszyjnik MOON\u201d\" href=\"\/en\/wp-json\/wp\/v2\/pages\/5439?add-to-cart=7638\" aria-describedby=\"woocommerce_loop_add_to_cart_link_describedby_7638\" data-quantity=\"1\" class=\"button product_type_simple add_to_cart_button ajax_add_to_cart\" data-product_id=\"7638\" data-product_sku=\"\" aria-label=\"Add to cart: \u201cNaszyjnik MOON\u201d\" rel=\"nofollow\" data-success_message=\"\u201cNaszyjnik MOON\u201d has been added to your cart\" role=\"button\" data-no-translation=\"\" data-trp-gettext=\"\" data-no-translation-title=\"\" data-no-translation-aria-label=\"\" data-no-translation-data-success_message=\"\">Add to cart<\/a><a href=\"https:\/\/woka-store.pl\/en\/checkout\/?add-to-cart=7638&#038;botiga_buy_now=1\" class=\"button botiga-buy-now-button botiga-buy-now-button-shop-archive\">Buy Now<\/a>\t<span id=\"woocommerce_loop_add_to_cart_link_describedby_7638\" class=\"screen-reader-text\">\n\t\t\t<\/span>\n<\/li>\n<li class=\"product type-product post-5408 status-publish instock product_cat-naszyjniki product_cat-perly product_cat-szare-perly product_cat-wszystkie-produkty has-post-thumbnail shipping-taxable purchasable product-type-simple has-manage-stock has-gallery-images has-botiga-buy-now-button\">\n\t<a href=\"https:\/\/woka-store.pl\/en\/product\/naszyjnik-moon\/\" class=\"woocommerce-LoopProduct-link woocommerce-loop-product__link\"><img decoding=\"async\" width=\"800\" height=\"1000\" data-src=\"https:\/\/woka-store.pl\/wp-content\/uploads\/2025\/02\/IMG_0824-800x1000.jpg\" class=\"attachment-woocommerce_thumbnail size-woocommerce_thumbnail lazyload\" alt=\"Naszyjnik MOON\" src=\"data:image\/svg+xml;base64,PHN2ZyB3aWR0aD0iMSIgaGVpZ2h0PSIxIiB4bWxucz0iaHR0cDovL3d3dy53My5vcmcvMjAwMC9zdmciPjwvc3ZnPg==\" style=\"--smush-placeholder-width: 800px; --smush-placeholder-aspect-ratio: 800\/1000;\" \/><h2 class=\"woocommerce-loop-product__title\">Necklace MOON<\/h2>\n\t<span class=\"price\"><span class=\"woocommerce-Price-amount amount\"><bdi>210&nbsp;<span class=\"woocommerce-Price-currencySymbol\">&#122;&#322;<\/span><\/bdi><\/span><\/span>\n<\/a><a title=\"Add to cart: \u201cNaszyjnik MOON\u201d\" href=\"\/en\/wp-json\/wp\/v2\/pages\/5439?add-to-cart=5408\" aria-describedby=\"woocommerce_loop_add_to_cart_link_describedby_5408\" data-quantity=\"1\" class=\"button product_type_simple add_to_cart_button ajax_add_to_cart\" data-product_id=\"5408\" data-product_sku=\"\" aria-label=\"Add to cart: \u201cNaszyjnik MOON\u201d\" rel=\"nofollow\" data-success_message=\"\u201cNaszyjnik MOON\u201d has been added to your cart\" role=\"button\" data-no-translation=\"\" data-trp-gettext=\"\" data-no-translation-title=\"\" data-no-translation-aria-label=\"\" data-no-translation-data-success_message=\"\">Add to cart<\/a><a href=\"https:\/\/woka-store.pl\/en\/checkout\/?add-to-cart=5408&#038;botiga_buy_now=1\" class=\"button botiga-buy-now-button botiga-buy-now-button-shop-archive\">Buy Now<\/a>\t<span id=\"woocommerce_loop_add_to_cart_link_describedby_5408\" class=\"screen-reader-text\">\n\t\t\t<\/span>\n<\/li>\n<li class=\"product type-product post-6159 status-publish last instock product_cat-bransoletki product_cat-perly product_cat-szare-perly product_cat-wszystkie-produkty product_tag-ostatnia-sztuka has-post-thumbnail shipping-taxable purchasable product-type-simple has-manage-stock has-only-one-instock has-gallery-images has-botiga-buy-now-button\">\n\t<a href=\"https:\/\/woka-store.pl\/en\/product\/bransoletka-moon-2\/\" class=\"woocommerce-LoopProduct-link woocommerce-loop-product__link\"><img decoding=\"async\" width=\"800\" height=\"1000\" data-src=\"https:\/\/woka-store.pl\/wp-content\/uploads\/2025\/03\/IMG_1428-800x1000.jpg\" class=\"attachment-woocommerce_thumbnail size-woocommerce_thumbnail lazyload\" alt=\"Bransoletka MOON\" src=\"data:image\/svg+xml;base64,PHN2ZyB3aWR0aD0iMSIgaGVpZ2h0PSIxIiB4bWxucz0iaHR0cDovL3d3dy53My5vcmcvMjAwMC9zdmciPjwvc3ZnPg==\" style=\"--smush-placeholder-width: 800px; --smush-placeholder-aspect-ratio: 800\/1000;\" \/><div class=\"merchant-product-labels merchant-product-labels__regular merchant-product-labels--multiple show-on-desktop show-on-mobile\"><div class=\"merchant-product-labels__label-wrapper merchant-product-labels__text merchant-product-labels__text-shape-1 position-top-left\" style=\"margin:0;padding:0;width:110px;height:30px;font-size:11px;background-color:#212121;color:#ffffff;border-radius:0px;top:0px;left:0px\"><span class=\"merchant-label merchant-label-top-left\">Last piece<\/span><\/div><\/div><h2 class=\"woocommerce-loop-product__title\">Bracelet MOON<\/h2>\n\t<span class=\"price\"><span class=\"woocommerce-Price-amount amount\"><bdi>130&nbsp;<span class=\"woocommerce-Price-currencySymbol\">&#122;&#322;<\/span><\/bdi><\/span><\/span>\n<\/a><a title=\"Add to cart: \u201cBransoletka MOON\u201d\" href=\"\/en\/wp-json\/wp\/v2\/pages\/5439?add-to-cart=6159\" aria-describedby=\"woocommerce_loop_add_to_cart_link_describedby_6159\" data-quantity=\"1\" class=\"button product_type_simple add_to_cart_button ajax_add_to_cart\" data-product_id=\"6159\" data-product_sku=\"\" aria-label=\"Add to cart: \u201cBransoletka MOON\u201d\" rel=\"nofollow\" data-success_message=\"\u201cBransoletka MOON\u201d has been added to your cart\" role=\"button\" data-no-translation=\"\" data-trp-gettext=\"\" data-no-translation-title=\"\" data-no-translation-aria-label=\"\" data-no-translation-data-success_message=\"\">Add to cart<\/a><a href=\"https:\/\/woka-store.pl\/en\/checkout\/?add-to-cart=6159&#038;botiga_buy_now=1\" class=\"button botiga-buy-now-button botiga-buy-now-button-shop-archive\">Buy Now<\/a>\t<span id=\"woocommerce_loop_add_to_cart_link_describedby_6159\" class=\"screen-reader-text\">\n\t\t\t<\/span>\n<\/li>\n<li class=\"product type-product post-6152 status-publish first instock product_cat-bransoletki product_cat-perly product_cat-szare-perly product_cat-wszystkie-produkty has-post-thumbnail shipping-taxable purchasable product-type-simple has-manage-stock has-gallery-images has-botiga-buy-now-button\">\n\t<a href=\"https:\/\/woka-store.pl\/en\/product\/bransoletka-moon\/\" class=\"woocommerce-LoopProduct-link woocommerce-loop-product__link\"><img decoding=\"async\" width=\"800\" height=\"1000\" data-src=\"https:\/\/woka-store.pl\/wp-content\/uploads\/2025\/03\/IMG_1475-800x1000.jpg\" class=\"attachment-woocommerce_thumbnail size-woocommerce_thumbnail lazyload\" alt=\"Bransoletka MOON\" src=\"data:image\/svg+xml;base64,PHN2ZyB3aWR0aD0iMSIgaGVpZ2h0PSIxIiB4bWxucz0iaHR0cDovL3d3dy53My5vcmcvMjAwMC9zdmciPjwvc3ZnPg==\" style=\"--smush-placeholder-width: 800px; --smush-placeholder-aspect-ratio: 800\/1000;\" \/><h2 class=\"woocommerce-loop-product__title\">Bracelet MOON<\/h2>\n\t<span class=\"price\"><span class=\"woocommerce-Price-amount amount\"><bdi>140&nbsp;<span class=\"woocommerce-Price-currencySymbol\">&#122;&#322;<\/span><\/bdi><\/span><\/span>\n<\/a><a title=\"Add to cart: \u201cBransoletka MOON\u201d\" href=\"\/en\/wp-json\/wp\/v2\/pages\/5439?add-to-cart=6152\" aria-describedby=\"woocommerce_loop_add_to_cart_link_describedby_6152\" data-quantity=\"1\" class=\"button product_type_simple add_to_cart_button ajax_add_to_cart\" data-product_id=\"6152\" data-product_sku=\"\" aria-label=\"Add to cart: \u201cBransoletka MOON\u201d\" rel=\"nofollow\" data-success_message=\"\u201cBransoletka MOON\u201d has been added to your cart\" role=\"button\" data-no-translation=\"\" data-trp-gettext=\"\" data-no-translation-title=\"\" data-no-translation-aria-label=\"\" data-no-translation-data-success_message=\"\">Add to cart<\/a><a href=\"https:\/\/woka-store.pl\/en\/checkout\/?add-to-cart=6152&#038;botiga_buy_now=1\" class=\"button botiga-buy-now-button botiga-buy-now-button-shop-archive\">Buy Now<\/a>\t<span id=\"woocommerce_loop_add_to_cart_link_describedby_6152\" class=\"screen-reader-text\">\n\t\t\t<\/span>\n<\/li>\n<li class=\"product type-product post-6166 status-publish instock product_cat-bransoletki product_cat-perly product_cat-szare-perly product_cat-wszystkie-produkty has-post-thumbnail shipping-taxable purchasable product-type-simple has-manage-stock has-gallery-images has-botiga-buy-now-button\">\n\t<a href=\"https:\/\/woka-store.pl\/en\/product\/bransoletka-moon-3\/\" class=\"woocommerce-LoopProduct-link woocommerce-loop-product__link\"><img decoding=\"async\" width=\"800\" height=\"1000\" data-src=\"https:\/\/woka-store.pl\/wp-content\/uploads\/2025\/03\/IMG_1494-800x1000.jpg\" class=\"attachment-woocommerce_thumbnail size-woocommerce_thumbnail lazyload\" alt=\"Bransoletka MOON\" src=\"data:image\/svg+xml;base64,PHN2ZyB3aWR0aD0iMSIgaGVpZ2h0PSIxIiB4bWxucz0iaHR0cDovL3d3dy53My5vcmcvMjAwMC9zdmciPjwvc3ZnPg==\" style=\"--smush-placeholder-width: 800px; --smush-placeholder-aspect-ratio: 800\/1000;\" \/><h2 class=\"woocommerce-loop-product__title\">Bracelet MOON<\/h2>\n\t<span class=\"price\"><span class=\"woocommerce-Price-amount amount\"><bdi>130&nbsp;<span class=\"woocommerce-Price-currencySymbol\">&#122;&#322;<\/span><\/bdi><\/span><\/span>\n<\/a><a title=\"Add to cart: \u201cBransoletka MOON\u201d\" href=\"\/en\/wp-json\/wp\/v2\/pages\/5439?add-to-cart=6166\" aria-describedby=\"woocommerce_loop_add_to_cart_link_describedby_6166\" data-quantity=\"1\" class=\"button product_type_simple add_to_cart_button ajax_add_to_cart\" data-product_id=\"6166\" data-product_sku=\"\" aria-label=\"Add to cart: \u201cBransoletka MOON\u201d\" rel=\"nofollow\" data-success_message=\"\u201cBransoletka MOON\u201d has been added to your cart\" role=\"button\" data-no-translation=\"\" data-trp-gettext=\"\" data-no-translation-title=\"\" data-no-translation-aria-label=\"\" data-no-translation-data-success_message=\"\">Add to cart<\/a><a href=\"https:\/\/woka-store.pl\/en\/checkout\/?add-to-cart=6166&#038;botiga_buy_now=1\" class=\"button botiga-buy-now-button botiga-buy-now-button-shop-archive\">Buy Now<\/a>\t<span id=\"woocommerce_loop_add_to_cart_link_describedby_6166\" class=\"screen-reader-text\">\n\t\t\t<\/span>\n<\/li>\n<\/ul>\n<\/div><\/div>\n\t\t\t\t\t\t<\/div>\n\t\t\t\t<\/div>\n\t\t\t\t<div class=\"elementor-element elementor-element-430ab0c elementor-widget elementor-widget-spacer\" data-id=\"430ab0c\" data-element_type=\"widget\" data-e-type=\"widget\" data-widget_type=\"spacer.default\">\n\t\t\t\t<div class=\"elementor-widget-container\">\n\t\t\t\t\t\t\t<div class=\"elementor-spacer\">\n\t\t\t<div class=\"elementor-spacer-inner\"><\/div>\n\t\t<\/div>\n\t\t\t\t\t\t<\/div>\n\t\t\t\t<\/div>\n\t\t\t\t\t<\/div>\n\t\t\t\t<\/div>\n\t\t\t\t<\/div>","protected":false},"excerpt":{"rendered":"<p>szare per\u0142a Odkryj kolekcj\u0119 Szare Per\u0142y \u2013 eleganck\u0105 bi\u017cuteri\u0119 inspirowan\u0105 blaskiem ksi\u0119\u017cyca, gdzie subtelny urok szarego per\u0142owego po\u0142ysku \u0142\u0105czy si\u0119 z ponadczasow\u0105 klasyk\u0105<\/p>","protected":false},"author":1,"featured_media":0,"parent":0,"menu_order":0,"comment_status":"closed","ping_status":"closed","template":"","meta":{"footnotes":""},"class_list":["post-5439","page","type-page","status-publish","hentry"],"jetpack_sharing_enabled":true,"_links":{"self":[{"href":"https:\/\/woka-store.pl\/en\/wp-json\/wp\/v2\/pages\/5439","targetHints":{"allow":["GET"]}}],"collection":[{"href":"https:\/\/woka-store.pl\/en\/wp-json\/wp\/v2\/pages"}],"about":[{"href":"https:\/\/woka-store.pl\/en\/wp-json\/wp\/v2\/types\/page"}],"author":[{"embeddable":true,"href":"https:\/\/woka-store.pl\/en\/wp-json\/wp\/v2\/users\/1"}],"replies":[{"embeddable":true,"href":"https:\/\/woka-store.pl\/en\/wp-json\/wp\/v2\/comments?post=5439"}],"version-history":[{"count":0,"href":"https:\/\/woka-store.pl\/en\/wp-json\/wp\/v2\/pages\/5439\/revisions"}],"wp:attachment":[{"href":"https:\/\/woka-store.pl\/en\/wp-json\/wp\/v2\/media?parent=5439"}],"curies":[{"name":"wp","href":"https:\/\/api.w.org\/{rel}","templated":true}]}}