{"id":6846,"date":"2025-04-03T09:52:01","date_gmt":"2025-04-03T08:52:01","guid":{"rendered":"https:\/\/woka-store.pl\/?page_id=6846"},"modified":"2025-04-03T10:18:14","modified_gmt":"2025-04-03T09:18:14","slug":"krysztal-gorski","status":"publish","type":"page","link":"https:\/\/woka-store.pl\/en\/krysztal-gorski\/","title":{"rendered":"ROCK CRYSTAL"},"content":{"rendered":"<div data-elementor-type=\"wp-page\" data-elementor-id=\"6846\" class=\"elementor elementor-6846\">\n\t\t\t\t<div class=\"elementor-element elementor-element-03a9d31 e-flex e-con-boxed e-con e-parent\" data-id=\"03a9d31\" data-element_type=\"container\" data-e-type=\"container\">\n\t\t\t\t\t<div class=\"e-con-inner\">\n\t\t\t\t<div class=\"elementor-element elementor-element-7ca0aa7 elementor-widget elementor-widget-heading\" data-id=\"7ca0aa7\" data-element_type=\"widget\" data-e-type=\"widget\" data-widget_type=\"heading.default\">\n\t\t\t\t<div class=\"elementor-widget-container\">\n\t\t\t\t\t<h2 class=\"elementor-heading-title elementor-size-default\">ROCK CRYSTAL<\/h2>\t\t\t\t<\/div>\n\t\t\t\t<\/div>\n\t\t\t\t\t<\/div>\n\t\t\t\t<\/div>\n\t\t<div class=\"elementor-element elementor-element-4c2d042 e-con-full e-flex e-con e-parent\" data-id=\"4c2d042\" data-element_type=\"container\" data-e-type=\"container\">\n\t\t\t\t<div class=\"elementor-element elementor-element-d7c1db1 elementor-widget elementor-widget-image\" data-id=\"d7c1db1\" data-element_type=\"widget\" data-e-type=\"widget\" data-widget_type=\"image.default\">\n\t\t\t\t<div class=\"elementor-widget-container\">\n\t\t\t\t\t\t\t\t\t\t\t\t\t\t\t<img fetchpriority=\"high\" decoding=\"async\" width=\"1536\" height=\"1024\" src=\"https:\/\/woka-store.pl\/wp-content\/uploads\/2025\/04\/IMG_1881-1536x1024.jpg\" class=\"attachment-1536x1536 size-1536x1536 wp-image-6847\" alt=\"\" srcset=\"https:\/\/woka-store.pl\/wp-content\/uploads\/2025\/04\/IMG_1881-1536x1024.jpg 1536w, https:\/\/woka-store.pl\/wp-content\/uploads\/2025\/04\/IMG_1881-600x400.jpg 600w, https:\/\/woka-store.pl\/wp-content\/uploads\/2025\/04\/IMG_1881-1024x683.jpg 1024w, https:\/\/woka-store.pl\/wp-content\/uploads\/2025\/04\/IMG_1881-768x512.jpg 768w, https:\/\/woka-store.pl\/wp-content\/uploads\/2025\/04\/IMG_1881-2048x1365.jpg 2048w, https:\/\/woka-store.pl\/wp-content\/uploads\/2025\/04\/IMG_1881-18x12.jpg 18w, https:\/\/woka-store.pl\/wp-content\/uploads\/2025\/04\/IMG_1881-1140x760.jpg 1140w, https:\/\/woka-store.pl\/wp-content\/uploads\/2025\/04\/IMG_1881-920x613.jpg 920w, https:\/\/woka-store.pl\/wp-content\/uploads\/2025\/04\/IMG_1881-575x383.jpg 575w, https:\/\/woka-store.pl\/wp-content\/uploads\/2025\/04\/IMG_1881-380x253.jpg 380w, https:\/\/woka-store.pl\/wp-content\/uploads\/2025\/04\/IMG_1881-800x533.jpg 800w\" sizes=\"(max-width: 1536px) 100vw, 1536px\" \/>\t\t\t\t\t\t\t\t\t\t\t\t\t\t\t<\/div>\n\t\t\t\t<\/div>\n\t\t\t\t<div class=\"elementor-element elementor-element-6ec0212 elementor-widget elementor-widget-spacer\" data-id=\"6ec0212\" data-element_type=\"widget\" data-e-type=\"widget\" data-widget_type=\"spacer.default\">\n\t\t\t\t<div class=\"elementor-widget-container\">\n\t\t\t\t\t\t\t<div class=\"elementor-spacer\">\n\t\t\t<div class=\"elementor-spacer-inner\"><\/div>\n\t\t<\/div>\n\t\t\t\t\t\t<\/div>\n\t\t\t\t<\/div>\n\t\t\t\t<div class=\"elementor-element elementor-element-1b6e08a elementor-widget__width-initial elementor-widget elementor-widget-text-editor\" data-id=\"1b6e08a\" data-element_type=\"widget\" data-e-type=\"widget\" data-widget_type=\"text-editor.default\">\n\t\t\t\t<div class=\"elementor-widget-container\">\n\t\t\t\t\t\t\t\t\t<h6>Bi\u017cuteria z kryszta\u0142u g\u00f3rskiego \u0142\u0105czy naturaln\u0105 elegancj\u0119 i ponadczasowe pi\u0119kno, dodaj\u0105c blasku i przejrzysto\u015bci ka\u017cdemu stylowi<\/h6>\t\t\t\t\t\t\t\t<\/div>\n\t\t\t\t<\/div>\n\t\t\t\t<div class=\"elementor-element elementor-element-2a16ac3 elementor-widget elementor-widget-spacer\" data-id=\"2a16ac3\" data-element_type=\"widget\" data-e-type=\"widget\" data-widget_type=\"spacer.default\">\n\t\t\t\t<div class=\"elementor-widget-container\">\n\t\t\t\t\t\t\t<div class=\"elementor-spacer\">\n\t\t\t<div class=\"elementor-spacer-inner\"><\/div>\n\t\t<\/div>\n\t\t\t\t\t\t<\/div>\n\t\t\t\t<\/div>\n\t\t\t\t<\/div>\n\t\t<div class=\"elementor-element elementor-element-2325076 e-flex e-con-boxed e-con e-parent\" data-id=\"2325076\" data-element_type=\"container\" data-e-type=\"container\">\n\t\t\t\t\t<div class=\"e-con-inner\">\n\t\t\t\t<div class=\"elementor-element elementor-element-179f724 elementor-widget elementor-widget-shortcode\" data-id=\"179f724\" data-element_type=\"widget\" data-e-type=\"widget\" data-widget_type=\"shortcode.default\">\n\t\t\t\t<div class=\"elementor-widget-container\">\n\t\t\t\t\t\t\t<div class=\"elementor-shortcode\"><div class=\"woocommerce columns-4 product-equal-height\"><ul class=\"products columns-4\">\n<li class=\"product type-product post-8125 status-publish first instock product_cat-kolczyki product_cat-krysztal-gorski product_cat-wszystkie-produkty has-post-thumbnail shipping-taxable purchasable product-type-simple has-manage-stock has-only-one-instock has-gallery-images has-botiga-buy-now-button\">\n\t<a href=\"https:\/\/woka-store.pl\/en\/product\/kolczyki-glace-2\/\" class=\"woocommerce-LoopProduct-link woocommerce-loop-product__link\"><img decoding=\"async\" width=\"800\" height=\"1000\" data-src=\"https:\/\/woka-store.pl\/wp-content\/uploads\/2025\/10\/20251013-IMG_0887-800x1000.jpg\" class=\"attachment-woocommerce_thumbnail size-woocommerce_thumbnail lazyload\" alt=\"Kolczyki GLACE ze stali chirurgicznej z kryszta\u0142em i hematytem \u2014 detale\" src=\"data:image\/svg+xml;base64,PHN2ZyB3aWR0aD0iMSIgaGVpZ2h0PSIxIiB4bWxucz0iaHR0cDovL3d3dy53My5vcmcvMjAwMC9zdmciPjwvc3ZnPg==\" style=\"--smush-placeholder-width: 800px; --smush-placeholder-aspect-ratio: 800\/1000;\" \/><h2 class=\"woocommerce-loop-product__title\">Earrings GLACE<\/h2>\n\t<span class=\"price\"><span class=\"woocommerce-Price-amount amount\"><bdi>170&nbsp;<span class=\"woocommerce-Price-currencySymbol\">&#122;&#322;<\/span><\/bdi><\/span><\/span>\n<\/a><a title=\"Add to cart: \u201cKolczyki GLACE\u201d\" href=\"\/en\/wp-json\/wp\/v2\/pages\/6846?add-to-cart=8125\" aria-describedby=\"woocommerce_loop_add_to_cart_link_describedby_8125\" data-quantity=\"1\" class=\"button product_type_simple add_to_cart_button ajax_add_to_cart\" data-product_id=\"8125\" data-product_sku=\"\" aria-label=\"Add to cart: \u201cKolczyki GLACE\u201d\" rel=\"nofollow\" data-success_message=\"\u201cKolczyki GLACE\u201d has been added to your cart\" role=\"button\" data-no-translation=\"\" data-trp-gettext=\"\" data-no-translation-title=\"\" data-no-translation-aria-label=\"\" data-no-translation-data-success_message=\"\">Add to cart<\/a><a href=\"https:\/\/woka-store.pl\/en\/checkout\/?add-to-cart=8125&#038;botiga_buy_now=1\" class=\"button botiga-buy-now-button botiga-buy-now-button-shop-archive\">Buy Now<\/a>\t<span id=\"woocommerce_loop_add_to_cart_link_describedby_8125\" class=\"screen-reader-text\">\n\t\t\t<\/span>\n<\/li>\n<li class=\"product type-product post-8119 status-publish instock product_cat-kolczyki product_cat-krysztal-gorski product_cat-wszystkie-produkty has-post-thumbnail shipping-taxable purchasable product-type-simple has-manage-stock has-gallery-images has-botiga-buy-now-button\">\n\t<a href=\"https:\/\/woka-store.pl\/en\/product\/kolczyki-glace\/\" class=\"woocommerce-LoopProduct-link woocommerce-loop-product__link\"><img decoding=\"async\" width=\"800\" height=\"1000\" data-src=\"https:\/\/woka-store.pl\/wp-content\/uploads\/2025\/10\/20251013-IMG_0908-800x1000.jpg\" class=\"attachment-woocommerce_thumbnail size-woocommerce_thumbnail lazyload\" alt=\"Kolczyki GLACE ze stali chirurgicznej z kryszta\u0142em i hematytem \u2014 detale\" src=\"data:image\/svg+xml;base64,PHN2ZyB3aWR0aD0iMSIgaGVpZ2h0PSIxIiB4bWxucz0iaHR0cDovL3d3dy53My5vcmcvMjAwMC9zdmciPjwvc3ZnPg==\" style=\"--smush-placeholder-width: 800px; --smush-placeholder-aspect-ratio: 800\/1000;\" \/><h2 class=\"woocommerce-loop-product__title\">Earrings GLACE<\/h2>\n\t<span class=\"price\"><span class=\"woocommerce-Price-amount amount\"><bdi>160&nbsp;<span class=\"woocommerce-Price-currencySymbol\">&#122;&#322;<\/span><\/bdi><\/span><\/span>\n<\/a><a title=\"Add to cart: \u201cKolczyki GLACE\u201d\" href=\"\/en\/wp-json\/wp\/v2\/pages\/6846?add-to-cart=8119\" aria-describedby=\"woocommerce_loop_add_to_cart_link_describedby_8119\" data-quantity=\"1\" class=\"button product_type_simple add_to_cart_button ajax_add_to_cart\" data-product_id=\"8119\" data-product_sku=\"\" aria-label=\"Add to cart: \u201cKolczyki GLACE\u201d\" rel=\"nofollow\" data-success_message=\"\u201cKolczyki GLACE\u201d has been added to your cart\" role=\"button\" data-no-translation=\"\" data-trp-gettext=\"\" data-no-translation-title=\"\" data-no-translation-aria-label=\"\" data-no-translation-data-success_message=\"\">Add to cart<\/a><a href=\"https:\/\/woka-store.pl\/en\/checkout\/?add-to-cart=8119&#038;botiga_buy_now=1\" class=\"button botiga-buy-now-button botiga-buy-now-button-shop-archive\">Buy Now<\/a>\t<span id=\"woocommerce_loop_add_to_cart_link_describedby_8119\" class=\"screen-reader-text\">\n\t\t\t<\/span>\n<\/li>\n<\/ul>\n<\/div><\/div>\n\t\t\t\t\t\t<\/div>\n\t\t\t\t<\/div>\n\t\t\t\t<div class=\"elementor-element elementor-element-01e86b9 elementor-widget elementor-widget-spacer\" data-id=\"01e86b9\" data-element_type=\"widget\" data-e-type=\"widget\" data-widget_type=\"spacer.default\">\n\t\t\t\t<div class=\"elementor-widget-container\">\n\t\t\t\t\t\t\t<div class=\"elementor-spacer\">\n\t\t\t<div class=\"elementor-spacer-inner\"><\/div>\n\t\t<\/div>\n\t\t\t\t\t\t<\/div>\n\t\t\t\t<\/div>\n\t\t\t\t\t<\/div>\n\t\t\t\t<\/div>\n\t\t\t\t<\/div>","protected":false},"excerpt":{"rendered":"<p>KRYSZTA\u0141 G\u00d3RSKI Bi\u017cuteria z kryszta\u0142u g\u00f3rskiego \u0142\u0105czy naturaln\u0105 elegancj\u0119 i ponadczasowe pi\u0119kno, dodaj\u0105c blasku i przejrzysto\u015bci ka\u017cdemu stylowi<\/p>","protected":false},"author":1,"featured_media":0,"parent":0,"menu_order":0,"comment_status":"closed","ping_status":"closed","template":"","meta":{"footnotes":""},"class_list":["post-6846","page","type-page","status-publish","hentry"],"jetpack_sharing_enabled":true,"_links":{"self":[{"href":"https:\/\/woka-store.pl\/en\/wp-json\/wp\/v2\/pages\/6846","targetHints":{"allow":["GET"]}}],"collection":[{"href":"https:\/\/woka-store.pl\/en\/wp-json\/wp\/v2\/pages"}],"about":[{"href":"https:\/\/woka-store.pl\/en\/wp-json\/wp\/v2\/types\/page"}],"author":[{"embeddable":true,"href":"https:\/\/woka-store.pl\/en\/wp-json\/wp\/v2\/users\/1"}],"replies":[{"embeddable":true,"href":"https:\/\/woka-store.pl\/en\/wp-json\/wp\/v2\/comments?post=6846"}],"version-history":[{"count":28,"href":"https:\/\/woka-store.pl\/en\/wp-json\/wp\/v2\/pages\/6846\/revisions"}],"predecessor-version":[{"id":6881,"href":"https:\/\/woka-store.pl\/en\/wp-json\/wp\/v2\/pages\/6846\/revisions\/6881"}],"wp:attachment":[{"href":"https:\/\/woka-store.pl\/en\/wp-json\/wp\/v2\/media?parent=6846"}],"curies":[{"name":"wp","href":"https:\/\/api.w.org\/{rel}","templated":true}]}}