{"id":7192,"date":"2025-05-21T14:23:46","date_gmt":"2025-05-21T13:23:46","guid":{"rendered":"https:\/\/woka-store.pl\/?page_id=7192"},"modified":"2025-05-21T14:30:48","modified_gmt":"2025-05-21T13:30:48","slug":"tabela-rozmiarow","status":"publish","type":"page","link":"https:\/\/woka-store.pl\/en\/tabela-rozmiarow\/","title":{"rendered":"Size chart"},"content":{"rendered":"<div data-elementor-type=\"wp-page\" data-elementor-id=\"7192\" class=\"elementor elementor-7192\">\n\t\t\t\t<div class=\"elementor-element elementor-element-00c7c30 e-flex e-con-boxed e-con e-parent\" data-id=\"00c7c30\" data-element_type=\"container\" data-e-type=\"container\">\n\t\t\t\t\t<div class=\"e-con-inner\">\n\t\t\t\t<div class=\"elementor-element elementor-element-4120efa elementor-widget elementor-widget-heading\" data-id=\"4120efa\" data-element_type=\"widget\" data-e-type=\"widget\" data-widget_type=\"heading.default\">\n\t\t\t\t<div class=\"elementor-widget-container\">\n\t\t\t\t\t<h2 class=\"elementor-heading-title elementor-size-default\">Size chart<\/h2>\t\t\t\t<\/div>\n\t\t\t\t<\/div>\n\t\t\t\t\t<\/div>\n\t\t\t\t<\/div>\n\t\t<div class=\"elementor-element elementor-element-b4ade9a e-flex e-con-boxed e-con e-parent\" data-id=\"b4ade9a\" data-element_type=\"container\" data-e-type=\"container\">\n\t\t\t\t\t<div class=\"e-con-inner\">\n\t\t\t\t<div class=\"elementor-element elementor-element-86cb4f1 elementor-widget elementor-widget-image\" data-id=\"86cb4f1\" data-element_type=\"widget\" data-e-type=\"widget\" data-widget_type=\"image.default\">\n\t\t\t\t<div class=\"elementor-widget-container\">\n\t\t\t\t\t\t\t\t\t\t\t\t\t\t\t<img fetchpriority=\"high\" decoding=\"async\" width=\"2560\" height=\"1714\" src=\"https:\/\/woka-store.pl\/wp-content\/uploads\/2025\/05\/Frame-134-scaled.jpg\" class=\"attachment-full size-full wp-image-7195\" alt=\"\" srcset=\"https:\/\/woka-store.pl\/wp-content\/uploads\/2025\/05\/Frame-134-scaled.jpg 2560w, https:\/\/woka-store.pl\/wp-content\/uploads\/2025\/05\/Frame-134-600x402.jpg 600w, https:\/\/woka-store.pl\/wp-content\/uploads\/2025\/05\/Frame-134-1024x686.jpg 1024w, https:\/\/woka-store.pl\/wp-content\/uploads\/2025\/05\/Frame-134-768x514.jpg 768w, https:\/\/woka-store.pl\/wp-content\/uploads\/2025\/05\/Frame-134-1536x1028.jpg 1536w, https:\/\/woka-store.pl\/wp-content\/uploads\/2025\/05\/Frame-134-2048x1371.jpg 2048w, https:\/\/woka-store.pl\/wp-content\/uploads\/2025\/05\/Frame-134-18x12.jpg 18w, https:\/\/woka-store.pl\/wp-content\/uploads\/2025\/05\/Frame-134-1140x763.jpg 1140w, https:\/\/woka-store.pl\/wp-content\/uploads\/2025\/05\/Frame-134-920x616.jpg 920w, https:\/\/woka-store.pl\/wp-content\/uploads\/2025\/05\/Frame-134-575x385.jpg 575w, https:\/\/woka-store.pl\/wp-content\/uploads\/2025\/05\/Frame-134-380x254.jpg 380w, https:\/\/woka-store.pl\/wp-content\/uploads\/2025\/05\/Frame-134-800x536.jpg 800w\" sizes=\"(max-width: 2560px) 100vw, 2560px\" \/>\t\t\t\t\t\t\t\t\t\t\t\t\t\t\t<\/div>\n\t\t\t\t<\/div>\n\t\t\t\t\t<\/div>\n\t\t\t\t<\/div>\n\t\t<div class=\"elementor-element elementor-element-fce3cc5 e-flex e-con-boxed e-con e-parent\" data-id=\"fce3cc5\" data-element_type=\"container\" data-e-type=\"container\">\n\t\t\t\t\t<div class=\"e-con-inner\">\n\t\t\t\t<div class=\"elementor-element elementor-element-1bd8a27 elementor-widget elementor-widget-spacer\" data-id=\"1bd8a27\" data-element_type=\"widget\" data-e-type=\"widget\" data-widget_type=\"spacer.default\">\n\t\t\t\t<div class=\"elementor-widget-container\">\n\t\t\t\t\t\t\t<div class=\"elementor-spacer\">\n\t\t\t<div class=\"elementor-spacer-inner\"><\/div>\n\t\t<\/div>\n\t\t\t\t\t\t<\/div>\n\t\t\t\t<\/div>\n\t\t\t\t<div class=\"elementor-element elementor-element-da37849 elementor-widget elementor-widget-text-editor\" data-id=\"da37849\" data-element_type=\"widget\" data-e-type=\"widget\" data-widget_type=\"text-editor.default\">\n\t\t\t\t<div class=\"elementor-widget-container\">\n\t\t\t\t\t\t\t\t\t<p>Please note that most necklaces come with an 8 cm extender. You can always adjust the length to fit your preference!<\/p>\t\t\t\t\t\t\t\t<\/div>\n\t\t\t\t<\/div>\n\t\t\t\t<div class=\"elementor-element elementor-element-3b9fde0 elementor-widget elementor-widget-spacer\" data-id=\"3b9fde0\" data-element_type=\"widget\" data-e-type=\"widget\" data-widget_type=\"spacer.default\">\n\t\t\t\t<div class=\"elementor-widget-container\">\n\t\t\t\t\t\t\t<div class=\"elementor-spacer\">\n\t\t\t<div class=\"elementor-spacer-inner\"><\/div>\n\t\t<\/div>\n\t\t\t\t\t\t<\/div>\n\t\t\t\t<\/div>\n\t\t\t\t\t<\/div>\n\t\t\t\t<\/div>\n\t\t\t\t<\/div>","protected":false},"excerpt":{"rendered":"<p>Tabela rozmiar\u00f3w Przypominamy, \u017ce wi\u0119kszo\u015b\u0107 naszyjnik\u00f3w posiada przed\u0142u\u017ck\u0119 \u2013 8 cm. Zawsze mo\u017cesz dopasowa\u0107 odpowiedni\u0105 d\u0142ugo\u015b\u0107!<\/p>","protected":false},"author":1,"featured_media":0,"parent":0,"menu_order":0,"comment_status":"closed","ping_status":"closed","template":"","meta":{"footnotes":""},"class_list":["post-7192","page","type-page","status-publish","hentry"],"jetpack_sharing_enabled":true,"_links":{"self":[{"href":"https:\/\/woka-store.pl\/en\/wp-json\/wp\/v2\/pages\/7192","targetHints":{"allow":["GET"]}}],"collection":[{"href":"https:\/\/woka-store.pl\/en\/wp-json\/wp\/v2\/pages"}],"about":[{"href":"https:\/\/woka-store.pl\/en\/wp-json\/wp\/v2\/types\/page"}],"author":[{"embeddable":true,"href":"https:\/\/woka-store.pl\/en\/wp-json\/wp\/v2\/users\/1"}],"replies":[{"embeddable":true,"href":"https:\/\/woka-store.pl\/en\/wp-json\/wp\/v2\/comments?post=7192"}],"version-history":[{"count":7,"href":"https:\/\/woka-store.pl\/en\/wp-json\/wp\/v2\/pages\/7192\/revisions"}],"predecessor-version":[{"id":7202,"href":"https:\/\/woka-store.pl\/en\/wp-json\/wp\/v2\/pages\/7192\/revisions\/7202"}],"wp:attachment":[{"href":"https:\/\/woka-store.pl\/en\/wp-json\/wp\/v2\/media?parent=7192"}],"curies":[{"name":"wp","href":"https:\/\/api.w.org\/{rel}","templated":true}]}}