{"id":8479,"date":"2025-11-10T09:50:19","date_gmt":"2025-11-10T08:50:19","guid":{"rendered":"https:\/\/woka-store.pl\/?page_id=8479"},"modified":"2025-11-10T11:41:43","modified_gmt":"2025-11-10T10:41:43","slug":"pawie-oko","status":"publish","type":"page","link":"https:\/\/woka-store.pl\/en\/pawie-oko\/","title":{"rendered":"PEACOCK EYE PEARLS"},"content":{"rendered":"<div data-elementor-type=\"wp-page\" data-elementor-id=\"8479\" class=\"elementor elementor-8479\">\n\t\t\t\t<div class=\"elementor-element elementor-element-65ec509 e-flex e-con-boxed e-con e-parent\" data-id=\"65ec509\" data-element_type=\"container\" data-e-type=\"container\">\n\t\t\t\t\t<div class=\"e-con-inner\">\n\t\t\t\t<div class=\"elementor-element elementor-element-b4c5db8 elementor-widget elementor-widget-heading\" data-id=\"b4c5db8\" data-element_type=\"widget\" data-e-type=\"widget\" data-widget_type=\"heading.default\">\n\t\t\t\t<div class=\"elementor-widget-container\">\n\t\t\t\t\t<h2 class=\"elementor-heading-title elementor-size-default\">PEACOCK EYE PEARLS<\/h2>\t\t\t\t<\/div>\n\t\t\t\t<\/div>\n\t\t\t\t\t<\/div>\n\t\t\t\t<\/div>\n\t\t<div class=\"elementor-element elementor-element-668729a e-flex e-con-boxed e-con e-parent\" data-id=\"668729a\" data-element_type=\"container\" data-e-type=\"container\">\n\t\t\t\t\t<div class=\"e-con-inner\">\n\t\t\t\t<div class=\"elementor-element elementor-element-8f3e265 elementor-widget elementor-widget-image\" data-id=\"8f3e265\" data-element_type=\"widget\" data-e-type=\"widget\" data-widget_type=\"image.default\">\n\t\t\t\t<div class=\"elementor-widget-container\">\n\t\t\t\t\t\t\t\t\t\t\t\t\t\t\t<img fetchpriority=\"high\" decoding=\"async\" width=\"683\" height=\"1024\" src=\"https:\/\/woka-store.pl\/wp-content\/uploads\/2025\/11\/20251105-IMG_1553-683x1024.jpg\" class=\"attachment-large size-large wp-image-8514\" alt=\"\" srcset=\"https:\/\/woka-store.pl\/wp-content\/uploads\/2025\/11\/20251105-IMG_1553-683x1024.jpg 683w, https:\/\/woka-store.pl\/wp-content\/uploads\/2025\/11\/20251105-IMG_1553-400x600.jpg 400w, https:\/\/woka-store.pl\/wp-content\/uploads\/2025\/11\/20251105-IMG_1553-768x1152.jpg 768w, https:\/\/woka-store.pl\/wp-content\/uploads\/2025\/11\/20251105-IMG_1553-1024x1536.jpg 1024w, https:\/\/woka-store.pl\/wp-content\/uploads\/2025\/11\/20251105-IMG_1553-1365x2048.jpg 1365w, https:\/\/woka-store.pl\/wp-content\/uploads\/2025\/11\/20251105-IMG_1553-8x12.jpg 8w, https:\/\/woka-store.pl\/wp-content\/uploads\/2025\/11\/20251105-IMG_1553-1140x1710.jpg 1140w, https:\/\/woka-store.pl\/wp-content\/uploads\/2025\/11\/20251105-IMG_1553-920x1380.jpg 920w, https:\/\/woka-store.pl\/wp-content\/uploads\/2025\/11\/20251105-IMG_1553-575x862.jpg 575w, https:\/\/woka-store.pl\/wp-content\/uploads\/2025\/11\/20251105-IMG_1553-380x570.jpg 380w, https:\/\/woka-store.pl\/wp-content\/uploads\/2025\/11\/20251105-IMG_1553-800x1200.jpg 800w, https:\/\/woka-store.pl\/wp-content\/uploads\/2025\/11\/20251105-IMG_1553-scaled.jpg 1707w\" sizes=\"(max-width: 683px) 100vw, 683px\" \/>\t\t\t\t\t\t\t\t\t\t\t\t\t\t\t<\/div>\n\t\t\t\t<\/div>\n\t\t\t\t\t<\/div>\n\t\t\t\t<\/div>\n\t\t<div class=\"elementor-element elementor-element-2aabd5e e-flex e-con-boxed e-con e-parent\" data-id=\"2aabd5e\" data-element_type=\"container\" data-e-type=\"container\">\n\t\t\t\t\t<div class=\"e-con-inner\">\n\t\t\t\t<div class=\"elementor-element elementor-element-d98f3eb elementor-widget elementor-widget-spacer\" data-id=\"d98f3eb\" data-element_type=\"widget\" data-e-type=\"widget\" data-widget_type=\"spacer.default\">\n\t\t\t\t<div class=\"elementor-widget-container\">\n\t\t\t\t\t\t\t<div class=\"elementor-spacer\">\n\t\t\t<div class=\"elementor-spacer-inner\"><\/div>\n\t\t<\/div>\n\t\t\t\t\t\t<\/div>\n\t\t\t\t<\/div>\n\t\t\t\t<div class=\"elementor-element elementor-element-9076f89 elementor-widget__width-initial elementor-widget elementor-widget-text-editor\" data-id=\"9076f89\" data-element_type=\"widget\" data-e-type=\"widget\" data-widget_type=\"text-editor.default\">\n\t\t\t\t<div class=\"elementor-widget-container\">\n\t\t\t\t\t\t\t\t\t<h6>The new dark pearl collection dazzles with its unusual, multicolored luster, catching the eye and highlighting the uniqueness of each piece<\/h6>\t\t\t\t\t\t\t\t<\/div>\n\t\t\t\t<\/div>\n\t\t\t\t<div class=\"elementor-element elementor-element-9fd5fd6 elementor-widget elementor-widget-spacer\" data-id=\"9fd5fd6\" data-element_type=\"widget\" data-e-type=\"widget\" data-widget_type=\"spacer.default\">\n\t\t\t\t<div class=\"elementor-widget-container\">\n\t\t\t\t\t\t\t<div class=\"elementor-spacer\">\n\t\t\t<div class=\"elementor-spacer-inner\"><\/div>\n\t\t<\/div>\n\t\t\t\t\t\t<\/div>\n\t\t\t\t<\/div>\n\t\t\t\t<div class=\"elementor-element elementor-element-2df0288 elementor-widget elementor-widget-shortcode\" data-id=\"2df0288\" data-element_type=\"widget\" data-e-type=\"widget\" data-widget_type=\"shortcode.default\">\n\t\t\t\t<div class=\"elementor-widget-container\">\n\t\t\t\t\t\t\t<div class=\"elementor-shortcode\"><div class=\"woocommerce columns-4 product-equal-height\"><ul class=\"products columns-4\">\n<li class=\"product type-product post-8498 status-publish first instock product_cat-naszyjniki product_cat-perly product_cat-perly-pawie-oko product_cat-wszystkie-produkty product_tag-ostatnia-sztuka has-post-thumbnail shipping-taxable purchasable product-type-simple has-manage-stock has-only-one-instock has-gallery-images has-botiga-buy-now-button\">\n\t<a href=\"https:\/\/woka-store.pl\/en\/product\/naszyjnik-eclipse-2\/\" class=\"woocommerce-LoopProduct-link woocommerce-loop-product__link\"><img decoding=\"async\" width=\"800\" height=\"1000\" data-src=\"https:\/\/woka-store.pl\/wp-content\/uploads\/2025\/11\/20251104-IMG_1432-800x1000.jpg\" class=\"attachment-woocommerce_thumbnail size-woocommerce_thumbnail lazyload\" alt=\"Naszyjnik ECLIPSE\" src=\"data:image\/svg+xml;base64,PHN2ZyB3aWR0aD0iMSIgaGVpZ2h0PSIxIiB4bWxucz0iaHR0cDovL3d3dy53My5vcmcvMjAwMC9zdmciPjwvc3ZnPg==\" style=\"--smush-placeholder-width: 800px; --smush-placeholder-aspect-ratio: 800\/1000;\" \/><div class=\"merchant-product-labels merchant-product-labels__regular merchant-product-labels--multiple show-on-desktop show-on-mobile\"><div class=\"merchant-product-labels__label-wrapper merchant-product-labels__text merchant-product-labels__text-shape-1 position-top-left\" style=\"margin:0;padding:0;width:110px;height:30px;font-size:11px;background-color:#212121;color:#ffffff;border-radius:0px;top:0px;left:0px\"><span class=\"merchant-label merchant-label-top-left\">Last piece<\/span><\/div><\/div><h2 class=\"woocommerce-loop-product__title\">Necklace ECLIPSE<\/h2>\n\t<span class=\"price\"><span class=\"woocommerce-Price-amount amount\"><bdi>150&nbsp;<span class=\"woocommerce-Price-currencySymbol\">&#122;&#322;<\/span><\/bdi><\/span><\/span>\n<\/a><a title=\"Add to cart: \u201cNaszyjnik ECLIPSE\u201d\" href=\"\/en\/wp-json\/wp\/v2\/pages\/8479?add-to-cart=8498\" aria-describedby=\"woocommerce_loop_add_to_cart_link_describedby_8498\" data-quantity=\"1\" class=\"button product_type_simple add_to_cart_button ajax_add_to_cart\" data-product_id=\"8498\" data-product_sku=\"\" aria-label=\"Add to cart: \u201cNaszyjnik ECLIPSE\u201d\" rel=\"nofollow\" data-success_message=\"\u201cNaszyjnik ECLIPSE\u201d has been added to your cart\" role=\"button\" data-no-translation=\"\" data-trp-gettext=\"\" data-no-translation-title=\"\" data-no-translation-aria-label=\"\" data-no-translation-data-success_message=\"\">Add to cart<\/a><a href=\"https:\/\/woka-store.pl\/en\/checkout\/?add-to-cart=8498&#038;botiga_buy_now=1\" class=\"button botiga-buy-now-button botiga-buy-now-button-shop-archive\">Buy Now<\/a>\t<span id=\"woocommerce_loop_add_to_cart_link_describedby_8498\" class=\"screen-reader-text\">\n\t\t\t<\/span>\n<\/li>\n<li class=\"product type-product post-8487 status-publish instock product_cat-kolczyki product_cat-perly product_cat-perly-pawie-oko product_cat-wszystkie-produkty product_tag-ostatnia-sztuka has-post-thumbnail shipping-taxable purchasable product-type-simple has-manage-stock has-only-one-instock has-gallery-images has-botiga-buy-now-button\">\n\t<a href=\"https:\/\/woka-store.pl\/en\/product\/kolczyki-eclipse-2\/\" class=\"woocommerce-LoopProduct-link woocommerce-loop-product__link\"><img decoding=\"async\" width=\"800\" height=\"1000\" data-src=\"https:\/\/woka-store.pl\/wp-content\/uploads\/2025\/11\/20251104-IMG_1488-800x1000.jpg\" class=\"attachment-woocommerce_thumbnail size-woocommerce_thumbnail lazyload\" alt=\"Kolczyki ECLIPSE ze stali chirurgicznej i per\u0142ami hodowlanymi, minimalistyczny design\" src=\"data:image\/svg+xml;base64,PHN2ZyB3aWR0aD0iMSIgaGVpZ2h0PSIxIiB4bWxucz0iaHR0cDovL3d3dy53My5vcmcvMjAwMC9zdmciPjwvc3ZnPg==\" style=\"--smush-placeholder-width: 800px; --smush-placeholder-aspect-ratio: 800\/1000;\" \/><div class=\"merchant-product-labels merchant-product-labels__regular merchant-product-labels--multiple show-on-desktop show-on-mobile\"><div class=\"merchant-product-labels__label-wrapper merchant-product-labels__text merchant-product-labels__text-shape-1 position-top-left\" style=\"margin:0;padding:0;width:110px;height:30px;font-size:11px;background-color:#212121;color:#ffffff;border-radius:0px;top:0px;left:0px\"><span class=\"merchant-label merchant-label-top-left\">Last piece<\/span><\/div><\/div><h2 class=\"woocommerce-loop-product__title\">Earrings ECLIPSE<\/h2>\n\t<span class=\"price\"><span class=\"woocommerce-Price-amount amount\"><bdi>140&nbsp;<span class=\"woocommerce-Price-currencySymbol\">&#122;&#322;<\/span><\/bdi><\/span><\/span>\n<\/a><a title=\"Add to cart: \u201cKolczyki ECLIPSE\u201d\" href=\"\/en\/wp-json\/wp\/v2\/pages\/8479?add-to-cart=8487\" aria-describedby=\"woocommerce_loop_add_to_cart_link_describedby_8487\" data-quantity=\"1\" class=\"button product_type_simple add_to_cart_button ajax_add_to_cart\" data-product_id=\"8487\" data-product_sku=\"\" aria-label=\"Add to cart: \u201cKolczyki ECLIPSE\u201d\" rel=\"nofollow\" data-success_message=\"\u201cKolczyki ECLIPSE\u201d has been added to your cart\" role=\"button\" data-no-translation=\"\" data-trp-gettext=\"\" data-no-translation-title=\"\" data-no-translation-aria-label=\"\" data-no-translation-data-success_message=\"\">Add to cart<\/a><a href=\"https:\/\/woka-store.pl\/en\/checkout\/?add-to-cart=8487&#038;botiga_buy_now=1\" class=\"button botiga-buy-now-button botiga-buy-now-button-shop-archive\">Buy Now<\/a>\t<span id=\"woocommerce_loop_add_to_cart_link_describedby_8487\" class=\"screen-reader-text\">\n\t\t\t<\/span>\n<\/li>\n<li class=\"product type-product post-8478 status-publish instock product_cat-kolczyki product_cat-perly product_cat-perly-pawie-oko product_cat-wszystkie-produkty product_tag-ostatnia-sztuka has-post-thumbnail shipping-taxable purchasable product-type-simple has-manage-stock has-only-one-instock has-gallery-images has-botiga-buy-now-button\">\n\t<a href=\"https:\/\/woka-store.pl\/en\/product\/kolczyki-eclipse\/\" class=\"woocommerce-LoopProduct-link woocommerce-loop-product__link\"><img decoding=\"async\" width=\"800\" height=\"1000\" data-src=\"https:\/\/woka-store.pl\/wp-content\/uploads\/2025\/11\/20251104-IMG_1478-800x1000.jpg\" class=\"attachment-woocommerce_thumbnail size-woocommerce_thumbnail lazyload\" alt=\"Kolczyki ECLIPSE ze stali chirurgicznej i per\u0142ami \u2014 detale projektu\" src=\"data:image\/svg+xml;base64,PHN2ZyB3aWR0aD0iMSIgaGVpZ2h0PSIxIiB4bWxucz0iaHR0cDovL3d3dy53My5vcmcvMjAwMC9zdmciPjwvc3ZnPg==\" style=\"--smush-placeholder-width: 800px; --smush-placeholder-aspect-ratio: 800\/1000;\" \/><div class=\"merchant-product-labels merchant-product-labels__regular merchant-product-labels--multiple show-on-desktop show-on-mobile\"><div class=\"merchant-product-labels__label-wrapper merchant-product-labels__text merchant-product-labels__text-shape-1 position-top-left\" style=\"margin:0;padding:0;width:110px;height:30px;font-size:11px;background-color:#212121;color:#ffffff;border-radius:0px;top:0px;left:0px\"><span class=\"merchant-label merchant-label-top-left\">Last piece<\/span><\/div><\/div><h2 class=\"woocommerce-loop-product__title\">Earrings ECLIPSE<\/h2>\n\t<span class=\"price\"><span class=\"woocommerce-Price-amount amount\"><bdi>150&nbsp;<span class=\"woocommerce-Price-currencySymbol\">&#122;&#322;<\/span><\/bdi><\/span><\/span>\n<\/a><a title=\"Add to cart: \u201cKolczyki ECLIPSE\u201d\" href=\"\/en\/wp-json\/wp\/v2\/pages\/8479?add-to-cart=8478\" aria-describedby=\"woocommerce_loop_add_to_cart_link_describedby_8478\" data-quantity=\"1\" class=\"button product_type_simple add_to_cart_button ajax_add_to_cart\" data-product_id=\"8478\" data-product_sku=\"\" aria-label=\"Add to cart: \u201cKolczyki ECLIPSE\u201d\" rel=\"nofollow\" data-success_message=\"\u201cKolczyki ECLIPSE\u201d has been added to your cart\" role=\"button\" data-no-translation=\"\" data-trp-gettext=\"\" data-no-translation-title=\"\" data-no-translation-aria-label=\"\" data-no-translation-data-success_message=\"\">Add to cart<\/a><a href=\"https:\/\/woka-store.pl\/en\/checkout\/?add-to-cart=8478&#038;botiga_buy_now=1\" class=\"button botiga-buy-now-button botiga-buy-now-button-shop-archive\">Buy Now<\/a>\t<span id=\"woocommerce_loop_add_to_cart_link_describedby_8478\" class=\"screen-reader-text\">\n\t\t\t<\/span>\n<\/li>\n<\/ul>\n<\/div><\/div>\n\t\t\t\t\t\t<\/div>\n\t\t\t\t<\/div>\n\t\t\t\t<div class=\"elementor-element elementor-element-430ab0c elementor-widget elementor-widget-spacer\" data-id=\"430ab0c\" data-element_type=\"widget\" data-e-type=\"widget\" data-widget_type=\"spacer.default\">\n\t\t\t\t<div class=\"elementor-widget-container\">\n\t\t\t\t\t\t\t<div class=\"elementor-spacer\">\n\t\t\t<div class=\"elementor-spacer-inner\"><\/div>\n\t\t<\/div>\n\t\t\t\t\t\t<\/div>\n\t\t\t\t<\/div>\n\t\t\t\t\t<\/div>\n\t\t\t\t<\/div>\n\t\t\t\t<\/div>","protected":false},"excerpt":{"rendered":"<p>Per\u0142y PAWIE OKO Nowa kolekcja z ciemnych pere\u0142 zachwyca nietypowym, wielobarwnym po\u0142yskiem, kt\u00f3ry przyci\u0105ga wzrok i podkre\u015bla wyj\u0105tkowo\u015b\u0107 ka\u017cdej kreacji<\/p>","protected":false},"author":1,"featured_media":0,"parent":0,"menu_order":0,"comment_status":"closed","ping_status":"closed","template":"","meta":{"footnotes":""},"class_list":["post-8479","page","type-page","status-publish","hentry"],"jetpack_sharing_enabled":true,"_links":{"self":[{"href":"https:\/\/woka-store.pl\/en\/wp-json\/wp\/v2\/pages\/8479","targetHints":{"allow":["GET"]}}],"collection":[{"href":"https:\/\/woka-store.pl\/en\/wp-json\/wp\/v2\/pages"}],"about":[{"href":"https:\/\/woka-store.pl\/en\/wp-json\/wp\/v2\/types\/page"}],"author":[{"embeddable":true,"href":"https:\/\/woka-store.pl\/en\/wp-json\/wp\/v2\/users\/1"}],"replies":[{"embeddable":true,"href":"https:\/\/woka-store.pl\/en\/wp-json\/wp\/v2\/comments?post=8479"}],"version-history":[{"count":4,"href":"https:\/\/woka-store.pl\/en\/wp-json\/wp\/v2\/pages\/8479\/revisions"}],"predecessor-version":[{"id":8517,"href":"https:\/\/woka-store.pl\/en\/wp-json\/wp\/v2\/pages\/8479\/revisions\/8517"}],"wp:attachment":[{"href":"https:\/\/woka-store.pl\/en\/wp-json\/wp\/v2\/media?parent=8479"}],"curies":[{"name":"wp","href":"https:\/\/api.w.org\/{rel}","templated":true}]}}