{"id":1336,"date":"2025-08-10T09:14:53","date_gmt":"2025-08-10T08:14:53","guid":{"rendered":"https:\/\/woka-store.pl\/?post_type=product&#038;p=1336"},"modified":"2026-04-13T17:27:40","modified_gmt":"2026-04-13T16:27:40","slug":"naszyjnik-metalowy-stick","status":"publish","type":"product","link":"https:\/\/woka-store.pl\/en\/product\/naszyjnik-metalowy-stick\/","title":{"rendered":"Necklace STICK"},"content":{"rendered":"<p>\u2022 Length 40 cm + pendant 3.5 cm + extension chain 8 cm<br \/>\n\u2022 Surgical steel<br \/>\n\u2022 Handmade by WOKA<\/p>\n<p>&nbsp;<\/p>\n<p>A modern, simple necklace made of a steel chain, finished with a sleek bar-shaped pendant. The geometric form and cool shine of the steel give the jewelry a minimalist, contemporary character, perfect for both everyday and evening looks.<\/p>\n<p>&nbsp;<\/p>\n<p>Do you need a different size?<br \/>\nContact us on Instagram <em><a href=\"https:\/\/www.instagram.com\/woka_jewellery\/\">woka_jewellery<\/a><\/em><\/p>","protected":false},"excerpt":{"rendered":"<p>\u2022 D\u0142ugo\u015b\u0107 40 cm + zawieszka 3.5 cm + \u0142a\u0144cuszek przed\u0142u\u017cka 8 cm \u2022 Stal chirurgiczna \u2022 R\u0119cznie wykonane przez WOKA &nbsp; Nowoczesny, prosty naszyjnik wykonany ze stalowej \u0142a\u0144cuszka, zako\u0144czony [&hellip;]<\/p>\n","protected":false},"featured_media":1339,"template":"","meta":[],"product_brand":[],"product_cat":[158,145,155,205],"product_tag":[],"class_list":{"0":"post-1336","1":"product","2":"type-product","3":"status-publish","4":"has-post-thumbnail","6":"product_cat-granat","7":"product_cat-naszyjniki","8":"product_cat-stal-chirurgiczna","9":"product_cat-wszystkie-produkty","11":"first","12":"instock","13":"shipping-taxable","14":"purchasable","15":"product-type-simple"},"jetpack_sharing_enabled":true,"_links":{"self":[{"href":"https:\/\/woka-store.pl\/en\/wp-json\/wp\/v2\/product\/1336","targetHints":{"allow":["GET"]}}],"collection":[{"href":"https:\/\/woka-store.pl\/en\/wp-json\/wp\/v2\/product"}],"about":[{"href":"https:\/\/woka-store.pl\/en\/wp-json\/wp\/v2\/types\/product"}],"version-history":[{"count":11,"href":"https:\/\/woka-store.pl\/en\/wp-json\/wp\/v2\/product\/1336\/revisions"}],"predecessor-version":[{"id":9473,"href":"https:\/\/woka-store.pl\/en\/wp-json\/wp\/v2\/product\/1336\/revisions\/9473"}],"wp:featuredmedia":[{"embeddable":true,"href":"https:\/\/woka-store.pl\/en\/wp-json\/wp\/v2\/media\/1339"}],"wp:attachment":[{"href":"https:\/\/woka-store.pl\/en\/wp-json\/wp\/v2\/media?parent=1336"}],"wp:term":[{"taxonomy":"product_brand","embeddable":true,"href":"https:\/\/woka-store.pl\/en\/wp-json\/wp\/v2\/product_brand?post=1336"},{"taxonomy":"product_cat","embeddable":true,"href":"https:\/\/woka-store.pl\/en\/wp-json\/wp\/v2\/product_cat?post=1336"},{"taxonomy":"product_tag","embeddable":true,"href":"https:\/\/woka-store.pl\/en\/wp-json\/wp\/v2\/product_tag?post=1336"}],"curies":[{"name":"wp","href":"https:\/\/api.w.org\/{rel}","templated":true}]}}