{"id":1347,"date":"2024-11-11T15:27:03","date_gmt":"2024-11-11T14:27:03","guid":{"rendered":"https:\/\/woka-store.pl\/?post_type=product&#038;p=1347"},"modified":"2026-03-03T16:22:50","modified_gmt":"2026-03-03T15:22:50","slug":"bransoletka-babelki","status":"publish","type":"product","link":"https:\/\/woka-store.pl\/en\/product\/bransoletka-babelki\/","title":{"rendered":"Bracelet BUBBLES"},"content":{"rendered":"<p>\u2022 Length 16 cm + extension chain 2 cm<br \/>\n\u2022 Surgical steel<br \/>\n\u2022 Handmade by WOKA<\/p>\n<p>&nbsp;<\/p>\n<p>A striking bracelet made of a steel chain, adorned with round pendants in the shape of small balls. The simple yet interesting design draws attention and can be worn alone or layered with other bracelets.<\/p>\n<p>&nbsp;<\/p>\n<p>Do you need a different size?<br \/>\nContact us on Instagram <em><a href=\"https:\/\/www.instagram.com\/woka_jewellery\/\">woka_jewellery<\/a><\/em><\/p>","protected":false},"excerpt":{"rendered":"<p>\u2022 D\u0142ugo\u015b\u0107 16 cm + \u0142a\u0144cuszek przed\u0142u\u017ckowy 2 cm \u2022 Stal chirurgiczna \u2022 R\u0119cznie wykonane przez WOKA &nbsp; Efektowna bransoletka wykonana ze stalowej \u0142a\u0144cuszka, ozdobiona kulistymi zawieszkami w formie drobnych [&hellip;]<\/p>\n","protected":false},"featured_media":1344,"template":"","meta":[],"product_brand":[],"product_cat":[146,155,205],"product_tag":[],"class_list":{"0":"post-1347","1":"product","2":"type-product","3":"status-publish","4":"has-post-thumbnail","6":"product_cat-bransoletki","7":"product_cat-stal-chirurgiczna","8":"product_cat-wszystkie-produkty","10":"first","11":"instock","12":"shipping-taxable","13":"purchasable","14":"product-type-simple"},"jetpack_sharing_enabled":true,"_links":{"self":[{"href":"https:\/\/woka-store.pl\/en\/wp-json\/wp\/v2\/product\/1347","targetHints":{"allow":["GET"]}}],"collection":[{"href":"https:\/\/woka-store.pl\/en\/wp-json\/wp\/v2\/product"}],"about":[{"href":"https:\/\/woka-store.pl\/en\/wp-json\/wp\/v2\/types\/product"}],"version-history":[{"count":7,"href":"https:\/\/woka-store.pl\/en\/wp-json\/wp\/v2\/product\/1347\/revisions"}],"predecessor-version":[{"id":9065,"href":"https:\/\/woka-store.pl\/en\/wp-json\/wp\/v2\/product\/1347\/revisions\/9065"}],"wp:featuredmedia":[{"embeddable":true,"href":"https:\/\/woka-store.pl\/en\/wp-json\/wp\/v2\/media\/1344"}],"wp:attachment":[{"href":"https:\/\/woka-store.pl\/en\/wp-json\/wp\/v2\/media?parent=1347"}],"wp:term":[{"taxonomy":"product_brand","embeddable":true,"href":"https:\/\/woka-store.pl\/en\/wp-json\/wp\/v2\/product_brand?post=1347"},{"taxonomy":"product_cat","embeddable":true,"href":"https:\/\/woka-store.pl\/en\/wp-json\/wp\/v2\/product_cat?post=1347"},{"taxonomy":"product_tag","embeddable":true,"href":"https:\/\/woka-store.pl\/en\/wp-json\/wp\/v2\/product_tag?post=1347"}],"curies":[{"name":"wp","href":"https:\/\/api.w.org\/{rel}","templated":true}]}}