{"id":1349,"date":"2024-11-11T15:32:01","date_gmt":"2024-11-11T14:32:01","guid":{"rendered":"https:\/\/woka-store.pl\/?post_type=product&#038;p=1349"},"modified":"2026-03-17T05:45:01","modified_gmt":"2026-03-17T04:45:01","slug":"bransoletka-wezel","status":"publish","type":"product","link":"https:\/\/woka-store.pl\/en\/product\/bransoletka-wezel\/","title":{"rendered":"Bracelet KNOT"},"content":{"rendered":"<p>\u2022 Length 16 cm + extension chain 2 cm<br \/>\n\u2022 Surgical steel<br \/>\n\u2022 Handmade by WOKA<\/p>\n<p>&nbsp;<\/p>\n<p>A bold and stylish bracelet featuring knots as accent details. Its raw, modern design draws attention and adds character to both everyday and evening outfits.<\/p>\n<p>&nbsp;<\/p>\n<p>Do you need a different size?<br \/>\nContact us on Instagram <em><a href=\"https:\/\/www.instagram.com\/woka_jewellery\/\">woka_jewellery<\/a><\/em><\/p>","protected":false},"excerpt":{"rendered":"<p>\u2022 D\u0142ugo\u015b\u0107 16 cm + \u0142a\u0144cuszek przed\u0142u\u017ckowy 2 cm \u2022 Stal chirurgiczna \u2022 R\u0119cznie wykonane przez WOKA &nbsp; Odwa\u017cna i stylowa bransoletka z w\u0119ze\u0142kami jako akcentuj\u0105cym detalem. Surowa, nowoczesna forma [&hellip;]<\/p>\n","protected":false},"featured_media":1352,"template":"","meta":[],"product_brand":[],"product_cat":[146,155],"product_tag":[],"class_list":{"0":"post-1349","1":"product","2":"type-product","3":"status-publish","4":"has-post-thumbnail","6":"product_cat-bransoletki","7":"product_cat-stal-chirurgiczna","9":"first","10":"instock","11":"shipping-taxable","12":"purchasable","13":"product-type-simple"},"jetpack_sharing_enabled":true,"_links":{"self":[{"href":"https:\/\/woka-store.pl\/en\/wp-json\/wp\/v2\/product\/1349","targetHints":{"allow":["GET"]}}],"collection":[{"href":"https:\/\/woka-store.pl\/en\/wp-json\/wp\/v2\/product"}],"about":[{"href":"https:\/\/woka-store.pl\/en\/wp-json\/wp\/v2\/types\/product"}],"version-history":[{"count":11,"href":"https:\/\/woka-store.pl\/en\/wp-json\/wp\/v2\/product\/1349\/revisions"}],"predecessor-version":[{"id":9064,"href":"https:\/\/woka-store.pl\/en\/wp-json\/wp\/v2\/product\/1349\/revisions\/9064"}],"wp:featuredmedia":[{"embeddable":true,"href":"https:\/\/woka-store.pl\/en\/wp-json\/wp\/v2\/media\/1352"}],"wp:attachment":[{"href":"https:\/\/woka-store.pl\/en\/wp-json\/wp\/v2\/media?parent=1349"}],"wp:term":[{"taxonomy":"product_brand","embeddable":true,"href":"https:\/\/woka-store.pl\/en\/wp-json\/wp\/v2\/product_brand?post=1349"},{"taxonomy":"product_cat","embeddable":true,"href":"https:\/\/woka-store.pl\/en\/wp-json\/wp\/v2\/product_cat?post=1349"},{"taxonomy":"product_tag","embeddable":true,"href":"https:\/\/woka-store.pl\/en\/wp-json\/wp\/v2\/product_tag?post=1349"}],"curies":[{"name":"wp","href":"https:\/\/api.w.org\/{rel}","templated":true}]}}