{"id":2820,"date":"2024-11-21T15:58:19","date_gmt":"2024-11-21T14:58:19","guid":{"rendered":"https:\/\/woka-store.pl\/?post_type=product&#038;p=2820"},"modified":"2026-01-24T11:29:58","modified_gmt":"2026-01-24T10:29:58","slug":"naszyjnik-ryz","status":"publish","type":"product","link":"https:\/\/woka-store.pl\/en\/product\/naszyjnik-ryz\/","title":{"rendered":"Necklace RICE"},"content":{"rendered":"<p>\u2022 Length 36 cm + extension chain 8 cm<br \/>\n\u2022 Freshwater cultured pearls, hematite, surgical steel<br \/>\n\u2022 Handmade by WOKA<\/p>\n<p>&nbsp;<\/p>\n<p>A simple, base necklace made of small rice pearls. It works well as a standalone accessory or layered with other jewelry pieces to create stylish, coordinated combinations.<\/p>\n<p>&nbsp;<\/p>\n<p>Do you need a different size?<br \/>\nContact us on Instagram <em><a href=\"https:\/\/www.instagram.com\/woka_jewellery\/\">woka_jewellery<\/a><\/em><\/p>","protected":false},"excerpt":{"rendered":"<p>\u2022 D\u0142ugo\u015b\u0107 36 cm + \u0142a\u0144cuszek przed\u0142u\u017ckowy 8 cm \u2022 Per\u0142y hodowlane s\u0142odkowodne, hematyt, stal chirurgiczna \u2022 R\u0119cznie wykonane przez WOKA &nbsp; Prosty, bazowy naszyjnik wykonany z drobnych pere\u0142 ry\u017cowych. [&hellip;]<\/p>\n","protected":false},"featured_media":2825,"template":"","meta":[],"product_brand":[],"product_cat":[161,145,153,200,205],"product_tag":[],"class_list":{"0":"post-2820","1":"product","2":"type-product","3":"status-publish","4":"has-post-thumbnail","6":"product_cat-kwarc-rozowy","7":"product_cat-naszyjniki","8":"product_cat-perly","9":"product_cat-sand-salt","10":"product_cat-wszystkie-produkty","12":"first","13":"instock","14":"shipping-taxable","15":"purchasable","16":"product-type-simple"},"jetpack_sharing_enabled":true,"_links":{"self":[{"href":"https:\/\/woka-store.pl\/en\/wp-json\/wp\/v2\/product\/2820","targetHints":{"allow":["GET"]}}],"collection":[{"href":"https:\/\/woka-store.pl\/en\/wp-json\/wp\/v2\/product"}],"about":[{"href":"https:\/\/woka-store.pl\/en\/wp-json\/wp\/v2\/types\/product"}],"version-history":[{"count":5,"href":"https:\/\/woka-store.pl\/en\/wp-json\/wp\/v2\/product\/2820\/revisions"}],"predecessor-version":[{"id":9054,"href":"https:\/\/woka-store.pl\/en\/wp-json\/wp\/v2\/product\/2820\/revisions\/9054"}],"wp:featuredmedia":[{"embeddable":true,"href":"https:\/\/woka-store.pl\/en\/wp-json\/wp\/v2\/media\/2825"}],"wp:attachment":[{"href":"https:\/\/woka-store.pl\/en\/wp-json\/wp\/v2\/media?parent=2820"}],"wp:term":[{"taxonomy":"product_brand","embeddable":true,"href":"https:\/\/woka-store.pl\/en\/wp-json\/wp\/v2\/product_brand?post=2820"},{"taxonomy":"product_cat","embeddable":true,"href":"https:\/\/woka-store.pl\/en\/wp-json\/wp\/v2\/product_cat?post=2820"},{"taxonomy":"product_tag","embeddable":true,"href":"https:\/\/woka-store.pl\/en\/wp-json\/wp\/v2\/product_tag?post=2820"}],"curies":[{"name":"wp","href":"https:\/\/api.w.org\/{rel}","templated":true}]}}