{"id":2827,"date":"2024-11-21T17:12:05","date_gmt":"2024-11-21T16:12:05","guid":{"rendered":"https:\/\/woka-store.pl\/?post_type=product&#038;p=2827"},"modified":"2026-01-27T09:56:40","modified_gmt":"2026-01-27T08:56:40","slug":"naszyjnik-angielit","status":"publish","type":"product","link":"https:\/\/woka-store.pl\/en\/product\/naszyjnik-angielit\/","title":{"rendered":"Necklace ANGELITE"},"content":{"rendered":"<p>\u2022 Length 46 cm + extension chain 8 cm<br \/>\n\u2022 Pendant with pearl, hematite, angelite, surgical steel<br \/>\n\u2022 Handmade by WOKA<\/p>\n<p>! The appearance of the pendants may differ from the photo as we use baroque pearls, and each pearl is unique<br \/>\nIf you want to choose the shape, message us on Instagram <a href=\"https:\/\/www.instagram.com\/woka_jewellery\/\"><em>woka_jewellery<\/em><\/a>, and we will send you the current pictures<\/p>\n<p>&nbsp;<\/p>\n<p>A necklace on a long chain featuring a pendant with a natural pearl and a small angelite accent. Subtle and harmonious, it pairs perfectly with other pieces from the same collection.<\/p>\n<p>&nbsp;<\/p>\n<p>Do you need a different size?<br \/>\nContact us on Instagram <em><a href=\"https:\/\/www.instagram.com\/woka_jewellery\/\">woka_jewellery<\/a><\/em><\/p>","protected":false},"excerpt":{"rendered":"<p>\u2022 D\u0142ugo\u015b\u0107 46 cm + \u0142a\u0144cuszek przed\u0142u\u017ckowy 8 cm \u2022 Zawieszka z per\u0142\u0105, hematyt, angielit, stal chirurgiczna \u2022 R\u0119cznie wykonane przez WOKA ! Wygl\u0105d zawieszek b\u0119dzie r\u00f3\u017cni\u0142 si\u0119 od zdj\u0119cia, [&hellip;]<\/p>\n","protected":false},"featured_media":2828,"template":"","meta":[],"product_brand":[],"product_cat":[157,145,199,153,205],"product_tag":[],"class_list":{"0":"post-2827","1":"product","2":"type-product","3":"status-publish","4":"has-post-thumbnail","6":"product_cat-angielit","7":"product_cat-naszyjniki","8":"product_cat-pastel","9":"product_cat-perly","10":"product_cat-wszystkie-produkty","12":"first","13":"instock","14":"shipping-taxable","15":"purchasable","16":"product-type-simple"},"jetpack_sharing_enabled":true,"_links":{"self":[{"href":"https:\/\/woka-store.pl\/en\/wp-json\/wp\/v2\/product\/2827","targetHints":{"allow":["GET"]}}],"collection":[{"href":"https:\/\/woka-store.pl\/en\/wp-json\/wp\/v2\/product"}],"about":[{"href":"https:\/\/woka-store.pl\/en\/wp-json\/wp\/v2\/types\/product"}],"version-history":[{"count":6,"href":"https:\/\/woka-store.pl\/en\/wp-json\/wp\/v2\/product\/2827\/revisions"}],"predecessor-version":[{"id":9182,"href":"https:\/\/woka-store.pl\/en\/wp-json\/wp\/v2\/product\/2827\/revisions\/9182"}],"wp:featuredmedia":[{"embeddable":true,"href":"https:\/\/woka-store.pl\/en\/wp-json\/wp\/v2\/media\/2828"}],"wp:attachment":[{"href":"https:\/\/woka-store.pl\/en\/wp-json\/wp\/v2\/media?parent=2827"}],"wp:term":[{"taxonomy":"product_brand","embeddable":true,"href":"https:\/\/woka-store.pl\/en\/wp-json\/wp\/v2\/product_brand?post=2827"},{"taxonomy":"product_cat","embeddable":true,"href":"https:\/\/woka-store.pl\/en\/wp-json\/wp\/v2\/product_cat?post=2827"},{"taxonomy":"product_tag","embeddable":true,"href":"https:\/\/woka-store.pl\/en\/wp-json\/wp\/v2\/product_tag?post=2827"}],"curies":[{"name":"wp","href":"https:\/\/api.w.org\/{rel}","templated":true}]}}