{"id":2837,"date":"2024-11-21T17:54:58","date_gmt":"2024-11-21T16:54:58","guid":{"rendered":"https:\/\/woka-store.pl\/?post_type=product&#038;p=2837"},"modified":"2026-01-18T13:27:00","modified_gmt":"2026-01-18T12:27:00","slug":"naszyjnik-angielit-2","status":"publish","type":"product","link":"https:\/\/woka-store.pl\/en\/product\/naszyjnik-angielit-2\/","title":{"rendered":"Necklace ANGELITE"},"content":{"rendered":"<p>\u2022 Length 38 cm + extension chain 8 cm<br \/>\n\u2022 Angelite, hematite, freshwater cultured pearls, mother-of-pearl, surgical steel<br \/>\n\u2022 Handmade by WOKA<\/p>\n<p>! The appearance of the pearls may differ from the photo, as we use baroque pearls and each one is unique<\/p>\n<p>&nbsp;<\/p>\n<p>A striking necklace made of blue angelite, large pearls, and steel tubes, creating an interesting and harmonious composition. Handcrafted with a carefully selected, intricate combination of elements, each piece is unique.<\/p>\n<p>&nbsp;<\/p>\n<p>Do you need a different size?<br \/>\nContact us on Instagram <em><a href=\"https:\/\/www.instagram.com\/woka_jewellery\/\">woka_jewellery<\/a><\/em><\/p>","protected":false},"excerpt":{"rendered":"<p>\u2022 D\u0142ugo\u015b\u0107 38 cm + \u0142a\u0144cuszek przed\u0142u\u017ckowy 8 cm \u2022 Angielit, hematyt, per\u0142y hodowlane s\u0142odkowodne, masa per\u0142owa, stal chirurgiczna \u2022 R\u0119cznie wykonane przez WOKA ! Wygl\u0105d pere\u0142 mo\u017ce r\u00f3\u017cni\u0107 si\u0119 [&hellip;]<\/p>\n","protected":false},"featured_media":2838,"template":"","meta":[],"product_brand":[],"product_cat":[157,145,199,153,205],"product_tag":[],"class_list":{"0":"post-2837","1":"product","2":"type-product","3":"status-publish","4":"has-post-thumbnail","6":"product_cat-angielit","7":"product_cat-naszyjniki","8":"product_cat-pastel","9":"product_cat-perly","10":"product_cat-wszystkie-produkty","12":"first","13":"instock","14":"shipping-taxable","15":"purchasable","16":"product-type-simple"},"jetpack_sharing_enabled":true,"_links":{"self":[{"href":"https:\/\/woka-store.pl\/en\/wp-json\/wp\/v2\/product\/2837","targetHints":{"allow":["GET"]}}],"collection":[{"href":"https:\/\/woka-store.pl\/en\/wp-json\/wp\/v2\/product"}],"about":[{"href":"https:\/\/woka-store.pl\/en\/wp-json\/wp\/v2\/types\/product"}],"version-history":[{"count":4,"href":"https:\/\/woka-store.pl\/en\/wp-json\/wp\/v2\/product\/2837\/revisions"}],"predecessor-version":[{"id":9052,"href":"https:\/\/woka-store.pl\/en\/wp-json\/wp\/v2\/product\/2837\/revisions\/9052"}],"wp:featuredmedia":[{"embeddable":true,"href":"https:\/\/woka-store.pl\/en\/wp-json\/wp\/v2\/media\/2838"}],"wp:attachment":[{"href":"https:\/\/woka-store.pl\/en\/wp-json\/wp\/v2\/media?parent=2837"}],"wp:term":[{"taxonomy":"product_brand","embeddable":true,"href":"https:\/\/woka-store.pl\/en\/wp-json\/wp\/v2\/product_brand?post=2837"},{"taxonomy":"product_cat","embeddable":true,"href":"https:\/\/woka-store.pl\/en\/wp-json\/wp\/v2\/product_cat?post=2837"},{"taxonomy":"product_tag","embeddable":true,"href":"https:\/\/woka-store.pl\/en\/wp-json\/wp\/v2\/product_tag?post=2837"}],"curies":[{"name":"wp","href":"https:\/\/api.w.org\/{rel}","templated":true}]}}