{"id":3062,"date":"2024-11-23T16:14:16","date_gmt":"2024-11-23T15:14:16","guid":{"rendered":"https:\/\/woka-store.pl\/?post_type=product&#038;p=3062"},"modified":"2026-01-24T11:23:57","modified_gmt":"2026-01-24T10:23:57","slug":"naszyjnik-petal","status":"publish","type":"product","link":"https:\/\/woka-store.pl\/en\/product\/naszyjnik-petal\/","title":{"rendered":"Necklace PETAL"},"content":{"rendered":"<p>\u2022 Length 36 cm + extension chain 8 cm<br \/>\n\u2022 Freshwater cultured pearls, surgical steel<br \/>\n\u2022 Handmade by WOKA<\/p>\n<p>&nbsp;<\/p>\n<p>A unique necklace made of pearls arranged in different directions, creating an original, dynamic composition. This rare and distinctive design draws attention and gives a modern touch to any outfit.<\/p>\n<p>&nbsp;<\/p>\n<p>Do you need a different size?<br \/>\nContact us on Instagram <em><a href=\"https:\/\/www.instagram.com\/woka_jewellery\/\">woka_jewellery<\/a><\/em><\/p>","protected":false},"excerpt":{"rendered":"<p>\u2022 D\u0142ugo\u015b\u0107 36 cm + \u0142a\u0144cuszek przed\u0142u\u017ckowy 8 cm \u2022 Per\u0142y hodowlane s\u0142odkowodne, stal chirurgiczna \u2022 R\u0119cznie wykonane przez WOKA &nbsp; Wyj\u0105tkowy naszyjnik wykonany z pere\u0142, kt\u00f3re uk\u0142adaj\u0105 si\u0119 w [&hellip;]<\/p>\n","protected":false},"featured_media":3066,"template":"","meta":[],"product_brand":[],"product_cat":[145,153,205],"product_tag":[],"class_list":{"0":"post-3062","1":"product","2":"type-product","3":"status-publish","4":"has-post-thumbnail","6":"product_cat-naszyjniki","7":"product_cat-perly","8":"product_cat-wszystkie-produkty","10":"first","11":"instock","12":"shipping-taxable","13":"purchasable","14":"product-type-simple"},"jetpack_sharing_enabled":true,"_links":{"self":[{"href":"https:\/\/woka-store.pl\/en\/wp-json\/wp\/v2\/product\/3062","targetHints":{"allow":["GET"]}}],"collection":[{"href":"https:\/\/woka-store.pl\/en\/wp-json\/wp\/v2\/product"}],"about":[{"href":"https:\/\/woka-store.pl\/en\/wp-json\/wp\/v2\/types\/product"}],"version-history":[{"count":5,"href":"https:\/\/woka-store.pl\/en\/wp-json\/wp\/v2\/product\/3062\/revisions"}],"predecessor-version":[{"id":9049,"href":"https:\/\/woka-store.pl\/en\/wp-json\/wp\/v2\/product\/3062\/revisions\/9049"}],"wp:featuredmedia":[{"embeddable":true,"href":"https:\/\/woka-store.pl\/en\/wp-json\/wp\/v2\/media\/3066"}],"wp:attachment":[{"href":"https:\/\/woka-store.pl\/en\/wp-json\/wp\/v2\/media?parent=3062"}],"wp:term":[{"taxonomy":"product_brand","embeddable":true,"href":"https:\/\/woka-store.pl\/en\/wp-json\/wp\/v2\/product_brand?post=3062"},{"taxonomy":"product_cat","embeddable":true,"href":"https:\/\/woka-store.pl\/en\/wp-json\/wp\/v2\/product_cat?post=3062"},{"taxonomy":"product_tag","embeddable":true,"href":"https:\/\/woka-store.pl\/en\/wp-json\/wp\/v2\/product_tag?post=3062"}],"curies":[{"name":"wp","href":"https:\/\/api.w.org\/{rel}","templated":true}]}}