{"id":3068,"date":"2024-11-23T16:27:03","date_gmt":"2024-11-23T15:27:03","guid":{"rendered":"https:\/\/woka-store.pl\/?post_type=product&#038;p=3068"},"modified":"2026-04-14T13:12:40","modified_gmt":"2026-04-14T12:12:40","slug":"naszyjnik-perla","status":"publish","type":"product","link":"https:\/\/woka-store.pl\/en\/product\/naszyjnik-perla\/","title":{"rendered":"Necklace PEARL"},"content":{"rendered":"<p>\u2022 Length 36 cm + extension chain 8 cm<br \/>\n\u2022 Pendant with pearl, hematite, surgical steel<br \/>\n\u2022 Handmade by WOKA<\/p>\n<p>&nbsp;<\/p>\n<p>!The appearance of the pendants may differ from the photo as we use baroque pearls, and each pearl is unique.<\/p>\n<p>If you want to choose the shape, message us on Instagram <a href=\"https:\/\/www.instagram.com\/woka_jewellery\/\"><em>woka_jewellery<\/em><\/a>, and we will send you the current pictures<\/p>\n<p>&nbsp;<\/p>\n<p>Do you need a different size?<\/p>\n<p>Contact us on Instagram <em><a href=\"https:\/\/www.instagram.com\/woka_jewellery\/\">woka_jewellery<\/a><\/em><\/p>","protected":false},"excerpt":{"rendered":"<p>\u2022 D\u0142ugo\u015b\u0107 36 cm + \u0142a\u0144cuszek przed\u0142u\u017ckowy 8 cm \u2022 Zawieszka z per\u0142\u0105, hematyt, stal chirurgiczna \u2022 R\u0119cznie wykonane przez WOKA &nbsp; ! Wygl\u0105d zawieszek b\u0119dzie r\u00f3\u017cni\u0142 si\u0119 od zdj\u0119cia, [&hellip;]<\/p>\n","protected":false},"featured_media":3069,"template":"","meta":[],"product_brand":[],"product_cat":[145,153,205],"product_tag":[],"class_list":{"0":"post-3068","1":"product","2":"type-product","3":"status-publish","4":"has-post-thumbnail","6":"product_cat-naszyjniki","7":"product_cat-perly","8":"product_cat-wszystkie-produkty","10":"first","11":"instock","12":"shipping-taxable","13":"purchasable","14":"product-type-simple"},"jetpack_sharing_enabled":true,"_links":{"self":[{"href":"https:\/\/woka-store.pl\/en\/wp-json\/wp\/v2\/product\/3068","targetHints":{"allow":["GET"]}}],"collection":[{"href":"https:\/\/woka-store.pl\/en\/wp-json\/wp\/v2\/product"}],"about":[{"href":"https:\/\/woka-store.pl\/en\/wp-json\/wp\/v2\/types\/product"}],"version-history":[{"count":2,"href":"https:\/\/woka-store.pl\/en\/wp-json\/wp\/v2\/product\/3068\/revisions"}],"predecessor-version":[{"id":9721,"href":"https:\/\/woka-store.pl\/en\/wp-json\/wp\/v2\/product\/3068\/revisions\/9721"}],"wp:featuredmedia":[{"embeddable":true,"href":"https:\/\/woka-store.pl\/en\/wp-json\/wp\/v2\/media\/3069"}],"wp:attachment":[{"href":"https:\/\/woka-store.pl\/en\/wp-json\/wp\/v2\/media?parent=3068"}],"wp:term":[{"taxonomy":"product_brand","embeddable":true,"href":"https:\/\/woka-store.pl\/en\/wp-json\/wp\/v2\/product_brand?post=3068"},{"taxonomy":"product_cat","embeddable":true,"href":"https:\/\/woka-store.pl\/en\/wp-json\/wp\/v2\/product_cat?post=3068"},{"taxonomy":"product_tag","embeddable":true,"href":"https:\/\/woka-store.pl\/en\/wp-json\/wp\/v2\/product_tag?post=3068"}],"curies":[{"name":"wp","href":"https:\/\/api.w.org\/{rel}","templated":true}]}}