{"id":3074,"date":"2024-11-11T20:40:00","date_gmt":"2024-11-11T19:40:00","guid":{"rendered":"https:\/\/woka-store.pl\/?post_type=product&#038;p=3074"},"modified":"2026-03-04T09:04:52","modified_gmt":"2026-03-04T08:04:52","slug":"naszyjnik-aurora","status":"publish","type":"product","link":"https:\/\/woka-store.pl\/en\/product\/naszyjnik-aurora\/","title":{"rendered":"Necklace AURORA"},"content":{"rendered":"<p>\u2022 Length 36 cm + extension chain 8 cm<br \/>\n\u2022 Freshwater cultured pearls, surgical steel<br \/>\n\u2022 Handmade by WOKA<\/p>\n<p>&nbsp;<\/p>\n<p>A necklace made of flat pearls with interesting shapes, arranged in a chessboard pattern. Its design makes the jewelry striking and perfect for festive, elegant outfits.<\/p>\n<p>&nbsp;<\/p>\n<p>Do you need a different size?<br \/>\nContact us on Instagram <em><a href=\"https:\/\/www.instagram.com\/woka_jewellery\/\">woka_jewellery<\/a><\/em><\/p>","protected":false},"excerpt":{"rendered":"<p>\u2022 D\u0142ugo\u015b\u0107 36 cm + \u0142a\u0144cuszek przed\u0142u\u017ckowy 8 cm \u2022 Per\u0142y hodowlane s\u0142odkowodne, stal chirurgiczna \u2022 R\u0119cznie wykonane przez WOKA &nbsp; Naszyjnik wykonany z p\u0142askich pere\u0142 o interesuj\u0105cych kszta\u0142tach, u\u0142o\u017conych [&hellip;]<\/p>\n","protected":false},"featured_media":3077,"template":"","meta":[],"product_brand":[],"product_cat":[145,153,205],"product_tag":[204],"class_list":{"0":"post-3074","1":"product","2":"type-product","3":"status-publish","4":"has-post-thumbnail","6":"product_cat-naszyjniki","7":"product_cat-perly","8":"product_cat-wszystkie-produkty","9":"product_tag-juz-wkrotce","11":"first","12":"outofstock","13":"shipping-taxable","14":"purchasable","15":"product-type-simple"},"jetpack_sharing_enabled":true,"_links":{"self":[{"href":"https:\/\/woka-store.pl\/en\/wp-json\/wp\/v2\/product\/3074","targetHints":{"allow":["GET"]}}],"collection":[{"href":"https:\/\/woka-store.pl\/en\/wp-json\/wp\/v2\/product"}],"about":[{"href":"https:\/\/woka-store.pl\/en\/wp-json\/wp\/v2\/types\/product"}],"version-history":[{"count":6,"href":"https:\/\/woka-store.pl\/en\/wp-json\/wp\/v2\/product\/3074\/revisions"}],"predecessor-version":[{"id":9062,"href":"https:\/\/woka-store.pl\/en\/wp-json\/wp\/v2\/product\/3074\/revisions\/9062"}],"wp:featuredmedia":[{"embeddable":true,"href":"https:\/\/woka-store.pl\/en\/wp-json\/wp\/v2\/media\/3077"}],"wp:attachment":[{"href":"https:\/\/woka-store.pl\/en\/wp-json\/wp\/v2\/media?parent=3074"}],"wp:term":[{"taxonomy":"product_brand","embeddable":true,"href":"https:\/\/woka-store.pl\/en\/wp-json\/wp\/v2\/product_brand?post=3074"},{"taxonomy":"product_cat","embeddable":true,"href":"https:\/\/woka-store.pl\/en\/wp-json\/wp\/v2\/product_cat?post=3074"},{"taxonomy":"product_tag","embeddable":true,"href":"https:\/\/woka-store.pl\/en\/wp-json\/wp\/v2\/product_tag?post=3074"}],"curies":[{"name":"wp","href":"https:\/\/api.w.org\/{rel}","templated":true}]}}