{"id":3080,"date":"2024-11-23T16:48:04","date_gmt":"2024-11-23T15:48:04","guid":{"rendered":"https:\/\/woka-store.pl\/?post_type=product&#038;p=3080"},"modified":"2026-03-16T11:09:02","modified_gmt":"2026-03-16T10:09:02","slug":"bransoletka-aurora","status":"publish","type":"product","link":"https:\/\/woka-store.pl\/en\/product\/bransoletka-aurora\/","title":{"rendered":"Bracelet AURORA"},"content":{"rendered":"<p>\u2022 Length 16 cm + extension chain 2 cm<br \/>\n\u2022 Freshwater cultured pearls, surgical steel<\/p>\n<p>&nbsp;<\/p>\n<p>A bracelet made of flat pearls arranged in a chessboard pattern. Its unique shape and striking design make it an interesting accent that highlights personal style.<\/p>\n<p>&nbsp;<\/p>\n<p>Do you need a different size?<br \/>\nContact us on Instagram <em><a href=\"https:\/\/www.instagram.com\/woka_jewellery\/\">woka_jewellery<\/a><\/em><\/p>","protected":false},"excerpt":{"rendered":"<p>\u2022 D\u0142ugo\u015b\u0107 16 cm + \u0142a\u0144cuszek przed\u0142u\u017ckowy 2 cm \u2022 Per\u0142y hodowlane s\u0142odkowodne, stal chirurgiczna &nbsp; Bransoletka wykonana z p\u0142askich pere\u0142 u\u0142o\u017conych w szachownicowy wz\u00f3r. Jej oryginalna forma i wyrazisty [&hellip;]<\/p>\n","protected":false},"featured_media":5190,"template":"","meta":[],"product_brand":[],"product_cat":[146,153],"product_tag":[204],"class_list":{"0":"post-3080","1":"product","2":"type-product","3":"status-publish","4":"has-post-thumbnail","6":"product_cat-bransoletki","7":"product_cat-perly","8":"product_tag-juz-wkrotce","10":"first","11":"outofstock","12":"shipping-taxable","13":"purchasable","14":"product-type-simple"},"jetpack_sharing_enabled":true,"_links":{"self":[{"href":"https:\/\/woka-store.pl\/en\/wp-json\/wp\/v2\/product\/3080","targetHints":{"allow":["GET"]}}],"collection":[{"href":"https:\/\/woka-store.pl\/en\/wp-json\/wp\/v2\/product"}],"about":[{"href":"https:\/\/woka-store.pl\/en\/wp-json\/wp\/v2\/types\/product"}],"version-history":[{"count":3,"href":"https:\/\/woka-store.pl\/en\/wp-json\/wp\/v2\/product\/3080\/revisions"}],"predecessor-version":[{"id":8315,"href":"https:\/\/woka-store.pl\/en\/wp-json\/wp\/v2\/product\/3080\/revisions\/8315"}],"wp:featuredmedia":[{"embeddable":true,"href":"https:\/\/woka-store.pl\/en\/wp-json\/wp\/v2\/media\/5190"}],"wp:attachment":[{"href":"https:\/\/woka-store.pl\/en\/wp-json\/wp\/v2\/media?parent=3080"}],"wp:term":[{"taxonomy":"product_brand","embeddable":true,"href":"https:\/\/woka-store.pl\/en\/wp-json\/wp\/v2\/product_brand?post=3080"},{"taxonomy":"product_cat","embeddable":true,"href":"https:\/\/woka-store.pl\/en\/wp-json\/wp\/v2\/product_cat?post=3080"},{"taxonomy":"product_tag","embeddable":true,"href":"https:\/\/woka-store.pl\/en\/wp-json\/wp\/v2\/product_tag?post=3080"}],"curies":[{"name":"wp","href":"https:\/\/api.w.org\/{rel}","templated":true}]}}