{"id":3216,"date":"2024-11-11T16:12:10","date_gmt":"2024-11-11T15:12:10","guid":{"rendered":"https:\/\/woka-store.pl\/?post_type=product&#038;p=3216"},"modified":"2026-04-07T11:06:44","modified_gmt":"2026-04-07T10:06:44","slug":"naszyjnik-heart-2","status":"publish","type":"product","link":"https:\/\/woka-store.pl\/en\/product\/naszyjnik-heart-2\/","title":{"rendered":"Necklace HEART"},"content":{"rendered":"<p>\u2022 Length 36 cm + extension chain 8 cm<br \/>\n\u2022 Hematite, surgical steel<br \/>\n\u2022 Handmade by WOKA<\/p>\n<p>&nbsp;<\/p>\n<p>A simple and charming necklace made of hematite beads, featuring a central steel heart. It can be a beautiful gift for yourself or a loved one, adding a subtle accent to any outfit.<\/p>\n<p>&nbsp;<\/p>\n<p>Do you need a different size?<br \/>\nContact us on Instagram <em><a href=\"https:\/\/www.instagram.com\/woka_jewellery\/\">woka_jewellery<\/a><\/em><\/p>","protected":false},"excerpt":{"rendered":"<p>\u2022 D\u0142ugo\u015b\u0107 36 cm + \u0142a\u0144cuszek przed\u0142u\u017ckowy 8 cm \u2022 Hematyt, stal chirurgiczna \u2022 R\u0119cznie wykonane przez WOKA &nbsp; Prosty i uroczy naszyjnik wykonany z koralik\u00f3w hematytu, z centralnym stalowym [&hellip;]<\/p>\n","protected":false},"featured_media":3217,"template":"","meta":[],"product_brand":[],"product_cat":[156,145,205,173],"product_tag":[],"class_list":{"0":"post-3216","1":"product","2":"type-product","3":"status-publish","4":"has-post-thumbnail","6":"product_cat-hematyt","7":"product_cat-naszyjniki","8":"product_cat-wszystkie-produkty","9":"product_cat-zloty-kolor","11":"first","12":"instock","13":"shipping-taxable","14":"purchasable","15":"product-type-variable"},"jetpack_sharing_enabled":true,"_links":{"self":[{"href":"https:\/\/woka-store.pl\/en\/wp-json\/wp\/v2\/product\/3216","targetHints":{"allow":["GET"]}}],"collection":[{"href":"https:\/\/woka-store.pl\/en\/wp-json\/wp\/v2\/product"}],"about":[{"href":"https:\/\/woka-store.pl\/en\/wp-json\/wp\/v2\/types\/product"}],"version-history":[{"count":3,"href":"https:\/\/woka-store.pl\/en\/wp-json\/wp\/v2\/product\/3216\/revisions"}],"predecessor-version":[{"id":9063,"href":"https:\/\/woka-store.pl\/en\/wp-json\/wp\/v2\/product\/3216\/revisions\/9063"}],"wp:featuredmedia":[{"embeddable":true,"href":"https:\/\/woka-store.pl\/en\/wp-json\/wp\/v2\/media\/3217"}],"wp:attachment":[{"href":"https:\/\/woka-store.pl\/en\/wp-json\/wp\/v2\/media?parent=3216"}],"wp:term":[{"taxonomy":"product_brand","embeddable":true,"href":"https:\/\/woka-store.pl\/en\/wp-json\/wp\/v2\/product_brand?post=3216"},{"taxonomy":"product_cat","embeddable":true,"href":"https:\/\/woka-store.pl\/en\/wp-json\/wp\/v2\/product_cat?post=3216"},{"taxonomy":"product_tag","embeddable":true,"href":"https:\/\/woka-store.pl\/en\/wp-json\/wp\/v2\/product_tag?post=3216"}],"curies":[{"name":"wp","href":"https:\/\/api.w.org\/{rel}","templated":true}]}}