{"id":4113,"date":"2024-12-09T20:07:30","date_gmt":"2024-12-09T19:07:30","guid":{"rendered":"https:\/\/woka-store.pl\/?post_type=product&#038;p=4113"},"modified":"2026-01-24T11:39:22","modified_gmt":"2026-01-24T10:39:22","slug":"naszyjnik-grace","status":"publish","type":"product","link":"https:\/\/woka-store.pl\/en\/product\/naszyjnik-grace\/","title":{"rendered":"Necklace GRACE"},"content":{"rendered":"<p>\u2022 Length 36 cm + extension chain 8 cm<br \/>\n\u2022 Freshwater cultured pearls, hematite, surgical steel<br \/>\n\u2022 Handmade by WOKA<\/p>\n<p>&nbsp;<\/p>\n<p>An elegant necklace made of pearls with interesting, irregular shapes, complemented by small hematite accents. The combination of the pearls\u2019 natural luster and the metallic shine of hematite creates an eye-catching, modern composition.<\/p>\n<p>&nbsp;<\/p>\n<p>Do you need a different size?<br \/>\nContact us on Instagram <em><a href=\"https:\/\/www.instagram.com\/woka_jewellery\/\">woka_jewellery<\/a><\/em><\/p>","protected":false},"excerpt":{"rendered":"<p>\u2022 D\u0142ugo\u015b\u0107 36 cm + \u0142a\u0144cuszek przed\u0142u\u017ckowy 8 cm \u2022 Per\u0142y hodowlane s\u0142odkowodne, hematyt, stal chirurgiczna \u2022 R\u0119cznie wykonane przez WOKA &nbsp; Elegancki naszyjnik wykonany z pere\u0142 o interesuj\u0105cych, nieregularnych [&hellip;]<\/p>\n","protected":false},"featured_media":4104,"template":"","meta":[],"product_brand":[],"product_cat":[145,153,205],"product_tag":[],"class_list":{"0":"post-4113","1":"product","2":"type-product","3":"status-publish","4":"has-post-thumbnail","6":"product_cat-naszyjniki","7":"product_cat-perly","8":"product_cat-wszystkie-produkty","10":"first","11":"instock","12":"shipping-taxable","13":"purchasable","14":"product-type-simple"},"jetpack_sharing_enabled":true,"_links":{"self":[{"href":"https:\/\/woka-store.pl\/en\/wp-json\/wp\/v2\/product\/4113","targetHints":{"allow":["GET"]}}],"collection":[{"href":"https:\/\/woka-store.pl\/en\/wp-json\/wp\/v2\/product"}],"about":[{"href":"https:\/\/woka-store.pl\/en\/wp-json\/wp\/v2\/types\/product"}],"version-history":[{"count":4,"href":"https:\/\/woka-store.pl\/en\/wp-json\/wp\/v2\/product\/4113\/revisions"}],"predecessor-version":[{"id":9048,"href":"https:\/\/woka-store.pl\/en\/wp-json\/wp\/v2\/product\/4113\/revisions\/9048"}],"wp:featuredmedia":[{"embeddable":true,"href":"https:\/\/woka-store.pl\/en\/wp-json\/wp\/v2\/media\/4104"}],"wp:attachment":[{"href":"https:\/\/woka-store.pl\/en\/wp-json\/wp\/v2\/media?parent=4113"}],"wp:term":[{"taxonomy":"product_brand","embeddable":true,"href":"https:\/\/woka-store.pl\/en\/wp-json\/wp\/v2\/product_brand?post=4113"},{"taxonomy":"product_cat","embeddable":true,"href":"https:\/\/woka-store.pl\/en\/wp-json\/wp\/v2\/product_cat?post=4113"},{"taxonomy":"product_tag","embeddable":true,"href":"https:\/\/woka-store.pl\/en\/wp-json\/wp\/v2\/product_tag?post=4113"}],"curies":[{"name":"wp","href":"https:\/\/api.w.org\/{rel}","templated":true}]}}