{"id":4127,"date":"2025-08-18T14:01:22","date_gmt":"2025-08-18T13:01:22","guid":{"rendered":"https:\/\/woka-store.pl\/?post_type=product&#038;p=4127"},"modified":"2026-03-20T20:34:46","modified_gmt":"2026-03-20T19:34:46","slug":"naszyjnik-onyx","status":"publish","type":"product","link":"https:\/\/woka-store.pl\/en\/product\/naszyjnik-onyx\/","title":{"rendered":"Necklace ONYX"},"content":{"rendered":"<p>\u2022 Length 36 cm + extension chain 8 cm<br \/>\n\u2022 Black onyx, hematite, surgical steel<br \/>\n\u2022 Handmade by WOKA<\/p>\n<p>&nbsp;<\/p>\n<p>A simple, charming necklace made of small black onyx beads with subtle hematite accents. Versatile and lightweight, perfect for everyday wear. When paired with a long necklace, it creates a stylish and interesting look, adding depth and character to any outfit.<\/p>\n<p>&nbsp;<\/p>\n<p>Do you need a different size?<br \/>\nContact us on Instagram <em><a href=\"https:\/\/www.instagram.com\/woka_jewellery\/\">woka_jewellery<\/a><\/em><\/p>","protected":false},"excerpt":{"rendered":"<p>\u2022 D\u0142ugo\u015b\u0107 36 cm + \u0142a\u0144cuszek przed\u0142u\u017ckowy 8 cm \u2022 Onyks czarny, hematyt, stal chirurgiczna \u2022 R\u0119cznie wykonane przez WOKA &nbsp; Prosty, uroczy naszyjnik wykonany z drobnych czarnych onyks\u00f3w z [&hellip;]<\/p>\n","protected":false},"featured_media":4137,"template":"","meta":[],"product_brand":[],"product_cat":[145,174,205],"product_tag":[],"class_list":{"0":"post-4127","1":"product","2":"type-product","3":"status-publish","4":"has-post-thumbnail","6":"product_cat-naszyjniki","7":"product_cat-onyx","8":"product_cat-wszystkie-produkty","10":"first","11":"instock","12":"shipping-taxable","13":"purchasable","14":"product-type-simple"},"jetpack_sharing_enabled":true,"_links":{"self":[{"href":"https:\/\/woka-store.pl\/en\/wp-json\/wp\/v2\/product\/4127","targetHints":{"allow":["GET"]}}],"collection":[{"href":"https:\/\/woka-store.pl\/en\/wp-json\/wp\/v2\/product"}],"about":[{"href":"https:\/\/woka-store.pl\/en\/wp-json\/wp\/v2\/types\/product"}],"version-history":[{"count":10,"href":"https:\/\/woka-store.pl\/en\/wp-json\/wp\/v2\/product\/4127\/revisions"}],"predecessor-version":[{"id":9451,"href":"https:\/\/woka-store.pl\/en\/wp-json\/wp\/v2\/product\/4127\/revisions\/9451"}],"wp:featuredmedia":[{"embeddable":true,"href":"https:\/\/woka-store.pl\/en\/wp-json\/wp\/v2\/media\/4137"}],"wp:attachment":[{"href":"https:\/\/woka-store.pl\/en\/wp-json\/wp\/v2\/media?parent=4127"}],"wp:term":[{"taxonomy":"product_brand","embeddable":true,"href":"https:\/\/woka-store.pl\/en\/wp-json\/wp\/v2\/product_brand?post=4127"},{"taxonomy":"product_cat","embeddable":true,"href":"https:\/\/woka-store.pl\/en\/wp-json\/wp\/v2\/product_cat?post=4127"},{"taxonomy":"product_tag","embeddable":true,"href":"https:\/\/woka-store.pl\/en\/wp-json\/wp\/v2\/product_tag?post=4127"}],"curies":[{"name":"wp","href":"https:\/\/api.w.org\/{rel}","templated":true}]}}