{"id":4142,"date":"2025-08-18T14:02:06","date_gmt":"2025-08-18T13:02:06","guid":{"rendered":"https:\/\/woka-store.pl\/?post_type=product&#038;p=4142"},"modified":"2026-04-26T12:04:26","modified_gmt":"2026-04-26T11:04:26","slug":"naszyjnik-onyx2","status":"publish","type":"product","link":"https:\/\/woka-store.pl\/en\/product\/naszyjnik-onyx2\/","title":{"rendered":"Necklace ONYX"},"content":{"rendered":"<p>\u2022 Length 36 cm + extension chain 8 cm<br \/>\n\u2022 Black onyx, hematite, surgical steel<br \/>\n\u2022 Handmade by WOKA<\/p>\n<p>&nbsp;<\/p>\n<p>A striking necklace made of black onyx and hematite, featuring steel triangular elements at the front. The contrast between natural stones and geometric steel details creates a modern, eye-catching accent. Perfect to wear alone or layered with other necklaces, highlighting the character of any outfit.<\/p>\n<p>&nbsp;<\/p>\n<p>Do you need a different size?<br \/>\nContact us on Instagram <em><a href=\"https:\/\/www.instagram.com\/woka_jewellery\/\">woka_jewellery<\/a><\/em><\/p>","protected":false},"excerpt":{"rendered":"<p>\u2022 D\u0142ugo\u015b\u0107 36 cm + \u0142a\u0144cuszek przed\u0142u\u017ckowy 8 cm \u2022 Onyks czarny, hematyt, stal chirurgiczna \u2022 R\u0119cznie wykonane przez WOKA &nbsp; Wyrazisty naszyjnik wykonany z czarnych onyks\u00f3w i hematytu, z [&hellip;]<\/p>\n","protected":false},"featured_media":4143,"template":"","meta":[],"product_brand":[],"product_cat":[145,174,205],"product_tag":[],"class_list":{"0":"post-4142","1":"product","2":"type-product","3":"status-publish","4":"has-post-thumbnail","6":"product_cat-naszyjniki","7":"product_cat-onyx","8":"product_cat-wszystkie-produkty","10":"first","11":"instock","12":"shipping-taxable","13":"purchasable","14":"product-type-simple"},"jetpack_sharing_enabled":true,"_links":{"self":[{"href":"https:\/\/woka-store.pl\/en\/wp-json\/wp\/v2\/product\/4142","targetHints":{"allow":["GET"]}}],"collection":[{"href":"https:\/\/woka-store.pl\/en\/wp-json\/wp\/v2\/product"}],"about":[{"href":"https:\/\/woka-store.pl\/en\/wp-json\/wp\/v2\/types\/product"}],"version-history":[{"count":19,"href":"https:\/\/woka-store.pl\/en\/wp-json\/wp\/v2\/product\/4142\/revisions"}],"predecessor-version":[{"id":9716,"href":"https:\/\/woka-store.pl\/en\/wp-json\/wp\/v2\/product\/4142\/revisions\/9716"}],"wp:featuredmedia":[{"embeddable":true,"href":"https:\/\/woka-store.pl\/en\/wp-json\/wp\/v2\/media\/4143"}],"wp:attachment":[{"href":"https:\/\/woka-store.pl\/en\/wp-json\/wp\/v2\/media?parent=4142"}],"wp:term":[{"taxonomy":"product_brand","embeddable":true,"href":"https:\/\/woka-store.pl\/en\/wp-json\/wp\/v2\/product_brand?post=4142"},{"taxonomy":"product_cat","embeddable":true,"href":"https:\/\/woka-store.pl\/en\/wp-json\/wp\/v2\/product_cat?post=4142"},{"taxonomy":"product_tag","embeddable":true,"href":"https:\/\/woka-store.pl\/en\/wp-json\/wp\/v2\/product_tag?post=4142"}],"curies":[{"name":"wp","href":"https:\/\/api.w.org\/{rel}","templated":true}]}}