{"id":4153,"date":"2025-08-18T14:00:49","date_gmt":"2025-08-18T13:00:49","guid":{"rendered":"https:\/\/woka-store.pl\/?post_type=product&#038;p=4153"},"modified":"2026-04-26T12:04:44","modified_gmt":"2026-04-26T11:04:44","slug":"naszyjnik-onyx3","status":"publish","type":"product","link":"https:\/\/woka-store.pl\/en\/product\/naszyjnik-onyx3\/","title":{"rendered":"Necklace ONYX"},"content":{"rendered":"<p>\u2022 Length 40.5 cm + pendant 10 cm + extension chain 8 cm<br \/>\n\u2022 Black onyx, hematite, surgical steel<br \/>\n\u2022 Handmade by WOKA<\/p>\n<p>&nbsp;<\/p>\n<p>A striking long necklace featuring black onyx beads, chains of varying thickness, and small detailed elements. Every part of the jewelry draws attention and invites closer inspection. The layered composition gives it a modern character while allowing it to be worn alone or paired with other pieces.<\/p>\n<p>&nbsp;<\/p>\n<p>Do you need a different size?<br \/>\nContact us on Instagram <em><a href=\"https:\/\/www.instagram.com\/woka_jewellery\/\">woka_jewellery<\/a><\/em><\/p>","protected":false},"excerpt":{"rendered":"<p>\u2022 D\u0142ugo\u015b\u0107 40.5 cm + zawieszka 10 cm + \u0142a\u0144cuszek przed\u0142u\u017cka 8 cm \u2022 Onyks czarny, hematyt, stal chirurgiczna \u2022 R\u0119cznie wykonane przez WOKA &nbsp; Efektowny, d\u0142ugi naszyjnik wykonany z [&hellip;]<\/p>\n","protected":false},"featured_media":4155,"template":"","meta":[],"product_brand":[],"product_cat":[145,174,205],"product_tag":[],"class_list":{"0":"post-4153","1":"product","2":"type-product","3":"status-publish","4":"has-post-thumbnail","6":"product_cat-naszyjniki","7":"product_cat-onyx","8":"product_cat-wszystkie-produkty","10":"first","11":"instock","12":"shipping-taxable","13":"purchasable","14":"product-type-simple"},"jetpack_sharing_enabled":true,"_links":{"self":[{"href":"https:\/\/woka-store.pl\/en\/wp-json\/wp\/v2\/product\/4153","targetHints":{"allow":["GET"]}}],"collection":[{"href":"https:\/\/woka-store.pl\/en\/wp-json\/wp\/v2\/product"}],"about":[{"href":"https:\/\/woka-store.pl\/en\/wp-json\/wp\/v2\/types\/product"}],"version-history":[{"count":22,"href":"https:\/\/woka-store.pl\/en\/wp-json\/wp\/v2\/product\/4153\/revisions"}],"predecessor-version":[{"id":9266,"href":"https:\/\/woka-store.pl\/en\/wp-json\/wp\/v2\/product\/4153\/revisions\/9266"}],"wp:featuredmedia":[{"embeddable":true,"href":"https:\/\/woka-store.pl\/en\/wp-json\/wp\/v2\/media\/4155"}],"wp:attachment":[{"href":"https:\/\/woka-store.pl\/en\/wp-json\/wp\/v2\/media?parent=4153"}],"wp:term":[{"taxonomy":"product_brand","embeddable":true,"href":"https:\/\/woka-store.pl\/en\/wp-json\/wp\/v2\/product_brand?post=4153"},{"taxonomy":"product_cat","embeddable":true,"href":"https:\/\/woka-store.pl\/en\/wp-json\/wp\/v2\/product_cat?post=4153"},{"taxonomy":"product_tag","embeddable":true,"href":"https:\/\/woka-store.pl\/en\/wp-json\/wp\/v2\/product_tag?post=4153"}],"curies":[{"name":"wp","href":"https:\/\/api.w.org\/{rel}","templated":true}]}}