{"id":5075,"date":"2024-12-24T14:12:36","date_gmt":"2024-12-24T13:12:36","guid":{"rendered":"https:\/\/woka-store.pl\/?post_type=product&#038;p=5075"},"modified":"2026-01-24T12:52:58","modified_gmt":"2026-01-24T11:52:58","slug":"bransoletka-lawa","status":"publish","type":"product","link":"https:\/\/woka-store.pl\/en\/product\/bransoletka-lawa\/","title":{"rendered":"Bracelet LAVA"},"content":{"rendered":"<p>\u2022 Length 19 cm + extension chain 2 cm<br \/>\n\u2022 Volcanic lava, hematite, surgical steel<br \/>\n\u2022 Handmade by WOKA<\/p>\n<p>&nbsp;<\/p>\n<p>A men\u2019s bracelet made of lava beads with an uneven texture and a rich black color. The raw texture and deep hue make it an interesting accessory that pairs well with other bracelets, allowing for stylish layered combinations.<\/p>\n<p>&nbsp;<\/p>\n<p>Do you need a different size?<br \/>\nContact us on Instagram <em><a href=\"https:\/\/www.instagram.com\/woka_jewellery\/\">woka_jewellery<\/a><\/em><\/p>","protected":false},"excerpt":{"rendered":"<p>\u2022 D\u0142ugo\u015b\u0107 19 cm + \u0142a\u0144cuszek przed\u0142u\u017ckowy 2 cm \u2022 Lawa wulkaniczna , hematyt, stal chirurgiczna \u2022 R\u0119cznie wykonane przez WOKA &nbsp; M\u0119ska bransoletka wykonana z koralik\u00f3w lawy o nier\u00f3wnomiernej [&hellip;]<\/p>\n","protected":false},"featured_media":5077,"template":"","meta":[],"product_brand":[],"product_cat":[143],"product_tag":[],"class_list":{"0":"post-5075","1":"product","2":"type-product","3":"status-publish","4":"has-post-thumbnail","6":"product_cat-on","8":"first","9":"instock","10":"shipping-taxable","11":"purchasable","12":"product-type-simple"},"jetpack_sharing_enabled":true,"_links":{"self":[{"href":"https:\/\/woka-store.pl\/en\/wp-json\/wp\/v2\/product\/5075","targetHints":{"allow":["GET"]}}],"collection":[{"href":"https:\/\/woka-store.pl\/en\/wp-json\/wp\/v2\/product"}],"about":[{"href":"https:\/\/woka-store.pl\/en\/wp-json\/wp\/v2\/types\/product"}],"version-history":[{"count":5,"href":"https:\/\/woka-store.pl\/en\/wp-json\/wp\/v2\/product\/5075\/revisions"}],"predecessor-version":[{"id":9045,"href":"https:\/\/woka-store.pl\/en\/wp-json\/wp\/v2\/product\/5075\/revisions\/9045"}],"wp:featuredmedia":[{"embeddable":true,"href":"https:\/\/woka-store.pl\/en\/wp-json\/wp\/v2\/media\/5077"}],"wp:attachment":[{"href":"https:\/\/woka-store.pl\/en\/wp-json\/wp\/v2\/media?parent=5075"}],"wp:term":[{"taxonomy":"product_brand","embeddable":true,"href":"https:\/\/woka-store.pl\/en\/wp-json\/wp\/v2\/product_brand?post=5075"},{"taxonomy":"product_cat","embeddable":true,"href":"https:\/\/woka-store.pl\/en\/wp-json\/wp\/v2\/product_cat?post=5075"},{"taxonomy":"product_tag","embeddable":true,"href":"https:\/\/woka-store.pl\/en\/wp-json\/wp\/v2\/product_tag?post=5075"}],"curies":[{"name":"wp","href":"https:\/\/api.w.org\/{rel}","templated":true}]}}