{"id":5081,"date":"2024-12-24T14:19:20","date_gmt":"2024-12-24T13:19:20","guid":{"rendered":"https:\/\/woka-store.pl\/?post_type=product&#038;p=5081"},"modified":"2026-01-24T12:51:02","modified_gmt":"2026-01-24T11:51:02","slug":"bransoletka-kryzyk","status":"publish","type":"product","link":"https:\/\/woka-store.pl\/en\/product\/bransoletka-kryzyk\/","title":{"rendered":"Bracelet CROSS"},"content":{"rendered":"<p>\u2022 Length 19 cm + extension chain 2 cm<br \/>\n\u2022 Hematite, surgical steel<br \/>\n\u2022 Handmade by WOKA<\/p>\n<p>&nbsp;<\/p>\n<p>A stylish men\u2019s bracelet made of hematite beads, featuring an off-center cross as a subtle accent. It pairs perfectly with other bracelets, creating interesting layered combinations and highlighting the wearer\u2019s personal style.<\/p>\n<p>&nbsp;<\/p>\n<p>Do you need a different size?<br \/>\nContact us on Instagram <em><a href=\"https:\/\/www.instagram.com\/woka_jewellery\/\">woka_jewellery<\/a><\/em><\/p>","protected":false},"excerpt":{"rendered":"<p>\u2022 D\u0142ugo\u015b\u0107 19 cm + \u0142a\u0144cuszek przed\u0142u\u017ckowy 2 cm \u2022 Hematyt, stal chirurgiczna \u2022 R\u0119cznie wykonane przez WOKA &nbsp; Stylowa, m\u0119ska bransoletka wykonana z koralik\u00f3w hematytu, z krzy\u017cykiem przesuni\u0119tym od [&hellip;]<\/p>\n","protected":false},"featured_media":5086,"template":"","meta":[],"product_brand":[],"product_cat":[143],"product_tag":[],"class_list":{"0":"post-5081","1":"product","2":"type-product","3":"status-publish","4":"has-post-thumbnail","6":"product_cat-on","8":"first","9":"instock","10":"shipping-taxable","11":"purchasable","12":"product-type-simple"},"jetpack_sharing_enabled":true,"_links":{"self":[{"href":"https:\/\/woka-store.pl\/en\/wp-json\/wp\/v2\/product\/5081","targetHints":{"allow":["GET"]}}],"collection":[{"href":"https:\/\/woka-store.pl\/en\/wp-json\/wp\/v2\/product"}],"about":[{"href":"https:\/\/woka-store.pl\/en\/wp-json\/wp\/v2\/types\/product"}],"version-history":[{"count":4,"href":"https:\/\/woka-store.pl\/en\/wp-json\/wp\/v2\/product\/5081\/revisions"}],"predecessor-version":[{"id":9043,"href":"https:\/\/woka-store.pl\/en\/wp-json\/wp\/v2\/product\/5081\/revisions\/9043"}],"wp:featuredmedia":[{"embeddable":true,"href":"https:\/\/woka-store.pl\/en\/wp-json\/wp\/v2\/media\/5086"}],"wp:attachment":[{"href":"https:\/\/woka-store.pl\/en\/wp-json\/wp\/v2\/media?parent=5081"}],"wp:term":[{"taxonomy":"product_brand","embeddable":true,"href":"https:\/\/woka-store.pl\/en\/wp-json\/wp\/v2\/product_brand?post=5081"},{"taxonomy":"product_cat","embeddable":true,"href":"https:\/\/woka-store.pl\/en\/wp-json\/wp\/v2\/product_cat?post=5081"},{"taxonomy":"product_tag","embeddable":true,"href":"https:\/\/woka-store.pl\/en\/wp-json\/wp\/v2\/product_tag?post=5081"}],"curies":[{"name":"wp","href":"https:\/\/api.w.org\/{rel}","templated":true}]}}