{"id":5090,"date":"2024-12-24T14:18:48","date_gmt":"2024-12-24T13:18:48","guid":{"rendered":"https:\/\/woka-store.pl\/?post_type=product&#038;p=5090"},"modified":"2026-01-24T12:52:06","modified_gmt":"2026-01-24T11:52:06","slug":"bransoletka-jadeit","status":"publish","type":"product","link":"https:\/\/woka-store.pl\/en\/product\/bransoletka-jadeit\/","title":{"rendered":"Bracelet JADEITE"},"content":{"rendered":"<p>\u2022 Length 19 cm + extension chain 2 cm<br \/>\n\u2022 Jade, hematite, surgical steel<br \/>\n\u2022 Handmade by WOKA<\/p>\n<p>&nbsp;<\/p>\n<p>A striking men\u2019s bracelet made of pale green jade beads with a complex, variegated hue that draws attention. The natural color variations give the jewelry a unique character, making it an interesting accessory for both everyday and stylish outfits.<\/p>\n<p>&nbsp;<\/p>\n<p>Do you need a different size?<br \/>\nContact us on Instagram <em><a href=\"https:\/\/www.instagram.com\/woka_jewellery\/\">woka_jewellery<\/a><\/em><\/p>","protected":false},"excerpt":{"rendered":"<p>\u2022 D\u0142ugo\u015b\u0107 19 cm + \u0142a\u0144cuszek przed\u0142u\u017ckowy 2 cm \u2022 Jadeit, hematyt, stal chirurgiczna \u2022 R\u0119cznie wykonane przez WOKA &nbsp; Wyrazista, m\u0119ska bransoletka wykonana z koralik\u00f3w bladozielonego jadeitu o z\u0142o\u017conym, [&hellip;]<\/p>\n","protected":false},"featured_media":5092,"template":"","meta":[],"product_brand":[],"product_cat":[143],"product_tag":[],"class_list":{"0":"post-5090","1":"product","2":"type-product","3":"status-publish","4":"has-post-thumbnail","6":"product_cat-on","8":"first","9":"instock","10":"shipping-taxable","11":"purchasable","12":"product-type-simple"},"jetpack_sharing_enabled":true,"_links":{"self":[{"href":"https:\/\/woka-store.pl\/en\/wp-json\/wp\/v2\/product\/5090","targetHints":{"allow":["GET"]}}],"collection":[{"href":"https:\/\/woka-store.pl\/en\/wp-json\/wp\/v2\/product"}],"about":[{"href":"https:\/\/woka-store.pl\/en\/wp-json\/wp\/v2\/types\/product"}],"version-history":[{"count":4,"href":"https:\/\/woka-store.pl\/en\/wp-json\/wp\/v2\/product\/5090\/revisions"}],"predecessor-version":[{"id":9044,"href":"https:\/\/woka-store.pl\/en\/wp-json\/wp\/v2\/product\/5090\/revisions\/9044"}],"wp:featuredmedia":[{"embeddable":true,"href":"https:\/\/woka-store.pl\/en\/wp-json\/wp\/v2\/media\/5092"}],"wp:attachment":[{"href":"https:\/\/woka-store.pl\/en\/wp-json\/wp\/v2\/media?parent=5090"}],"wp:term":[{"taxonomy":"product_brand","embeddable":true,"href":"https:\/\/woka-store.pl\/en\/wp-json\/wp\/v2\/product_brand?post=5090"},{"taxonomy":"product_cat","embeddable":true,"href":"https:\/\/woka-store.pl\/en\/wp-json\/wp\/v2\/product_cat?post=5090"},{"taxonomy":"product_tag","embeddable":true,"href":"https:\/\/woka-store.pl\/en\/wp-json\/wp\/v2\/product_tag?post=5090"}],"curies":[{"name":"wp","href":"https:\/\/api.w.org\/{rel}","templated":true}]}}