{"id":5096,"date":"2024-12-24T14:28:43","date_gmt":"2024-12-24T13:28:43","guid":{"rendered":"https:\/\/woka-store.pl\/?post_type=product&#038;p=5096"},"modified":"2026-01-24T12:49:59","modified_gmt":"2026-01-24T11:49:59","slug":"bransoletka-biel","status":"publish","type":"product","link":"https:\/\/woka-store.pl\/en\/product\/bransoletka-biel\/","title":{"rendered":"Bracelet WHITE"},"content":{"rendered":"<p>\u2022 Length 19 cm + extension chain 2 cm<br \/>\n\u2022 Jade, hematite, surgical steel<br \/>\n\u2022 Handmade by WOKA<\/p>\n<p>&nbsp;<\/p>\n<p>An elegant men\u2019s bracelet made of smooth white jade beads, complemented by subtle hematite accents. The combination of jade\u2019s natural shine and the metallic gleam of hematite creates a minimalist yet striking accessory for both everyday wear and stylish outfits.<\/p>\n<p>&nbsp;<\/p>\n<p>Do you need a different size?<br \/>\nContact us on Instagram <em><a href=\"https:\/\/www.instagram.com\/woka_jewellery\/\">woka_jewellery<\/a><\/em><\/p>","protected":false},"excerpt":{"rendered":"<p>\u2022 D\u0142ugo\u015b\u0107 19 cm + \u0142a\u0144cuszek przed\u0142u\u017ckowy 2 cm \u2022 Jadeit, hematyt, stal chirurgiczna \u2022 R\u0119cznie wykonane przez WOKA &nbsp; Elegancka, m\u0119ska bransoletka wykonana z g\u0142adkich, bia\u0142ych koralik\u00f3w jadeitu, uzupe\u0142niona [&hellip;]<\/p>\n","protected":false},"featured_media":5091,"template":"","meta":[],"product_brand":[],"product_cat":[143],"product_tag":[202],"class_list":{"0":"post-5096","1":"product","2":"type-product","3":"status-publish","4":"has-post-thumbnail","6":"product_cat-on","7":"product_tag-ostatnia-sztuka","9":"first","10":"instock","11":"shipping-taxable","12":"purchasable","13":"product-type-simple"},"jetpack_sharing_enabled":true,"_links":{"self":[{"href":"https:\/\/woka-store.pl\/en\/wp-json\/wp\/v2\/product\/5096","targetHints":{"allow":["GET"]}}],"collection":[{"href":"https:\/\/woka-store.pl\/en\/wp-json\/wp\/v2\/product"}],"about":[{"href":"https:\/\/woka-store.pl\/en\/wp-json\/wp\/v2\/types\/product"}],"version-history":[{"count":3,"href":"https:\/\/woka-store.pl\/en\/wp-json\/wp\/v2\/product\/5096\/revisions"}],"predecessor-version":[{"id":9042,"href":"https:\/\/woka-store.pl\/en\/wp-json\/wp\/v2\/product\/5096\/revisions\/9042"}],"wp:featuredmedia":[{"embeddable":true,"href":"https:\/\/woka-store.pl\/en\/wp-json\/wp\/v2\/media\/5091"}],"wp:attachment":[{"href":"https:\/\/woka-store.pl\/en\/wp-json\/wp\/v2\/media?parent=5096"}],"wp:term":[{"taxonomy":"product_brand","embeddable":true,"href":"https:\/\/woka-store.pl\/en\/wp-json\/wp\/v2\/product_brand?post=5096"},{"taxonomy":"product_cat","embeddable":true,"href":"https:\/\/woka-store.pl\/en\/wp-json\/wp\/v2\/product_cat?post=5096"},{"taxonomy":"product_tag","embeddable":true,"href":"https:\/\/woka-store.pl\/en\/wp-json\/wp\/v2\/product_tag?post=5096"}],"curies":[{"name":"wp","href":"https:\/\/api.w.org\/{rel}","templated":true}]}}