{"id":6005,"date":"2025-08-04T08:40:34","date_gmt":"2025-08-04T07:40:34","guid":{"rendered":"https:\/\/woka-store.pl\/?post_type=product&#038;p=6005"},"modified":"2026-03-25T13:53:42","modified_gmt":"2026-03-25T12:53:42","slug":"naszyjnik-bluemist-3","status":"publish","type":"product","link":"https:\/\/woka-store.pl\/en\/product\/naszyjnik-bluemist-3\/","title":{"rendered":"Necklace BLUEMIST"},"content":{"rendered":"<p>\u2022 Length 38 cm + extension chain 8 cm<br \/>\n\u2022 Chalcedony, surgical steel<br \/>\n\u2022 Handmade by WOKA<\/p>\n<p>&nbsp;<\/p>\n<p data-start=\"127\" data-end=\"378\">A delicate necklace made of blue chalcedony enchants with its subtle color and light, refined form. This stone is associated with calm, harmony, and inner balance, giving the jewelry not only an aesthetic but also a symbolic character.<\/p>\n<p data-start=\"380\" data-end=\"625\">The necklace sits beautifully on the neck, gently brightening any look. It is perfect for everyday wear as well as an elegant accent for special occasions. Ideal to wear on its own or layered with other WOKA necklaces.<\/p>\n<p>&nbsp;<\/p>\n<p>Do you need a different size?<br \/>\nContact us on Instagram <em><a href=\"https:\/\/www.instagram.com\/woka_jewellery\/\">woka_jewellery<\/a><\/em><\/p>","protected":false},"excerpt":{"rendered":"<p>\u2022 D\u0142ugo\u015b\u0107 38 cm + \u0142a\u0144cuszek przed\u0142u\u017ckowy 8 cm \u2022 \u0421halcedon, stal chirurgiczna \u2022 R\u0119cznie wykonane przez WOKA &nbsp; Delikatny naszyjnik z b\u0142\u0119kitnego chalcedonu zachwyca swoj\u0105 subteln\u0105 barw\u0105 i lekko\u015bci\u0105 [&hellip;]<\/p>\n","protected":false},"featured_media":8830,"template":"","meta":[],"product_brand":[],"product_cat":[178,145,199,205],"product_tag":[],"class_list":{"0":"post-6005","1":"product","2":"type-product","3":"status-publish","4":"has-post-thumbnail","6":"product_cat-chalcedon","7":"product_cat-naszyjniki","8":"product_cat-pastel","9":"product_cat-wszystkie-produkty","11":"first","12":"instock","13":"shipping-taxable","14":"purchasable","15":"product-type-simple"},"jetpack_sharing_enabled":true,"_links":{"self":[{"href":"https:\/\/woka-store.pl\/en\/wp-json\/wp\/v2\/product\/6005","targetHints":{"allow":["GET"]}}],"collection":[{"href":"https:\/\/woka-store.pl\/en\/wp-json\/wp\/v2\/product"}],"about":[{"href":"https:\/\/woka-store.pl\/en\/wp-json\/wp\/v2\/types\/product"}],"version-history":[{"count":7,"href":"https:\/\/woka-store.pl\/en\/wp-json\/wp\/v2\/product\/6005\/revisions"}],"predecessor-version":[{"id":9024,"href":"https:\/\/woka-store.pl\/en\/wp-json\/wp\/v2\/product\/6005\/revisions\/9024"}],"wp:featuredmedia":[{"embeddable":true,"href":"https:\/\/woka-store.pl\/en\/wp-json\/wp\/v2\/media\/8830"}],"wp:attachment":[{"href":"https:\/\/woka-store.pl\/en\/wp-json\/wp\/v2\/media?parent=6005"}],"wp:term":[{"taxonomy":"product_brand","embeddable":true,"href":"https:\/\/woka-store.pl\/en\/wp-json\/wp\/v2\/product_brand?post=6005"},{"taxonomy":"product_cat","embeddable":true,"href":"https:\/\/woka-store.pl\/en\/wp-json\/wp\/v2\/product_cat?post=6005"},{"taxonomy":"product_tag","embeddable":true,"href":"https:\/\/woka-store.pl\/en\/wp-json\/wp\/v2\/product_tag?post=6005"}],"curies":[{"name":"wp","href":"https:\/\/api.w.org\/{rel}","templated":true}]}}