{"id":6145,"date":"2025-03-05T13:27:21","date_gmt":"2025-03-05T12:27:21","guid":{"rendered":"https:\/\/woka-store.pl\/?post_type=product&#038;p=6145"},"modified":"2026-01-15T11:40:34","modified_gmt":"2026-01-15T10:40:34","slug":"bransoletka-granat","status":"publish","type":"product","link":"https:\/\/woka-store.pl\/en\/product\/bransoletka-granat\/","title":{"rendered":"Bracelet GARNET"},"content":{"rendered":"<p>\u2022 Length 19 cm + extension chain 2 cm<br \/>\n\u2022 Garnet, hematite, surgical steel<br \/>\n\u2022 Handmade by WOKA<\/p>\n<p>&nbsp;<\/p>\n<p>A striking men\u2019s bracelet made of deep burgundy garnet beads, complemented by sparkling hematite. The combination of the stone\u2019s rich color and the metallic shine of hematite gives the jewelry an elegant, modern character, perfect for both everyday wear and stylish outfits.<\/p>\n<p>&nbsp;<\/p>\n<p>Do you need a different size?<br \/>\nContact us on Instagram <em><a href=\"https:\/\/www.instagram.com\/woka_jewellery\/\">woka_jewellery<\/a><\/em><\/p>","protected":false},"excerpt":{"rendered":"<p>\u2022 D\u0142ugo\u015b\u0107 19 cm + \u0142a\u0144cuszek przed\u0142u\u017ckowy 2 cm \u2022 Granat, hematyt, stal chirurgiczna \u2022 R\u0119cznie wykonane przez WOKA &nbsp; Wyrazista, m\u0119ska bransoletka wykonana z koralik\u00f3w granatu w g\u0142\u0119bokim bordowym [&hellip;]<\/p>\n","protected":false},"featured_media":6150,"template":"","meta":[],"product_brand":[],"product_cat":[143],"product_tag":[],"class_list":{"0":"post-6145","1":"product","2":"type-product","3":"status-publish","4":"has-post-thumbnail","6":"product_cat-on","8":"first","9":"instock","10":"shipping-taxable","11":"purchasable","12":"product-type-simple"},"jetpack_sharing_enabled":true,"_links":{"self":[{"href":"https:\/\/woka-store.pl\/en\/wp-json\/wp\/v2\/product\/6145","targetHints":{"allow":["GET"]}}],"collection":[{"href":"https:\/\/woka-store.pl\/en\/wp-json\/wp\/v2\/product"}],"about":[{"href":"https:\/\/woka-store.pl\/en\/wp-json\/wp\/v2\/types\/product"}],"version-history":[{"count":4,"href":"https:\/\/woka-store.pl\/en\/wp-json\/wp\/v2\/product\/6145\/revisions"}],"predecessor-version":[{"id":9033,"href":"https:\/\/woka-store.pl\/en\/wp-json\/wp\/v2\/product\/6145\/revisions\/9033"}],"wp:featuredmedia":[{"embeddable":true,"href":"https:\/\/woka-store.pl\/en\/wp-json\/wp\/v2\/media\/6150"}],"wp:attachment":[{"href":"https:\/\/woka-store.pl\/en\/wp-json\/wp\/v2\/media?parent=6145"}],"wp:term":[{"taxonomy":"product_brand","embeddable":true,"href":"https:\/\/woka-store.pl\/en\/wp-json\/wp\/v2\/product_brand?post=6145"},{"taxonomy":"product_cat","embeddable":true,"href":"https:\/\/woka-store.pl\/en\/wp-json\/wp\/v2\/product_cat?post=6145"},{"taxonomy":"product_tag","embeddable":true,"href":"https:\/\/woka-store.pl\/en\/wp-json\/wp\/v2\/product_tag?post=6145"}],"curies":[{"name":"wp","href":"https:\/\/api.w.org\/{rel}","templated":true}]}}