{"id":6159,"date":"2025-02-02T12:04:55","date_gmt":"2025-02-02T11:04:55","guid":{"rendered":"https:\/\/woka-store.pl\/?post_type=product&#038;p=6159"},"modified":"2026-01-15T11:41:15","modified_gmt":"2026-01-15T10:41:15","slug":"bransoletka-moon-2","status":"publish","type":"product","link":"https:\/\/woka-store.pl\/en\/product\/bransoletka-moon-2\/","title":{"rendered":"Bracelet MOON"},"content":{"rendered":"<p>\u2022 Length 16 cm + extension chain 2 cm<br \/>\n\u2022 Freshwater cultured pearls, hematite, surgical steel<br \/>\n\u2022 Handmade by WOKA<\/p>\n<p>! The appearance of the pearls may differ from the photo, as we use baroque pearls and each one is unique<\/p>\n<p>&nbsp;<\/p>\n<p>A unique bracelet that combines the delicacy of gray rice pearls with silver details. It\u2019s a subtle yet striking accessory that works for everyday outfits as well as special occasions. A must-have piece that highlights your personal style and adds a touch of elegance to any look.<\/p>\n<p>&nbsp;<\/p>\n<p>Do you need a different size?<br \/>\nContact us on Instagram <em><a href=\"https:\/\/www.instagram.com\/woka_jewellery\/\">woka_jewellery<\/a><\/em><\/p>","protected":false},"excerpt":{"rendered":"<p>\u2022 D\u0142ugo\u015b\u0107 16 cm + \u0142a\u0144cuszek przed\u0142u\u017ckowy 2 cm \u2022 Per\u0142y hodowlane s\u0142odkowodne, hematyt, stal chirurgiczna \u2022 R\u0119cznie wykonane przez WOKA ! Wygl\u0105d pere\u0142 mo\u017ce r\u00f3\u017cni\u0107 si\u0119 od zdj\u0119cia, poniewa\u017c [&hellip;]<\/p>\n","protected":false},"featured_media":6163,"template":"","meta":[],"product_brand":[],"product_cat":[146,153,175,205],"product_tag":[202],"class_list":{"0":"post-6159","1":"product","2":"type-product","3":"status-publish","4":"has-post-thumbnail","6":"product_cat-bransoletki","7":"product_cat-perly","8":"product_cat-szare-perly","9":"product_cat-wszystkie-produkty","10":"product_tag-ostatnia-sztuka","12":"first","13":"instock","14":"shipping-taxable","15":"purchasable","16":"product-type-simple"},"jetpack_sharing_enabled":true,"_links":{"self":[{"href":"https:\/\/woka-store.pl\/en\/wp-json\/wp\/v2\/product\/6159","targetHints":{"allow":["GET"]}}],"collection":[{"href":"https:\/\/woka-store.pl\/en\/wp-json\/wp\/v2\/product"}],"about":[{"href":"https:\/\/woka-store.pl\/en\/wp-json\/wp\/v2\/types\/product"}],"version-history":[{"count":7,"href":"https:\/\/woka-store.pl\/en\/wp-json\/wp\/v2\/product\/6159\/revisions"}],"predecessor-version":[{"id":9039,"href":"https:\/\/woka-store.pl\/en\/wp-json\/wp\/v2\/product\/6159\/revisions\/9039"}],"wp:featuredmedia":[{"embeddable":true,"href":"https:\/\/woka-store.pl\/en\/wp-json\/wp\/v2\/media\/6163"}],"wp:attachment":[{"href":"https:\/\/woka-store.pl\/en\/wp-json\/wp\/v2\/media?parent=6159"}],"wp:term":[{"taxonomy":"product_brand","embeddable":true,"href":"https:\/\/woka-store.pl\/en\/wp-json\/wp\/v2\/product_brand?post=6159"},{"taxonomy":"product_cat","embeddable":true,"href":"https:\/\/woka-store.pl\/en\/wp-json\/wp\/v2\/product_cat?post=6159"},{"taxonomy":"product_tag","embeddable":true,"href":"https:\/\/woka-store.pl\/en\/wp-json\/wp\/v2\/product_tag?post=6159"}],"curies":[{"name":"wp","href":"https:\/\/api.w.org\/{rel}","templated":true}]}}