{"id":6166,"date":"2025-02-02T12:00:32","date_gmt":"2025-02-02T11:00:32","guid":{"rendered":"https:\/\/woka-store.pl\/?post_type=product&#038;p=6166"},"modified":"2026-04-20T14:52:25","modified_gmt":"2026-04-20T13:52:25","slug":"bransoletka-moon-3","status":"publish","type":"product","link":"https:\/\/woka-store.pl\/en\/product\/bransoletka-moon-3\/","title":{"rendered":"Bracelet MOON"},"content":{"rendered":"<p>\u2022 Length 32 cm + extension chain 2 cm<br \/>\n\u2022 Freshwater cultured pearls, hematite, surgical steel<br \/>\n\u2022 Handmade by WOKA<\/p>\n<p>! The appearance of the pearls may differ from the photo, as we use baroque pearls and each one is unique<\/p>\n<p>&nbsp;<\/p>\n<p>A striking multi-layer bracelet that wraps twice around the wrist, made of gray pearls and enhanced with various elements. The intricate composition gives the jewelry movement and character, creating an interesting, modern accent on the wrist.<\/p>\n<p>&nbsp;<\/p>\n<p>Do you need a different size?<br \/>\nContact us on Instagram <em><a href=\"https:\/\/www.instagram.com\/woka_jewellery\/\">woka_jewellery<\/a><\/em><\/p>","protected":false},"excerpt":{"rendered":"<p>\u2022 D\u0142ugo\u015b\u0107 32 cm + \u0142a\u0144cuszek przed\u0142u\u017ckowy 2 cm \u2022 Per\u0142y hodowlane s\u0142odkowodne, hematyt, stal chirurgiczna \u2022 R\u0119cznie wykonane przez WOKA ! Wygl\u0105d pere\u0142 mo\u017ce r\u00f3\u017cni\u0107 si\u0119 od zdj\u0119cia, poniewa\u017c [&hellip;]<\/p>\n","protected":false},"featured_media":6171,"template":"","meta":[],"product_brand":[],"product_cat":[146,153,175,205],"product_tag":[],"class_list":{"0":"post-6166","1":"product","2":"type-product","3":"status-publish","4":"has-post-thumbnail","6":"product_cat-bransoletki","7":"product_cat-perly","8":"product_cat-szare-perly","9":"product_cat-wszystkie-produkty","11":"first","12":"instock","13":"shipping-taxable","14":"purchasable","15":"product-type-simple"},"jetpack_sharing_enabled":true,"_links":{"self":[{"href":"https:\/\/woka-store.pl\/en\/wp-json\/wp\/v2\/product\/6166","targetHints":{"allow":["GET"]}}],"collection":[{"href":"https:\/\/woka-store.pl\/en\/wp-json\/wp\/v2\/product"}],"about":[{"href":"https:\/\/woka-store.pl\/en\/wp-json\/wp\/v2\/types\/product"}],"version-history":[{"count":13,"href":"https:\/\/woka-store.pl\/en\/wp-json\/wp\/v2\/product\/6166\/revisions"}],"predecessor-version":[{"id":9391,"href":"https:\/\/woka-store.pl\/en\/wp-json\/wp\/v2\/product\/6166\/revisions\/9391"}],"wp:featuredmedia":[{"embeddable":true,"href":"https:\/\/woka-store.pl\/en\/wp-json\/wp\/v2\/media\/6171"}],"wp:attachment":[{"href":"https:\/\/woka-store.pl\/en\/wp-json\/wp\/v2\/media?parent=6166"}],"wp:term":[{"taxonomy":"product_brand","embeddable":true,"href":"https:\/\/woka-store.pl\/en\/wp-json\/wp\/v2\/product_brand?post=6166"},{"taxonomy":"product_cat","embeddable":true,"href":"https:\/\/woka-store.pl\/en\/wp-json\/wp\/v2\/product_cat?post=6166"},{"taxonomy":"product_tag","embeddable":true,"href":"https:\/\/woka-store.pl\/en\/wp-json\/wp\/v2\/product_tag?post=6166"}],"curies":[{"name":"wp","href":"https:\/\/api.w.org\/{rel}","templated":true}]}}