{"id":6541,"date":"2025-02-25T17:50:43","date_gmt":"2025-02-25T16:50:43","guid":{"rendered":"https:\/\/woka-store.pl\/?post_type=product&#038;p=6541"},"modified":"2026-01-24T11:40:18","modified_gmt":"2026-01-24T10:40:18","slug":"naszyjnik-luster","status":"publish","type":"product","link":"https:\/\/woka-store.pl\/en\/product\/naszyjnik-luster\/","title":{"rendered":"Naszyjnik LUSTER"},"content":{"rendered":"<p>\u2022 Length 36,5 cm + extension chain 8 cm<br \/>\n\u2022 Freshwater cultured pearls, hematite, surgical steel<br \/>\n\u2022 Handmade by WOKA<\/p>\n<p>! The appearance of the pearls may differ from the photo, as we use baroque pearls and each one is unique<\/p>\n<p>&nbsp;<\/p>\n<p>A striking necklace featuring large, prominent baroque pearls in the center, complemented by round hematite beads on the sides. The harmonious combination of pearls and hematite gives the jewelry a versatile character, suitable for both everyday and elegant outfits.<\/p>\n<p>&nbsp;<\/p>\n<p>Do you need a different size?<br \/>\nContact us on Instagram <em><a href=\"https:\/\/www.instagram.com\/woka_jewellery\/\">woka_jewellery<\/a><\/em><\/p>","protected":false},"excerpt":{"rendered":"<p>\u2022 D\u0142ugo\u015b\u0107 36,5 cm + \u0142a\u0144cuszek przed\u0142u\u017ckowy 8 cm \u2022 Per\u0142y hodowlane s\u0142odkowodne, hematyt, stal chirurgiczna \u2022 R\u0119cznie wykonane przez WOKA ! Wygl\u0105d pere\u0142 mo\u017ce r\u00f3\u017cni\u0107 si\u0119 od zdj\u0119cia, poniewa\u017c [&hellip;]<\/p>\n","protected":false},"featured_media":6542,"template":"","meta":[],"product_brand":[],"product_cat":[145,153,205],"product_tag":[],"class_list":{"0":"post-6541","1":"product","2":"type-product","3":"status-publish","4":"has-post-thumbnail","6":"product_cat-naszyjniki","7":"product_cat-perly","8":"product_cat-wszystkie-produkty","10":"first","11":"instock","12":"shipping-taxable","13":"purchasable","14":"product-type-simple"},"jetpack_sharing_enabled":true,"_links":{"self":[{"href":"https:\/\/woka-store.pl\/en\/wp-json\/wp\/v2\/product\/6541","targetHints":{"allow":["GET"]}}],"collection":[{"href":"https:\/\/woka-store.pl\/en\/wp-json\/wp\/v2\/product"}],"about":[{"href":"https:\/\/woka-store.pl\/en\/wp-json\/wp\/v2\/types\/product"}],"version-history":[{"count":8,"href":"https:\/\/woka-store.pl\/en\/wp-json\/wp\/v2\/product\/6541\/revisions"}],"predecessor-version":[{"id":9035,"href":"https:\/\/woka-store.pl\/en\/wp-json\/wp\/v2\/product\/6541\/revisions\/9035"}],"wp:featuredmedia":[{"embeddable":true,"href":"https:\/\/woka-store.pl\/en\/wp-json\/wp\/v2\/media\/6542"}],"wp:attachment":[{"href":"https:\/\/woka-store.pl\/en\/wp-json\/wp\/v2\/media?parent=6541"}],"wp:term":[{"taxonomy":"product_brand","embeddable":true,"href":"https:\/\/woka-store.pl\/en\/wp-json\/wp\/v2\/product_brand?post=6541"},{"taxonomy":"product_cat","embeddable":true,"href":"https:\/\/woka-store.pl\/en\/wp-json\/wp\/v2\/product_cat?post=6541"},{"taxonomy":"product_tag","embeddable":true,"href":"https:\/\/woka-store.pl\/en\/wp-json\/wp\/v2\/product_tag?post=6541"}],"curies":[{"name":"wp","href":"https:\/\/api.w.org\/{rel}","templated":true}]}}