{"id":6804,"date":"2025-12-08T09:37:02","date_gmt":"2025-12-08T08:37:02","guid":{"rendered":"https:\/\/woka-store.pl\/?post_type=product&#038;p=6804"},"modified":"2026-03-17T05:45:01","modified_gmt":"2026-03-17T04:45:01","slug":"narzedzie-do-bransoletek","status":"publish","type":"product","link":"https:\/\/woka-store.pl\/en\/product\/narzedzie-do-bransoletek\/","title":{"rendered":"Bracelet tool"},"content":{"rendered":"<p>\u2022 Length: 15 cm<br \/>\n\u2022 Metal<\/p>\n<p>&nbsp;<\/p>\n<p>A bracelet tool is an indispensable accessory when you want to put on a bracelet by yourself. It makes fastening easier, prevents the jewelry from slipping, and turns the process into something quick and comfortable.<br \/>\n<br data-start=\"271\" data-end=\"274\" \/>An ideal everyday solution \u2014 especially for delicate bracelets, when there\u2019s no one around to help.<\/p>","protected":false},"excerpt":{"rendered":"<p>\u2022 D\u0142ugo\u015b\u0107 15 cm \u2022 Metal &nbsp; Narz\u0119dzie do bransoletek to niezast\u0105piona pomoc, gdy chcesz samodzielnie za\u0142o\u017cy\u0107 bransoletk\u0119. U\u0142atwia zapinanie, eliminuje problem zsuwania si\u0119 bi\u017cuterii i sprawia, \u017ce ca\u0142y proces [&hellip;]<\/p>\n","protected":false},"featured_media":6808,"template":"","meta":[],"product_brand":[],"product_cat":[146,205],"product_tag":[],"class_list":{"0":"post-6804","1":"product","2":"type-product","3":"status-publish","4":"has-post-thumbnail","6":"product_cat-bransoletki","7":"product_cat-wszystkie-produkty","9":"first","10":"instock","11":"shipping-taxable","12":"purchasable","13":"product-type-simple"},"jetpack_sharing_enabled":true,"_links":{"self":[{"href":"https:\/\/woka-store.pl\/en\/wp-json\/wp\/v2\/product\/6804","targetHints":{"allow":["GET"]}}],"collection":[{"href":"https:\/\/woka-store.pl\/en\/wp-json\/wp\/v2\/product"}],"about":[{"href":"https:\/\/woka-store.pl\/en\/wp-json\/wp\/v2\/types\/product"}],"version-history":[{"count":5,"href":"https:\/\/woka-store.pl\/en\/wp-json\/wp\/v2\/product\/6804\/revisions"}],"predecessor-version":[{"id":9161,"href":"https:\/\/woka-store.pl\/en\/wp-json\/wp\/v2\/product\/6804\/revisions\/9161"}],"wp:featuredmedia":[{"embeddable":true,"href":"https:\/\/woka-store.pl\/en\/wp-json\/wp\/v2\/media\/6808"}],"wp:attachment":[{"href":"https:\/\/woka-store.pl\/en\/wp-json\/wp\/v2\/media?parent=6804"}],"wp:term":[{"taxonomy":"product_brand","embeddable":true,"href":"https:\/\/woka-store.pl\/en\/wp-json\/wp\/v2\/product_brand?post=6804"},{"taxonomy":"product_cat","embeddable":true,"href":"https:\/\/woka-store.pl\/en\/wp-json\/wp\/v2\/product_cat?post=6804"},{"taxonomy":"product_tag","embeddable":true,"href":"https:\/\/woka-store.pl\/en\/wp-json\/wp\/v2\/product_tag?post=6804"}],"curies":[{"name":"wp","href":"https:\/\/api.w.org\/{rel}","templated":true}]}}