{"id":7011,"date":"2025-05-09T15:48:43","date_gmt":"2025-05-09T14:48:43","guid":{"rendered":"https:\/\/woka-store.pl\/?post_type=product&#038;p=7011"},"modified":"2026-03-01T13:10:16","modified_gmt":"2026-03-01T12:10:16","slug":"karta-podarunkowa-online","status":"publish","type":"product","link":"https:\/\/woka-store.pl\/en\/product\/karta-podarunkowa-online\/","title":{"rendered":"Gift card ONLINE"},"content":{"rendered":"<p>Give a loved one a unique gift \u2014 a gift card!<\/p>\n<p>The card contains a unique coupon code that can be redeemed on our website within one year. It will be sent to the provided email address within 1\u20133 business hours, as the details are filled in manually<\/p>\n<p>If you have any questions, feel free to contact us via Instagram <em><a href=\"https:\/\/www.instagram.com\/woka_jewellery\/\">woka_jewellery<\/a><\/em> or by email at wokajewellery@gmail.com<\/p>","protected":false},"excerpt":{"rendered":"<p>Podaruj bliskiej osobie wyj\u0105tkowy prezent w postaci karty podarunkowej! Karta zawiera unikalny kod kuponu, kt\u00f3ry mo\u017cesz zrealizowa\u0107 na naszej stronie internetowej w ci\u0105gu roku. Zostanie ona wys\u0142ana na wskazany adres [&hellip;]<\/p>\n","protected":false},"featured_media":6559,"template":"","meta":[],"product_brand":[],"product_cat":[198,205],"product_tag":[],"class_list":{"0":"post-7011","1":"product","2":"type-product","3":"status-publish","4":"has-post-thumbnail","6":"product_cat-karta-podarunkowa","7":"product_cat-wszystkie-produkty","9":"first","10":"instock","11":"shipping-taxable","12":"purchasable","13":"product-type-variable"},"jetpack_sharing_enabled":true,"_links":{"self":[{"href":"https:\/\/woka-store.pl\/en\/wp-json\/wp\/v2\/product\/7011","targetHints":{"allow":["GET"]}}],"collection":[{"href":"https:\/\/woka-store.pl\/en\/wp-json\/wp\/v2\/product"}],"about":[{"href":"https:\/\/woka-store.pl\/en\/wp-json\/wp\/v2\/types\/product"}],"version-history":[{"count":2,"href":"https:\/\/woka-store.pl\/en\/wp-json\/wp\/v2\/product\/7011\/revisions"}],"predecessor-version":[{"id":7050,"href":"https:\/\/woka-store.pl\/en\/wp-json\/wp\/v2\/product\/7011\/revisions\/7050"}],"wp:featuredmedia":[{"embeddable":true,"href":"https:\/\/woka-store.pl\/en\/wp-json\/wp\/v2\/media\/6559"}],"wp:attachment":[{"href":"https:\/\/woka-store.pl\/en\/wp-json\/wp\/v2\/media?parent=7011"}],"wp:term":[{"taxonomy":"product_brand","embeddable":true,"href":"https:\/\/woka-store.pl\/en\/wp-json\/wp\/v2\/product_brand?post=7011"},{"taxonomy":"product_cat","embeddable":true,"href":"https:\/\/woka-store.pl\/en\/wp-json\/wp\/v2\/product_cat?post=7011"},{"taxonomy":"product_tag","embeddable":true,"href":"https:\/\/woka-store.pl\/en\/wp-json\/wp\/v2\/product_tag?post=7011"}],"curies":[{"name":"wp","href":"https:\/\/api.w.org\/{rel}","templated":true}]}}