{"id":7105,"date":"2025-05-12T14:39:22","date_gmt":"2025-05-12T13:39:22","guid":{"rendered":"https:\/\/woka-store.pl\/?post_type=product&#038;p=7105"},"modified":"2026-04-20T10:52:26","modified_gmt":"2026-04-20T09:52:26","slug":"naszyjnik-shellin","status":"publish","type":"product","link":"https:\/\/woka-store.pl\/en\/product\/naszyjnik-shellin\/","title":{"rendered":"Necklace SHELLIN"},"content":{"rendered":"<p>\u2022 Length 36 cm + extension chain 8 cm<br \/>\n\u2022 Freshwater cultured pearls, hematite, surgical steel<br \/>\n\u2022 Handmade by WOKA<\/p>\n<p>! The appearance of the pearls may differ from the photo, as we use baroque pearls and each one is unique<\/p>\n<p>&nbsp;<\/p>\n<p>A delicate, fine necklace made of small baroque pearls with a natural sheen. Light and feminine, it sits beautifully on the neck and adds elegance to any outfit \u2014 perfect for both everyday wear and special occasions.<\/p>\n<p>&nbsp;<\/p>\n<p>Do you need a different size?<br \/>\nContact us on Instagram <em><a href=\"https:\/\/www.instagram.com\/woka_jewellery\/\">woka_jewellery<\/a><\/em><\/p>","protected":false},"excerpt":{"rendered":"<p>\u2022 D\u0142ugo\u015b\u0107 36 cm + \u0142a\u0144cuszek przed\u0142u\u017ckowy 8 cm \u2022 Per\u0142y hodowlane s\u0142odkowodne, hematyt, stal chirurgiczna \u2022 R\u0119cznie wykonane przez WOKA ! Wygl\u0105d pere\u0142 mo\u017ce r\u00f3\u017cni\u0107 si\u0119 od zdj\u0119cia, poniewa\u017c [&hellip;]<\/p>\n","protected":false},"featured_media":7106,"template":"","meta":[],"product_brand":[],"product_cat":[145,153,200,205],"product_tag":[],"class_list":{"0":"post-7105","1":"product","2":"type-product","3":"status-publish","4":"has-post-thumbnail","6":"product_cat-naszyjniki","7":"product_cat-perly","8":"product_cat-sand-salt","9":"product_cat-wszystkie-produkty","11":"first","12":"instock","13":"shipping-taxable","14":"purchasable","15":"product-type-simple"},"jetpack_sharing_enabled":true,"_links":{"self":[{"href":"https:\/\/woka-store.pl\/en\/wp-json\/wp\/v2\/product\/7105","targetHints":{"allow":["GET"]}}],"collection":[{"href":"https:\/\/woka-store.pl\/en\/wp-json\/wp\/v2\/product"}],"about":[{"href":"https:\/\/woka-store.pl\/en\/wp-json\/wp\/v2\/types\/product"}],"version-history":[{"count":9,"href":"https:\/\/woka-store.pl\/en\/wp-json\/wp\/v2\/product\/7105\/revisions"}],"predecessor-version":[{"id":9502,"href":"https:\/\/woka-store.pl\/en\/wp-json\/wp\/v2\/product\/7105\/revisions\/9502"}],"wp:featuredmedia":[{"embeddable":true,"href":"https:\/\/woka-store.pl\/en\/wp-json\/wp\/v2\/media\/7106"}],"wp:attachment":[{"href":"https:\/\/woka-store.pl\/en\/wp-json\/wp\/v2\/media?parent=7105"}],"wp:term":[{"taxonomy":"product_brand","embeddable":true,"href":"https:\/\/woka-store.pl\/en\/wp-json\/wp\/v2\/product_brand?post=7105"},{"taxonomy":"product_cat","embeddable":true,"href":"https:\/\/woka-store.pl\/en\/wp-json\/wp\/v2\/product_cat?post=7105"},{"taxonomy":"product_tag","embeddable":true,"href":"https:\/\/woka-store.pl\/en\/wp-json\/wp\/v2\/product_tag?post=7105"}],"curies":[{"name":"wp","href":"https:\/\/api.w.org\/{rel}","templated":true}]}}