{"id":7134,"date":"2024-12-12T20:12:21","date_gmt":"2024-12-12T19:12:21","guid":{"rendered":"https:\/\/woka-store.pl\/?post_type=product&#038;p=7134"},"modified":"2026-01-24T12:26:05","modified_gmt":"2026-01-24T11:26:05","slug":"bransoletka-halo","status":"publish","type":"product","link":"https:\/\/woka-store.pl\/en\/product\/bransoletka-halo\/","title":{"rendered":"Bracelet HALO"},"content":{"rendered":"<p>\u2022 D\u0142ugo\u015b\u0107 17 cm + \u0142a\u0144cuszek przed\u0142u\u017cka 2 cm<br \/>\n\u2022 Freshwater cultured pearls, hematite, surgical steel<br \/>\n\u2022 Handmade by WOKA<\/p>\n<p>! The appearance of the pearls may differ from the photo, as we use baroque pearls and each one is unique<\/p>\n<p>&nbsp;<\/p>\n<p>A striking bracelet made of large baroque pearls, serving as a bold accent on the wrist. Its unique shapes and lustrous finish draw attention, highlighting elegance and style in any outfit.<\/p>\n<p>&nbsp;<\/p>\n<p>Do you need a different size?<br \/>\nContact us on Instagram <em><a href=\"https:\/\/www.instagram.com\/woka_jewellery\/\">woka_jewellery<\/a><\/em><\/p>","protected":false},"excerpt":{"rendered":"<p>\u2022 D\u0142ugo\u015b\u0107 17 cm + \u0142a\u0144cuszek przed\u0142u\u017cka 2 cm \u2022 Per\u0142y hodowlane s\u0142odkowodne, hematyt, stal chirurgiczna \u2022 R\u0119cznie wykonane przez WOKA ! Wygl\u0105d pere\u0142 mo\u017ce r\u00f3\u017cni\u0107 si\u0119 od zdj\u0119cia, poniewa\u017c [&hellip;]<\/p>\n","protected":false},"featured_media":7138,"template":"","meta":[],"product_brand":[],"product_cat":[146,153,205],"product_tag":[],"class_list":{"0":"post-7134","1":"product","2":"type-product","3":"status-publish","4":"has-post-thumbnail","6":"product_cat-bransoletki","7":"product_cat-perly","8":"product_cat-wszystkie-produkty","10":"first","11":"instock","12":"shipping-taxable","13":"purchasable","14":"product-type-simple"},"jetpack_sharing_enabled":true,"_links":{"self":[{"href":"https:\/\/woka-store.pl\/en\/wp-json\/wp\/v2\/product\/7134","targetHints":{"allow":["GET"]}}],"collection":[{"href":"https:\/\/woka-store.pl\/en\/wp-json\/wp\/v2\/product"}],"about":[{"href":"https:\/\/woka-store.pl\/en\/wp-json\/wp\/v2\/types\/product"}],"version-history":[{"count":5,"href":"https:\/\/woka-store.pl\/en\/wp-json\/wp\/v2\/product\/7134\/revisions"}],"predecessor-version":[{"id":9164,"href":"https:\/\/woka-store.pl\/en\/wp-json\/wp\/v2\/product\/7134\/revisions\/9164"}],"wp:featuredmedia":[{"embeddable":true,"href":"https:\/\/woka-store.pl\/en\/wp-json\/wp\/v2\/media\/7138"}],"wp:attachment":[{"href":"https:\/\/woka-store.pl\/en\/wp-json\/wp\/v2\/media?parent=7134"}],"wp:term":[{"taxonomy":"product_brand","embeddable":true,"href":"https:\/\/woka-store.pl\/en\/wp-json\/wp\/v2\/product_brand?post=7134"},{"taxonomy":"product_cat","embeddable":true,"href":"https:\/\/woka-store.pl\/en\/wp-json\/wp\/v2\/product_cat?post=7134"},{"taxonomy":"product_tag","embeddable":true,"href":"https:\/\/woka-store.pl\/en\/wp-json\/wp\/v2\/product_tag?post=7134"}],"curies":[{"name":"wp","href":"https:\/\/api.w.org\/{rel}","templated":true}]}}