{"id":7246,"date":"2025-06-02T19:56:04","date_gmt":"2025-06-02T18:56:04","guid":{"rendered":"https:\/\/woka-store.pl\/?post_type=product&#038;p=7246"},"modified":"2026-01-24T11:56:43","modified_gmt":"2026-01-24T10:56:43","slug":"naszyjnik-roz","status":"publish","type":"product","link":"https:\/\/woka-store.pl\/en\/product\/naszyjnik-roz\/","title":{"rendered":"Necklace ROSE"},"content":{"rendered":"<p>\u2022 Length 38 cm + extension chain 8 cm<br \/>\n\u2022 Rose quartz, hematite, surgical steel<br \/>\n\u2022 Handmade by WOKA<\/p>\n<p>&nbsp;<\/p>\n<p>A subtle necklace made of pink quartz, steel tubes, and coin-shaped hematite. The combination of the soft pink stones, cool steel shine, and geometric hematite shape creates jewelry that adds lightness and personality to any outfit.<\/p>\n<p>&nbsp;<\/p>\n<p>Do you need a different size?<br \/>\nContact us on Instagram <em><a href=\"https:\/\/www.instagram.com\/woka_jewellery\/\">woka_jewellery<\/a><\/em><\/p>","protected":false},"excerpt":{"rendered":"<p>\u2022 D\u0142ugo\u015b\u0107 38 cm + \u0142a\u0144cuszek przed\u0142u\u017ckowy 8 cm \u2022 R\u00f3\u017cowy kwarc, hematyt, stal chirurgiczna \u2022 R\u0119cznie wykonane przez WOKA &nbsp; Subtelny naszyjnik wykonany z r\u00f3\u017cowego kwarcu, stalowych tubek oraz [&hellip;]<\/p>\n","protected":false},"featured_media":7354,"template":"","meta":[],"product_brand":[],"product_cat":[161,145,199,205],"product_tag":[],"class_list":{"0":"post-7246","1":"product","2":"type-product","3":"status-publish","4":"has-post-thumbnail","6":"product_cat-kwarc-rozowy","7":"product_cat-naszyjniki","8":"product_cat-pastel","9":"product_cat-wszystkie-produkty","11":"first","12":"instock","13":"shipping-taxable","14":"purchasable","15":"product-type-simple"},"jetpack_sharing_enabled":true,"_links":{"self":[{"href":"https:\/\/woka-store.pl\/en\/wp-json\/wp\/v2\/product\/7246","targetHints":{"allow":["GET"]}}],"collection":[{"href":"https:\/\/woka-store.pl\/en\/wp-json\/wp\/v2\/product"}],"about":[{"href":"https:\/\/woka-store.pl\/en\/wp-json\/wp\/v2\/types\/product"}],"version-history":[{"count":4,"href":"https:\/\/woka-store.pl\/en\/wp-json\/wp\/v2\/product\/7246\/revisions"}],"predecessor-version":[{"id":9027,"href":"https:\/\/woka-store.pl\/en\/wp-json\/wp\/v2\/product\/7246\/revisions\/9027"}],"wp:featuredmedia":[{"embeddable":true,"href":"https:\/\/woka-store.pl\/en\/wp-json\/wp\/v2\/media\/7354"}],"wp:attachment":[{"href":"https:\/\/woka-store.pl\/en\/wp-json\/wp\/v2\/media?parent=7246"}],"wp:term":[{"taxonomy":"product_brand","embeddable":true,"href":"https:\/\/woka-store.pl\/en\/wp-json\/wp\/v2\/product_brand?post=7246"},{"taxonomy":"product_cat","embeddable":true,"href":"https:\/\/woka-store.pl\/en\/wp-json\/wp\/v2\/product_cat?post=7246"},{"taxonomy":"product_tag","embeddable":true,"href":"https:\/\/woka-store.pl\/en\/wp-json\/wp\/v2\/product_tag?post=7246"}],"curies":[{"name":"wp","href":"https:\/\/api.w.org\/{rel}","templated":true}]}}