{"id":7302,"date":"2024-11-20T20:40:37","date_gmt":"2024-11-20T19:40:37","guid":{"rendered":"https:\/\/woka-store.pl\/?post_type=product&#038;p=7302"},"modified":"2026-01-24T11:57:55","modified_gmt":"2026-01-24T10:57:55","slug":"naszyjnik-pastellea-2","status":"publish","type":"product","link":"https:\/\/woka-store.pl\/en\/product\/naszyjnik-pastellea-2\/","title":{"rendered":"Necklace PASTELLEA"},"content":{"rendered":"<p>\u2022 Length 69 cm + pendant 10 cm<br \/>\n\u2022 Rose quartz, jade, white quartz, hematite, surgical steel<br \/>\n\u2022 Handmade by WOKA<\/p>\n<p>&nbsp;<\/p>\n<p>A striking long necklace made of a combination of different stones in soft pastel shades. Colorful yet delicate, it pairs perfectly with tops and sweaters alike, adding a touch of style to everyday outfits.<\/p>\n<p>&nbsp;<\/p>\n<p>Do you need a different size?<br \/>\nContact us on Instagram <em><a href=\"https:\/\/www.instagram.com\/woka_jewellery\/\">woka_jewellery<\/a><\/em><\/p>","protected":false},"excerpt":{"rendered":"<p>\u2022 D\u0142ugo\u015b\u0107 69 cm + zawieszka 10 cm \u2022 R\u00f3\u017cowy kwarc, jadeit, kwarc bia\u0142y, hematyt, stal chirurgiczna \u2022 R\u0119cznie wykonane przez WOKA &nbsp; Wyrazisty, d\u0142ugi naszyjnik wykonany z kombinacji r\u00f3\u017cnych [&hellip;]<\/p>\n","protected":false},"featured_media":7263,"template":"","meta":[],"product_brand":[],"product_cat":[161,145,199,205],"product_tag":[202],"class_list":{"0":"post-7302","1":"product","2":"type-product","3":"status-publish","4":"has-post-thumbnail","6":"product_cat-kwarc-rozowy","7":"product_cat-naszyjniki","8":"product_cat-pastel","9":"product_cat-wszystkie-produkty","10":"product_tag-ostatnia-sztuka","12":"first","13":"instock","14":"shipping-taxable","15":"purchasable","16":"product-type-simple"},"jetpack_sharing_enabled":true,"_links":{"self":[{"href":"https:\/\/woka-store.pl\/en\/wp-json\/wp\/v2\/product\/7302","targetHints":{"allow":["GET"]}}],"collection":[{"href":"https:\/\/woka-store.pl\/en\/wp-json\/wp\/v2\/product"}],"about":[{"href":"https:\/\/woka-store.pl\/en\/wp-json\/wp\/v2\/types\/product"}],"version-history":[{"count":5,"href":"https:\/\/woka-store.pl\/en\/wp-json\/wp\/v2\/product\/7302\/revisions"}],"predecessor-version":[{"id":9056,"href":"https:\/\/woka-store.pl\/en\/wp-json\/wp\/v2\/product\/7302\/revisions\/9056"}],"wp:featuredmedia":[{"embeddable":true,"href":"https:\/\/woka-store.pl\/en\/wp-json\/wp\/v2\/media\/7263"}],"wp:attachment":[{"href":"https:\/\/woka-store.pl\/en\/wp-json\/wp\/v2\/media?parent=7302"}],"wp:term":[{"taxonomy":"product_brand","embeddable":true,"href":"https:\/\/woka-store.pl\/en\/wp-json\/wp\/v2\/product_brand?post=7302"},{"taxonomy":"product_cat","embeddable":true,"href":"https:\/\/woka-store.pl\/en\/wp-json\/wp\/v2\/product_cat?post=7302"},{"taxonomy":"product_tag","embeddable":true,"href":"https:\/\/woka-store.pl\/en\/wp-json\/wp\/v2\/product_tag?post=7302"}],"curies":[{"name":"wp","href":"https:\/\/api.w.org\/{rel}","templated":true}]}}