{"id":7424,"date":"2024-11-12T09:10:10","date_gmt":"2024-11-12T08:10:10","guid":{"rendered":"https:\/\/woka-store.pl\/?post_type=product&#038;p=7424"},"modified":"2026-03-16T11:09:41","modified_gmt":"2026-03-16T10:09:41","slug":"naszyjnik-sand-salt","status":"publish","type":"product","link":"https:\/\/woka-store.pl\/en\/product\/naszyjnik-sand-salt\/","title":{"rendered":"Necklace Sand &amp; Salt"},"content":{"rendered":"<p>\u2022 Length 45 cm + extension chain 8 cm<br \/>\n\u2022 Agate, amazonite, ceramic, hematite, surgical steel<br \/>\n\u2022 Handmade by WOKA<\/p>\n<p>! Due to the large size of the necklace, it will be packed in a branded fabric pouch<\/p>\n<p>&nbsp;<\/p>\n<p>A unique necklace made of large turquoise agate beads combined with ceramic shells. Its fresh, ocean-inspired color creates an eye-catching, distinctive piece, perfect for those seeking original and vibrant jewelry.<\/p>\n<p>&nbsp;<\/p>\n<p>Do you need a different size?<br \/>\nContact us on Instagram <em><a href=\"https:\/\/www.instagram.com\/woka_jewellery\/\">woka_jewellery<\/a><\/em><\/p>\n<p>&nbsp;<\/p>","protected":false},"excerpt":{"rendered":"<p>\u2022 D\u0142ugo\u015b\u0107 45 cm + \u0142a\u0144cuszek przed\u0142u\u017ckowy 8 cm \u2022 Agat, amazonit, ceramika, hematyt, stal chirurgiczna \u2022 R\u0119cznie wykonane przez WOKA ! Ze wzgl\u0119du na du\u017cy rozmiar naszyjnika, zostanie on [&hellip;]<\/p>\n","protected":false},"featured_media":7433,"template":"","meta":[],"product_brand":[],"product_cat":[145,200,205],"product_tag":[202],"class_list":{"0":"post-7424","1":"product","2":"type-product","3":"status-publish","4":"has-post-thumbnail","6":"product_cat-naszyjniki","7":"product_cat-sand-salt","8":"product_cat-wszystkie-produkty","9":"product_tag-ostatnia-sztuka","11":"first","12":"instock","13":"shipping-taxable","14":"purchasable","15":"product-type-simple"},"jetpack_sharing_enabled":true,"_links":{"self":[{"href":"https:\/\/woka-store.pl\/en\/wp-json\/wp\/v2\/product\/7424","targetHints":{"allow":["GET"]}}],"collection":[{"href":"https:\/\/woka-store.pl\/en\/wp-json\/wp\/v2\/product"}],"about":[{"href":"https:\/\/woka-store.pl\/en\/wp-json\/wp\/v2\/types\/product"}],"version-history":[{"count":6,"href":"https:\/\/woka-store.pl\/en\/wp-json\/wp\/v2\/product\/7424\/revisions"}],"predecessor-version":[{"id":9059,"href":"https:\/\/woka-store.pl\/en\/wp-json\/wp\/v2\/product\/7424\/revisions\/9059"}],"wp:featuredmedia":[{"embeddable":true,"href":"https:\/\/woka-store.pl\/en\/wp-json\/wp\/v2\/media\/7433"}],"wp:attachment":[{"href":"https:\/\/woka-store.pl\/en\/wp-json\/wp\/v2\/media?parent=7424"}],"wp:term":[{"taxonomy":"product_brand","embeddable":true,"href":"https:\/\/woka-store.pl\/en\/wp-json\/wp\/v2\/product_brand?post=7424"},{"taxonomy":"product_cat","embeddable":true,"href":"https:\/\/woka-store.pl\/en\/wp-json\/wp\/v2\/product_cat?post=7424"},{"taxonomy":"product_tag","embeddable":true,"href":"https:\/\/woka-store.pl\/en\/wp-json\/wp\/v2\/product_tag?post=7424"}],"curies":[{"name":"wp","href":"https:\/\/api.w.org\/{rel}","templated":true}]}}