{"id":7470,"date":"2024-11-12T09:15:13","date_gmt":"2024-11-12T08:15:13","guid":{"rendered":"https:\/\/woka-store.pl\/?post_type=product&#038;p=7470"},"modified":"2026-03-13T11:43:39","modified_gmt":"2026-03-13T10:43:39","slug":"naszyjnik-sand-salt-2","status":"publish","type":"product","link":"https:\/\/woka-store.pl\/en\/product\/naszyjnik-sand-salt-2\/","title":{"rendered":"Naszyjnik Sand &amp; Salt"},"content":{"rendered":"<p>\u2022 Length 51 cm + extension chain 8 cm<br \/>\n\u2022 Surgical steel, freshwater cultured pearls<br \/>\n\u2022 Handmade by WOKA<\/p>\n<p>! The appearance of the pearls may differ from the photo, as we use baroque pearls and each one is unique<\/p>\n<p>&nbsp;<\/p>\n<p>A unique chain necklace inspired by nautical motifs, featuring a starfish and anchor design along with natural pearls. The jewelry looks great worn alone or paired with other pieces from the same collection, creating a cohesive set.<\/p>\n<p>&nbsp;<\/p>\n<p>Do you need a different size?<br \/>\nContact us on Instagram <em><a href=\"https:\/\/www.instagram.com\/woka_jewellery\/\">woka_jewellery<\/a><\/em><\/p>\n<p>&nbsp;<\/p>","protected":false},"excerpt":{"rendered":"<p>\u2022 D\u0142ugo\u015b\u0107 51 cm + \u0142a\u0144cuszek przed\u0142u\u017ckowy 8 cm \u2022 Stal chirurgiczna, per\u0142y hodowlane s\u0142odkowodne \u2022 R\u0119cznie wykonane przez WOKA ! Wygl\u0105d pere\u0142 mo\u017ce r\u00f3\u017cni\u0107 si\u0119 od zdj\u0119cia, poniewa\u017c u\u017cywamy [&hellip;]<\/p>\n","protected":false},"featured_media":7448,"template":"","meta":[],"product_brand":[],"product_cat":[145,153,200,155,205],"product_tag":[],"class_list":{"0":"post-7470","1":"product","2":"type-product","3":"status-publish","4":"has-post-thumbnail","6":"product_cat-naszyjniki","7":"product_cat-perly","8":"product_cat-sand-salt","9":"product_cat-stal-chirurgiczna","10":"product_cat-wszystkie-produkty","12":"first","13":"instock","14":"shipping-taxable","15":"purchasable","16":"product-type-simple"},"jetpack_sharing_enabled":true,"_links":{"self":[{"href":"https:\/\/woka-store.pl\/en\/wp-json\/wp\/v2\/product\/7470","targetHints":{"allow":["GET"]}}],"collection":[{"href":"https:\/\/woka-store.pl\/en\/wp-json\/wp\/v2\/product"}],"about":[{"href":"https:\/\/woka-store.pl\/en\/wp-json\/wp\/v2\/types\/product"}],"version-history":[{"count":10,"href":"https:\/\/woka-store.pl\/en\/wp-json\/wp\/v2\/product\/7470\/revisions"}],"predecessor-version":[{"id":9488,"href":"https:\/\/woka-store.pl\/en\/wp-json\/wp\/v2\/product\/7470\/revisions\/9488"}],"wp:featuredmedia":[{"embeddable":true,"href":"https:\/\/woka-store.pl\/en\/wp-json\/wp\/v2\/media\/7448"}],"wp:attachment":[{"href":"https:\/\/woka-store.pl\/en\/wp-json\/wp\/v2\/media?parent=7470"}],"wp:term":[{"taxonomy":"product_brand","embeddable":true,"href":"https:\/\/woka-store.pl\/en\/wp-json\/wp\/v2\/product_brand?post=7470"},{"taxonomy":"product_cat","embeddable":true,"href":"https:\/\/woka-store.pl\/en\/wp-json\/wp\/v2\/product_cat?post=7470"},{"taxonomy":"product_tag","embeddable":true,"href":"https:\/\/woka-store.pl\/en\/wp-json\/wp\/v2\/product_tag?post=7470"}],"curies":[{"name":"wp","href":"https:\/\/api.w.org\/{rel}","templated":true}]}}