{"id":7476,"date":"2024-11-12T09:20:34","date_gmt":"2024-11-12T08:20:34","guid":{"rendered":"https:\/\/woka-store.pl\/?post_type=product&#038;p=7476"},"modified":"2026-01-15T11:43:59","modified_gmt":"2026-01-15T10:43:59","slug":"naszyjnik-sand-salt-3","status":"publish","type":"product","link":"https:\/\/woka-store.pl\/en\/product\/naszyjnik-sand-salt-3\/","title":{"rendered":"Necklace Sand &amp; Salt"},"content":{"rendered":"<p>\u2022 Length 45 cm + extension chain 8 cm<br \/>\n\u2022 Agate, ceramic, hematite, surgical steel<br \/>\n\u2022 Handmade by WOKA<\/p>\n<p>! Due to the large size of the necklace, it will be packed in a branded fabric pouch<\/p>\n<p>&nbsp;<\/p>\n<p>A unique necklace made of large orange agate beads combined with ceramic shells. Its sunny colors and seaside inspiration create an eye-catching, distinctive piece, perfect for those seeking original and vibrant jewelry.<\/p>\n<p>&nbsp;<\/p>\n<p>Do you need a different size?<br \/>\nContact us on Instagram <em><a href=\"https:\/\/www.instagram.com\/woka_jewellery\/\">woka_jewellery<\/a><\/em><\/p>","protected":false},"excerpt":{"rendered":"<p>\u2022 D\u0142ugo\u015b\u0107 45 cm + \u0142a\u0144cuszek przed\u0142u\u017ckowy 8 cm \u2022 Agat, ceramika, hematyt, stal chirurgiczna \u2022 R\u0119cznie wykonane przez WOKA ! Ze wzgl\u0119du na du\u017cy rozmiar naszyjnika, zostanie on zapakowany [&hellip;]<\/p>\n","protected":false},"featured_media":7430,"template":"","meta":[],"product_brand":[],"product_cat":[145,200,205],"product_tag":[],"class_list":{"0":"post-7476","1":"product","2":"type-product","3":"status-publish","4":"has-post-thumbnail","6":"product_cat-naszyjniki","7":"product_cat-sand-salt","8":"product_cat-wszystkie-produkty","10":"first","11":"instock","12":"shipping-taxable","13":"purchasable","14":"product-type-simple"},"jetpack_sharing_enabled":true,"_links":{"self":[{"href":"https:\/\/woka-store.pl\/en\/wp-json\/wp\/v2\/product\/7476","targetHints":{"allow":["GET"]}}],"collection":[{"href":"https:\/\/woka-store.pl\/en\/wp-json\/wp\/v2\/product"}],"about":[{"href":"https:\/\/woka-store.pl\/en\/wp-json\/wp\/v2\/types\/product"}],"version-history":[{"count":5,"href":"https:\/\/woka-store.pl\/en\/wp-json\/wp\/v2\/product\/7476\/revisions"}],"predecessor-version":[{"id":9057,"href":"https:\/\/woka-store.pl\/en\/wp-json\/wp\/v2\/product\/7476\/revisions\/9057"}],"wp:featuredmedia":[{"embeddable":true,"href":"https:\/\/woka-store.pl\/en\/wp-json\/wp\/v2\/media\/7430"}],"wp:attachment":[{"href":"https:\/\/woka-store.pl\/en\/wp-json\/wp\/v2\/media?parent=7476"}],"wp:term":[{"taxonomy":"product_brand","embeddable":true,"href":"https:\/\/woka-store.pl\/en\/wp-json\/wp\/v2\/product_brand?post=7476"},{"taxonomy":"product_cat","embeddable":true,"href":"https:\/\/woka-store.pl\/en\/wp-json\/wp\/v2\/product_cat?post=7476"},{"taxonomy":"product_tag","embeddable":true,"href":"https:\/\/woka-store.pl\/en\/wp-json\/wp\/v2\/product_tag?post=7476"}],"curies":[{"name":"wp","href":"https:\/\/api.w.org\/{rel}","templated":true}]}}