{"id":7478,"date":"2024-11-12T09:25:08","date_gmt":"2024-11-12T08:25:08","guid":{"rendered":"https:\/\/woka-store.pl\/?post_type=product&#038;p=7478"},"modified":"2026-03-08T12:37:30","modified_gmt":"2026-03-08T11:37:30","slug":"naszyjnik-sand-salt-4","status":"publish","type":"product","link":"https:\/\/woka-store.pl\/en\/product\/naszyjnik-sand-salt-4\/","title":{"rendered":"Necklace Sand &amp; Salt"},"content":{"rendered":"<p>\u2022 Length 66 cm + extension chain 8 cm<br \/>\n\u2022 Surgical steel, natural shell, hematite<br \/>\n\u2022 Handmade by WOKA<\/p>\n<p>! Due to the large size of the necklace, it will be packed in a branded fabric pouch<\/p>\n<p>&nbsp;<\/p>\n<p>A striking necklace made of a large chain, adorned with massive, pearly pieces of sea shells. Each element radiates natural shine and evokes the feeling of the seaside, inspired by the ocean breeze. This jewelry piece brings a coastal mood and adds a distinctive touch to any outfit.<\/p>\n<p>&nbsp;<\/p>\n<p>Do you need a different size?<br \/>\nContact us on Instagram <em><a href=\"https:\/\/www.instagram.com\/woka_jewellery\/\">woka_jewellery<\/a><\/em><\/p>","protected":false},"excerpt":{"rendered":"<p>\u2022 D\u0142ugo\u015b\u0107 66 cm + \u0142a\u0144cuszek przed\u0142u\u017ckowy 8 cm \u2022 Stal chirurgiczna, naturalna muszla, hematyt \u2022 R\u0119cznie wykonane przez WOKA ! Ze wzgl\u0119du na du\u017cy rozmiar naszyjnika, zostanie on zapakowany [&hellip;]<\/p>\n","protected":false},"featured_media":7443,"template":"","meta":[],"product_brand":[],"product_cat":[145,200,155,205],"product_tag":[],"class_list":{"0":"post-7478","1":"product","2":"type-product","3":"status-publish","4":"has-post-thumbnail","6":"product_cat-naszyjniki","7":"product_cat-sand-salt","8":"product_cat-stal-chirurgiczna","9":"product_cat-wszystkie-produkty","11":"first","12":"instock","13":"shipping-taxable","14":"purchasable","15":"product-type-simple"},"jetpack_sharing_enabled":true,"_links":{"self":[{"href":"https:\/\/woka-store.pl\/en\/wp-json\/wp\/v2\/product\/7478","targetHints":{"allow":["GET"]}}],"collection":[{"href":"https:\/\/woka-store.pl\/en\/wp-json\/wp\/v2\/product"}],"about":[{"href":"https:\/\/woka-store.pl\/en\/wp-json\/wp\/v2\/types\/product"}],"version-history":[{"count":4,"href":"https:\/\/woka-store.pl\/en\/wp-json\/wp\/v2\/product\/7478\/revisions"}],"predecessor-version":[{"id":9055,"href":"https:\/\/woka-store.pl\/en\/wp-json\/wp\/v2\/product\/7478\/revisions\/9055"}],"wp:featuredmedia":[{"embeddable":true,"href":"https:\/\/woka-store.pl\/en\/wp-json\/wp\/v2\/media\/7443"}],"wp:attachment":[{"href":"https:\/\/woka-store.pl\/en\/wp-json\/wp\/v2\/media?parent=7478"}],"wp:term":[{"taxonomy":"product_brand","embeddable":true,"href":"https:\/\/woka-store.pl\/en\/wp-json\/wp\/v2\/product_brand?post=7478"},{"taxonomy":"product_cat","embeddable":true,"href":"https:\/\/woka-store.pl\/en\/wp-json\/wp\/v2\/product_cat?post=7478"},{"taxonomy":"product_tag","embeddable":true,"href":"https:\/\/woka-store.pl\/en\/wp-json\/wp\/v2\/product_tag?post=7478"}],"curies":[{"name":"wp","href":"https:\/\/api.w.org\/{rel}","templated":true}]}}