{"id":7714,"date":"2025-08-04T09:14:20","date_gmt":"2025-08-04T08:14:20","guid":{"rendered":"https:\/\/woka-store.pl\/?post_type=product&#038;p=7714"},"modified":"2026-01-15T11:37:03","modified_gmt":"2026-01-15T10:37:03","slug":"naszyjnik-hoop","status":"publish","type":"product","link":"https:\/\/woka-store.pl\/en\/product\/naszyjnik-hoop\/","title":{"rendered":"Necklace HOOP"},"content":{"rendered":"<p>\u2022 Length: 77 cm + 5 cm pendant + 8 cm extension chain<br \/>\n\u2022 Surgical steel<br \/>\n\u2022 Detachable and interchangeable pendant \u2014 the ring opens<br \/>\n\u2022 Handmade by WOKA<\/p>\n<p>&nbsp;<\/p>\n<p>A modern, long necklace on a chain, featuring a large steel ring as a pendant. The geometric form and raw metallic shine give the jewelry a minimalist yet striking character. The removable pendant allows for adding or changing elements, making the necklace versatile and easy to style with different outfits.<\/p>\n<p>&nbsp;<\/p>\n<p>Do you need a different size?<br \/>\nContact us on Instagram <em><a href=\"https:\/\/www.instagram.com\/woka_jewellery\/\">woka_jewellery<\/a><\/em><\/p>","protected":false},"excerpt":{"rendered":"<p>\u2022 D\u0142ugo\u015b\u0107 77 cm + zawieszka 5 cm + \u0142a\u0144cuszek przed\u0142u\u017ckowy 8 cm \u2022 Stal chirurgiczna \u2022 Mo\u017cliwo\u015b\u0107 odpi\u0119cia, wymiany zawieszki \u2014 pier\u015bcie\u0144 si\u0119 otwiera \u2022 R\u0119cznie wykonane przez WOKA [&hellip;]<\/p>\n","protected":false},"featured_media":7715,"template":"","meta":[],"product_brand":[],"product_cat":[145,155,205],"product_tag":[],"class_list":{"0":"post-7714","1":"product","2":"type-product","3":"status-publish","4":"has-post-thumbnail","6":"product_cat-naszyjniki","7":"product_cat-stal-chirurgiczna","8":"product_cat-wszystkie-produkty","10":"first","11":"instock","12":"shipping-taxable","13":"purchasable","14":"product-type-simple"},"jetpack_sharing_enabled":true,"_links":{"self":[{"href":"https:\/\/woka-store.pl\/en\/wp-json\/wp\/v2\/product\/7714","targetHints":{"allow":["GET"]}}],"collection":[{"href":"https:\/\/woka-store.pl\/en\/wp-json\/wp\/v2\/product"}],"about":[{"href":"https:\/\/woka-store.pl\/en\/wp-json\/wp\/v2\/types\/product"}],"version-history":[{"count":4,"href":"https:\/\/woka-store.pl\/en\/wp-json\/wp\/v2\/product\/7714\/revisions"}],"predecessor-version":[{"id":9022,"href":"https:\/\/woka-store.pl\/en\/wp-json\/wp\/v2\/product\/7714\/revisions\/9022"}],"wp:featuredmedia":[{"embeddable":true,"href":"https:\/\/woka-store.pl\/en\/wp-json\/wp\/v2\/media\/7715"}],"wp:attachment":[{"href":"https:\/\/woka-store.pl\/en\/wp-json\/wp\/v2\/media?parent=7714"}],"wp:term":[{"taxonomy":"product_brand","embeddable":true,"href":"https:\/\/woka-store.pl\/en\/wp-json\/wp\/v2\/product_brand?post=7714"},{"taxonomy":"product_cat","embeddable":true,"href":"https:\/\/woka-store.pl\/en\/wp-json\/wp\/v2\/product_cat?post=7714"},{"taxonomy":"product_tag","embeddable":true,"href":"https:\/\/woka-store.pl\/en\/wp-json\/wp\/v2\/product_tag?post=7714"}],"curies":[{"name":"wp","href":"https:\/\/api.w.org\/{rel}","templated":true}]}}