{"id":7722,"date":"2025-08-04T09:39:38","date_gmt":"2025-08-04T08:39:38","guid":{"rendered":"https:\/\/woka-store.pl\/?post_type=product&#038;p=7722"},"modified":"2026-03-06T20:20:26","modified_gmt":"2026-03-06T19:20:26","slug":"naszyjnik-amor","status":"publish","type":"product","link":"https:\/\/woka-store.pl\/en\/product\/naszyjnik-amor\/","title":{"rendered":"Necklace AMOR"},"content":{"rendered":"<p>\u2022 Length 49 cm + 8 cm extension chain<br \/>\n\u2022 Surgical steel, small pendant with a glass bead set in steel<br \/>\n\u2022 Handmade by WOKA<\/p>\n<p>&nbsp;<\/p>\n<p>A delicate chain necklace featuring a steel heart and a small sparkling stone. Its subtle design makes it a perfect complement to a main piece of jewelry, adding lightness and a touch of shimmer.<\/p>\n<p>&nbsp;<\/p>\n<p>Do you need a different size?<br \/>\nContact us on Instagram <em><a href=\"https:\/\/www.instagram.com\/woka_jewellery\/\">woka_jewellery<\/a><\/em><\/p>","protected":false},"excerpt":{"rendered":"<p>\u2022 D\u0142ugo\u015b\u0107 49 cm + \u0142a\u0144cuszek przed\u0142u\u017ckowy 8 cm \u2022 Stal chirurgiczna, ma\u0142a zawieszka ze szklanym oczkiem w oprawie ze stali \u2022 R\u0119cznie wykonane przez WOKA &nbsp; Delikatny naszyjnik na [&hellip;]<\/p>\n","protected":false},"featured_media":7723,"template":"","meta":[],"product_brand":[],"product_cat":[145,155,205],"product_tag":[],"class_list":{"0":"post-7722","1":"product","2":"type-product","3":"status-publish","4":"has-post-thumbnail","6":"product_cat-naszyjniki","7":"product_cat-stal-chirurgiczna","8":"product_cat-wszystkie-produkty","10":"first","11":"instock","12":"shipping-taxable","13":"purchasable","14":"product-type-simple"},"jetpack_sharing_enabled":true,"_links":{"self":[{"href":"https:\/\/woka-store.pl\/en\/wp-json\/wp\/v2\/product\/7722","targetHints":{"allow":["GET"]}}],"collection":[{"href":"https:\/\/woka-store.pl\/en\/wp-json\/wp\/v2\/product"}],"about":[{"href":"https:\/\/woka-store.pl\/en\/wp-json\/wp\/v2\/types\/product"}],"version-history":[{"count":5,"href":"https:\/\/woka-store.pl\/en\/wp-json\/wp\/v2\/product\/7722\/revisions"}],"predecessor-version":[{"id":9017,"href":"https:\/\/woka-store.pl\/en\/wp-json\/wp\/v2\/product\/7722\/revisions\/9017"}],"wp:featuredmedia":[{"embeddable":true,"href":"https:\/\/woka-store.pl\/en\/wp-json\/wp\/v2\/media\/7723"}],"wp:attachment":[{"href":"https:\/\/woka-store.pl\/en\/wp-json\/wp\/v2\/media?parent=7722"}],"wp:term":[{"taxonomy":"product_brand","embeddable":true,"href":"https:\/\/woka-store.pl\/en\/wp-json\/wp\/v2\/product_brand?post=7722"},{"taxonomy":"product_cat","embeddable":true,"href":"https:\/\/woka-store.pl\/en\/wp-json\/wp\/v2\/product_cat?post=7722"},{"taxonomy":"product_tag","embeddable":true,"href":"https:\/\/woka-store.pl\/en\/wp-json\/wp\/v2\/product_tag?post=7722"}],"curies":[{"name":"wp","href":"https:\/\/api.w.org\/{rel}","templated":true}]}}